{"id":17314,"date":"2022-05-30T12:03:54","date_gmt":"2022-05-30T10:03:54","guid":{"rendered":"https:\/\/www.raschvin.com\/vare\/compan%cc%83ero-ron-elixir-orange-70-cl\/"},"modified":"2023-03-09T07:56:21","modified_gmt":"2023-03-09T06:56:21","slug":"companero-ron-elixir-orange-70-cl","status":"publish","type":"product","link":"https:\/\/www.raschvin.com\/sv\/produkt\/companero-ron-elixir-orange-70-cl\/","title":{"rendered":"Compa\u00f1ero \u2013 Elixir Orange 70 cl. 40%"},"content":{"rendered":"<p>Elixir Orange \u00e4r den perfekta blandningen av klassisk Trinidad och tropisk smak av moderna appeller och friska kokosn\u00f6dder. Smagen har en glatt och s\u00f6t finish, som i fantasien tar dig till sandstrande p\u00e5 den karibiska kyst.<\/p>\n<p>Compa\u00f1ero \u00e4r det spanska ord f\u00f6r ledsager, och det definierar denna serie av produkter fr\u00e5n 1423, vars smak, komplexitet och finish \u00e4r ultimativ nyckelord. En mycket h\u00e4rlig romlik\u00f8r, perfekt till dem, d\u00e4r kan man lida s\u00f6ta desserter.<br \/>\nDuft: En s\u00f8d og rund duft med et strejf af appelsin og kokos.<br \/>\nSmag: Den \u00e4r glatt och fyllig med delikata s\u00f6ta aromaer av appelsin och kokos.<br \/>\nTillsammans med Compa\u00f1ero Ron Gran Reserva bildade Compa\u00f1ero Ron Elixir Orange b\u00f6rjan p\u00e5 Compa\u00f1ero-serien, som nu \u00e4ven omfattar Compa\u00f1ero Panama Extra A\u00f1ejo. Compa\u00f1ero Ron Elixir Orange f\u00e5r ocks\u00e5 i en 0,05L-flaska.<\/p>\n<p>Companjero<\/p>\n","protected":false},"excerpt":{"rendered":"<p>Jamaica Flavored Rum Liqueur<\/p>\n","protected":false},"featured_media":105578,"template":"","meta":{"_acf_changed":false,"rs_blank_template":"","rs_page_bg_color":"","slide_template_v7":""},"product_brand":[],"product_cat":[2387,4634,2391,4639],"product_tag":[],"class_list":{"0":"post-17314","1":"product","2":"type-product","3":"status-publish","4":"has-post-thumbnail","6":"product_cat-avec-sv","7":"product_cat-premium-aged-sv","8":"product_cat-rom-sv","9":"product_cat-romliqueur-sv","10":"pa_land-jamaica-sv","11":"pa_procent-40-sv-2","12":"pa_producent-1423-sv","13":"pa_volume-70-sv-2","15":"first","16":"instock","17":"sale","18":"taxable","19":"shipping-taxable","20":"purchasable","21":"product-type-simple"},"bundled_by":[],"bundle_stock_status":"instock","bundle_stock_quantity":null,"bundle_virtual":false,"bundle_layout":"","bundle_add_to_cart_form_location":"","bundle_editable_in_cart":false,"bundle_sold_individually_context":"","bundle_item_grouping":"","bundle_min_size":"","bundle_max_size":"","bundle_price":[],"bundled_items":[],"bundle_sell_ids":[],"acf":[],"_links":{"self":[{"href":"https:\/\/www.raschvin.com\/sv\/wp-json\/wp\/v2\/product\/17314","targetHints":{"allow":["GET"]}}],"collection":[{"href":"https:\/\/www.raschvin.com\/sv\/wp-json\/wp\/v2\/product"}],"about":[{"href":"https:\/\/www.raschvin.com\/sv\/wp-json\/wp\/v2\/types\/product"}],"wp:featuredmedia":[{"embeddable":true,"href":"https:\/\/www.raschvin.com\/sv\/wp-json\/wp\/v2\/media\/105578"}],"wp:attachment":[{"href":"https:\/\/www.raschvin.com\/sv\/wp-json\/wp\/v2\/media?parent=17314"}],"wp:term":[{"taxonomy":"product_brand","embeddable":true,"href":"https:\/\/www.raschvin.com\/sv\/wp-json\/wp\/v2\/product_brand?post=17314"},{"taxonomy":"product_cat","embeddable":true,"href":"https:\/\/www.raschvin.com\/sv\/wp-json\/wp\/v2\/product_cat?post=17314"},{"taxonomy":"product_tag","embeddable":true,"href":"https:\/\/www.raschvin.com\/sv\/wp-json\/wp\/v2\/product_tag?post=17314"}],"curies":[{"name":"wp","href":"https:\/\/api.w.org\/{rel}","templated":true}]}}