{"id":17313,"date":"2022-05-30T12:02:36","date_gmt":"2022-05-30T10:02:36","guid":{"rendered":"https:\/\/www.raschvin.com\/vare\/teeling-whiskey-30-years-vintage-reserve-2021\/"},"modified":"2022-12-08T13:37:56","modified_gmt":"2022-12-08T12:37:56","slug":"teeling-whiskey-30-years-vintage-reserve-2021","status":"publish","type":"product","link":"https:\/\/www.raschvin.com\/sv\/produkt\/teeling-whiskey-30-years-vintage-reserve-2021\/","title":{"rendered":"Teeling Whiskey &#8211; 30 Years Vintage Reserve 2021 70 cl. 46%"},"content":{"rendered":"<p>Otrolig 30 \u00e5r gammal irl\u00e4ndsk single malt whisky fr\u00e5n det fantastiska Teeling-teamet! Destillerat 1991 l\u00e4mnades detta fantastiska uttryck ursprungligen f\u00f6r att \u00e5ldras p\u00e5 bourbonfat. Efter m\u00e5nga m\u00e5nar mognades whiskyn sedan p\u00e5 Sauternes-fat, vilket gav spriten en h\u00e4rlig dos av l\u00e4tt, fruktig s\u00f6tma. En release p\u00e5 4 000 flaskor.<\/p>\n<p>N\u00e4sa: En lyxig kombination av f\u00e4rsk frukttr\u00e4dg\u00e5rd, rostade n\u00f6tter och choklad.<\/p>\n<p>Smak: Sammetslen med riktigt djup av persika och aprikos, inslag av citrusfrukt \u00e4r sammanv\u00e4vda med en l\u00e4tt touch av r\u00f6k och \u00f6rtartade tr\u00e4toner.<\/p>\n<p>Avslutning: L\u00e5nga, kvardr\u00f6jande frukttoner med en karakteristisk blandning av kryddig ek och r\u00f6kt havssalt.<\/p>\n<p>Familjen Teeling har tillverkat irl\u00e4ndsk whisky sedan 1782, d\u00e5 Walter Teeling \u00f6ppnade sitt whiskydestilleri p\u00e5 Marrowbone Lane i Dublin. Dublin har traditionellt sett varit hj\u00e4rtat i Irlands whiskyproduktion. Historien om Irlands whiskyproduktion \u00e4r otroligt sp\u00e4nnande och dramatisk och \u00e4r till stor del kopplad till landets relation till England, p\u00e5 gott och ont. Hela 37 destillerier hade r\u00f6k i sina skorstenar i b\u00f6rjan av 1900-talet, men ett efter ett st\u00e4ngde destillerierna och sedan 1976 har ingen whisky destillerats i Dublin \u2013 f\u00f6rr\u00e4n nu! Teeling Whisky Distillery \u00e4r det f\u00f6rsta ny\u00f6ppnade destilleriet i Dublin p\u00e5 \u00f6ver 125 \u00e5r och familjen Teeling ser det som sitt uppdrag att f\u00f6ra tillbaka konsten att destillera till hj\u00e4rtat av Dublin!<\/p>\n<p>Den smakrika whiskyn kommer fr\u00e5n 3 gl\u00e4nsande pot stills, som \u00e4r uppkallade efter Jack Teelings 3 d\u00f6ttrar. 25 % av produktionen \u00e4r till\u00e4gnad whisky av experimentell karakt\u00e4r, vilket g\u00f6r Teeling till ett av de mest sp\u00e4nnande destillerierna att h\u00e5lla ett \u00f6ga p\u00e5 i framtiden.<\/p>\n","protected":false},"excerpt":{"rendered":"<p>Single Malt Irish Whiskey<\/p>\n","protected":false},"featured_media":29544,"template":"","meta":{"_acf_changed":false,"rs_blank_template":"","rs_page_bg_color":"","slide_template_v7":""},"product_brand":[],"product_cat":[2387,2392,4651,4768],"product_tag":[],"class_list":{"0":"post-17313","1":"product","2":"type-product","3":"status-publish","4":"has-post-thumbnail","6":"product_cat-avec-sv","7":"product_cat-whisky-sv","8":"product_cat-single-malt-sv","9":"product_cat-irish-whiskey","10":"pa_land-irland-sv","11":"pa_procent-46-sv","12":"pa_producent-teeling-sv","13":"pa_region-dublin-sv","14":"pa_traefad-bourbon-sv","15":"pa_traefad-sauternes-sv","16":"pa_vintage-2021-sv","17":"pa_volume-70-sv-2","19":"first","20":"instock","21":"taxable","22":"shipping-taxable","23":"purchasable","24":"product-type-simple"},"bundled_by":[],"bundle_stock_status":"instock","bundle_stock_quantity":null,"bundle_virtual":false,"bundle_layout":"","bundle_add_to_cart_form_location":"","bundle_editable_in_cart":false,"bundle_sold_individually_context":"","bundle_item_grouping":"","bundle_min_size":"","bundle_max_size":"","bundle_price":[],"bundled_items":[],"bundle_sell_ids":[],"acf":[],"_links":{"self":[{"href":"https:\/\/www.raschvin.com\/sv\/wp-json\/wp\/v2\/product\/17313","targetHints":{"allow":["GET"]}}],"collection":[{"href":"https:\/\/www.raschvin.com\/sv\/wp-json\/wp\/v2\/product"}],"about":[{"href":"https:\/\/www.raschvin.com\/sv\/wp-json\/wp\/v2\/types\/product"}],"wp:featuredmedia":[{"embeddable":true,"href":"https:\/\/www.raschvin.com\/sv\/wp-json\/wp\/v2\/media\/29544"}],"wp:attachment":[{"href":"https:\/\/www.raschvin.com\/sv\/wp-json\/wp\/v2\/media?parent=17313"}],"wp:term":[{"taxonomy":"product_brand","embeddable":true,"href":"https:\/\/www.raschvin.com\/sv\/wp-json\/wp\/v2\/product_brand?post=17313"},{"taxonomy":"product_cat","embeddable":true,"href":"https:\/\/www.raschvin.com\/sv\/wp-json\/wp\/v2\/product_cat?post=17313"},{"taxonomy":"product_tag","embeddable":true,"href":"https:\/\/www.raschvin.com\/sv\/wp-json\/wp\/v2\/product_tag?post=17313"}],"curies":[{"name":"wp","href":"https:\/\/api.w.org\/{rel}","templated":true}]}}