{"id":17308,"date":"2022-05-30T12:02:36","date_gmt":"2022-05-30T10:02:36","guid":{"rendered":"https:\/\/www.raschvin.com\/vare\/glenlivet-1990-544-c-c\/"},"modified":"2022-11-18T09:33:22","modified_gmt":"2022-11-18T08:33:22","slug":"glenlivet-1990-544-c-c","status":"publish","type":"product","link":"https:\/\/www.raschvin.com\/sv\/produkt\/glenlivet-1990-544-c-c\/","title":{"rendered":"Glenlivet 30 Years Connoisseurs Choice 1990 G&#038;M 70 cl. 54,4%"},"content":{"rendered":"<p>Denna 30-\u00e5riga Glenlivet, destillerad 1990, lagrades p\u00e5 bourbonfat innan den buteljerades med sin naturliga styrka i Connoisseur Choice Upper-serien. Denna singelmalt blandar behagligt gourmettoner (p\u00e4ron, gr\u00f6nt \u00e4pple, mango) och kryddiga (svartpeppar, ingef\u00e4ra). Av alla befintliga handelsomr\u00e5den \u00e4r f\u00f6rmodligen Connoisseur Choice det \u00e4ldsta. Denna serie, som har recenserats och \u00e4ndrats flera g\u00e5nger sedan den skapades, vet hur man bevarar all sin kvalitet och sin essens. Connoisseurs Choice singelmalt inbjuder finsmakaren att uppt\u00e4cka de unika uttrycken hos Skottlands finaste destillerier genom olika kvaliteter, l\u00f6ptider, \u00e5rtal och profiler.<\/p>\n<p>Denna cask strength whisky buteljerades av Gordon &#038; MacPhail som en del av Connoisseur&#8217;s Choice-sortimentet. Mycket vanilj och frukttr\u00e4dg\u00e5rd p\u00e5 n\u00e4san och en smak full av krossad svartpeppar och litchi.<\/p>\n","protected":false},"excerpt":{"rendered":"<p>Limited Single Malt Scotch Whisky<\/p>\n","protected":false},"featured_media":13435,"template":"","meta":{"_acf_changed":false,"rs_blank_template":"","rs_page_bg_color":"","slide_template_v7":""},"product_brand":[],"product_cat":[2387,4651,2392],"product_tag":[],"class_list":{"0":"post-17308","1":"product","2":"type-product","3":"status-publish","4":"has-post-thumbnail","6":"product_cat-avec-sv","7":"product_cat-single-malt-sv","8":"product_cat-whisky-sv","9":"pa_champagne-type-single-cask-sv","10":"pa_land-skottland","11":"pa_procent-54-4-sv","12":"pa_producent-glenlivet-sv","13":"pa_region-speyside-sv","14":"pa_traefad-bourbon-sv","15":"pa_vintage-1990-sv","16":"pa_volume-70-sv-2","18":"first","19":"instock","20":"taxable","21":"shipping-taxable","22":"purchasable","23":"product-type-simple"},"bundled_by":[],"bundle_stock_status":"instock","bundle_stock_quantity":null,"bundle_virtual":false,"bundle_layout":"","bundle_add_to_cart_form_location":"","bundle_editable_in_cart":false,"bundle_sold_individually_context":"","bundle_item_grouping":"","bundle_min_size":"","bundle_max_size":"","bundle_price":[],"bundled_items":[],"bundle_sell_ids":[],"acf":[],"_links":{"self":[{"href":"https:\/\/www.raschvin.com\/sv\/wp-json\/wp\/v2\/product\/17308","targetHints":{"allow":["GET"]}}],"collection":[{"href":"https:\/\/www.raschvin.com\/sv\/wp-json\/wp\/v2\/product"}],"about":[{"href":"https:\/\/www.raschvin.com\/sv\/wp-json\/wp\/v2\/types\/product"}],"wp:featuredmedia":[{"embeddable":true,"href":"https:\/\/www.raschvin.com\/sv\/wp-json\/wp\/v2\/media\/13435"}],"wp:attachment":[{"href":"https:\/\/www.raschvin.com\/sv\/wp-json\/wp\/v2\/media?parent=17308"}],"wp:term":[{"taxonomy":"product_brand","embeddable":true,"href":"https:\/\/www.raschvin.com\/sv\/wp-json\/wp\/v2\/product_brand?post=17308"},{"taxonomy":"product_cat","embeddable":true,"href":"https:\/\/www.raschvin.com\/sv\/wp-json\/wp\/v2\/product_cat?post=17308"},{"taxonomy":"product_tag","embeddable":true,"href":"https:\/\/www.raschvin.com\/sv\/wp-json\/wp\/v2\/product_tag?post=17308"}],"curies":[{"name":"wp","href":"https:\/\/api.w.org\/{rel}","templated":true}]}}