{"id":17301,"date":"2022-05-30T12:01:26","date_gmt":"2022-05-30T10:01:26","guid":{"rendered":"https:\/\/www.raschvin.com\/vare\/inchgower-1997-23-years-595\/"},"modified":"2022-11-21T09:26:51","modified_gmt":"2022-11-21T08:26:51","slug":"inchgower-1997-23-years-595","status":"publish","type":"product","link":"https:\/\/www.raschvin.com\/sv\/produkt\/inchgower-1997-23-years-595\/","title":{"rendered":"Inchgower 23 Years Sherry &#8211; Signatory Vintage Decanter 70 cl. 59,5%"},"content":{"rendered":"<p>Det kan vara beroende av att undersignatorn kan vara stekt stort blekna fr\u00e5n goda destillerier som g\u00f6r enstaka malt f\u00f6r att vara viktigt f\u00f6r blandningar till sina \u00e4gare marknadsf\u00f6ra dem ordentligt som singelmalt i sig.<\/p>\n<p>Denna tumgower 1997 ser ut som ett bra exempel. Det mesta av destilleriets produktion beh\u00f6vs f\u00f6r bells blandade whisky, men det \u00e4r en mycket fin singel malt i sig. Undertecknarna har tappat den h\u00e4r flaskan som 23-\u00e5rige, d\u00e4r de flesta av de senaste tre \u00e5ren har slutf\u00f6rts p\u00e5 en Sherry Fade.<\/p>\n<p>Flaska i sin imponerande fulla naturliga styrka p\u00e5 59,5% med 690 flaskor, s\u00e5 det var f\u00f6rmodligen ursprungligen tv\u00e5 eller tre bourbongrigshots som lades p\u00e5 sherry matr\u00e4tten till den sista mognadsperioden.<\/p>\n","protected":false},"excerpt":{"rendered":"<p>Limited Single Cask Scotch Whisky<\/p>\n","protected":false},"featured_media":13395,"template":"","meta":{"_acf_changed":false,"rs_blank_template":"","rs_page_bg_color":"","slide_template_v7":""},"product_brand":[],"product_cat":[2387,2392,4651],"product_tag":[],"class_list":{"0":"post-17301","1":"product","2":"type-product","3":"status-publish","4":"has-post-thumbnail","6":"product_cat-avec-sv","7":"product_cat-whisky-sv","8":"product_cat-single-malt-sv","9":"pa_champagne-type-single-cask-sv","10":"pa_land-skottland","11":"pa_procent-59-5-sv","12":"pa_producent-signatory-sv","13":"pa_region-speyside-sv","14":"pa_traefad-sherry-sv","15":"pa_vintage-1997-sv","16":"pa_volume-70-sv-2","18":"first","19":"instock","20":"taxable","21":"shipping-taxable","22":"purchasable","23":"product-type-simple"},"bundled_by":[],"bundle_stock_status":"instock","bundle_stock_quantity":null,"bundle_virtual":false,"bundle_layout":"","bundle_add_to_cart_form_location":"","bundle_editable_in_cart":false,"bundle_sold_individually_context":"","bundle_item_grouping":"","bundle_min_size":"","bundle_max_size":"","bundle_price":[],"bundled_items":[],"bundle_sell_ids":[],"acf":[],"_links":{"self":[{"href":"https:\/\/www.raschvin.com\/sv\/wp-json\/wp\/v2\/product\/17301","targetHints":{"allow":["GET"]}}],"collection":[{"href":"https:\/\/www.raschvin.com\/sv\/wp-json\/wp\/v2\/product"}],"about":[{"href":"https:\/\/www.raschvin.com\/sv\/wp-json\/wp\/v2\/types\/product"}],"wp:featuredmedia":[{"embeddable":true,"href":"https:\/\/www.raschvin.com\/sv\/wp-json\/wp\/v2\/media\/13395"}],"wp:attachment":[{"href":"https:\/\/www.raschvin.com\/sv\/wp-json\/wp\/v2\/media?parent=17301"}],"wp:term":[{"taxonomy":"product_brand","embeddable":true,"href":"https:\/\/www.raschvin.com\/sv\/wp-json\/wp\/v2\/product_brand?post=17301"},{"taxonomy":"product_cat","embeddable":true,"href":"https:\/\/www.raschvin.com\/sv\/wp-json\/wp\/v2\/product_cat?post=17301"},{"taxonomy":"product_tag","embeddable":true,"href":"https:\/\/www.raschvin.com\/sv\/wp-json\/wp\/v2\/product_tag?post=17301"}],"curies":[{"name":"wp","href":"https:\/\/api.w.org\/{rel}","templated":true}]}}