{"id":17294,"date":"2022-05-30T12:01:26","date_gmt":"2022-05-30T10:01:26","guid":{"rendered":"https:\/\/www.raschvin.com\/vare\/mozart-chocolate-coffee-17\/"},"modified":"2022-11-28T18:37:06","modified_gmt":"2022-11-28T17:37:06","slug":"mozart-chocolate-coffee-17","status":"publish","type":"product","link":"https:\/\/www.raschvin.com\/sv\/produkt\/mozart-chocolate-coffee-17\/","title":{"rendered":"Mozart Chocolate Coffee 50 cl. 17%"},"content":{"rendered":"<p>Mozarts produkter tillverkas i staden Salzburg, f\u00f6delseplatsen f\u00f6r Wolfgang Amadeus Mozart, i Mozarts destilleri.<\/p>\n<p>Ett delikat sm\u00e4ltande dryckesn\u00f6je av mocka, belgisk choklad, vanilj och blodapelsiner. En harmonisk, s\u00f6t bitter duett med toner av Arabica-kaffe.<\/p>\n<p>Glutenfri<\/p>\n<p>Utm\u00e4rkelser:<br \/>\n&#8211; \u00c5rets lik\u00f6rproducent 2020 vid International World Spirits Competition.<\/p>\n<p>F\u00e4rg: Mellanbrun.<br \/>\nN\u00e4sa: Fin, choklad, kaffe.<br \/>\nSmak: Fyllig, bitters\u00f6t, choklad, kaffe, rostade aromer, Arabica-toner.<br \/>\nFinish: L\u00e5ngvarig, kr\u00e4mig.<\/p>\n","protected":false},"excerpt":{"rendered":"<p>Premium Chocolate Liqueur<\/p>\n","protected":false},"featured_media":13358,"template":"","meta":{"_acf_changed":false,"rs_blank_template":"","rs_page_bg_color":"","slide_template_v7":""},"product_brand":[],"product_cat":[2387,2390,4676,4684],"product_tag":[],"class_list":{"0":"post-17294","1":"product","2":"type-product","3":"status-publish","4":"has-post-thumbnail","6":"product_cat-avec-sv","7":"product_cat-sprit","8":"product_cat-choklad","9":"product_cat-kaffelikor","10":"pa_land-oesterrike","11":"pa_procent-17-sv","12":"pa_producent-mozart-destillerie-sv","13":"pa_volume-50-sv","15":"first","16":"instock","17":"taxable","18":"shipping-taxable","19":"purchasable","20":"product-type-simple"},"bundled_by":[],"bundle_stock_status":"instock","bundle_stock_quantity":null,"bundle_virtual":false,"bundle_layout":"","bundle_add_to_cart_form_location":"","bundle_editable_in_cart":false,"bundle_sold_individually_context":"","bundle_item_grouping":"","bundle_min_size":"","bundle_max_size":"","bundle_price":[],"bundled_items":[],"bundle_sell_ids":[],"acf":[],"_links":{"self":[{"href":"https:\/\/www.raschvin.com\/sv\/wp-json\/wp\/v2\/product\/17294","targetHints":{"allow":["GET"]}}],"collection":[{"href":"https:\/\/www.raschvin.com\/sv\/wp-json\/wp\/v2\/product"}],"about":[{"href":"https:\/\/www.raschvin.com\/sv\/wp-json\/wp\/v2\/types\/product"}],"wp:featuredmedia":[{"embeddable":true,"href":"https:\/\/www.raschvin.com\/sv\/wp-json\/wp\/v2\/media\/13358"}],"wp:attachment":[{"href":"https:\/\/www.raschvin.com\/sv\/wp-json\/wp\/v2\/media?parent=17294"}],"wp:term":[{"taxonomy":"product_brand","embeddable":true,"href":"https:\/\/www.raschvin.com\/sv\/wp-json\/wp\/v2\/product_brand?post=17294"},{"taxonomy":"product_cat","embeddable":true,"href":"https:\/\/www.raschvin.com\/sv\/wp-json\/wp\/v2\/product_cat?post=17294"},{"taxonomy":"product_tag","embeddable":true,"href":"https:\/\/www.raschvin.com\/sv\/wp-json\/wp\/v2\/product_tag?post=17294"}],"curies":[{"name":"wp","href":"https:\/\/api.w.org\/{rel}","templated":true}]}}