{"id":17293,"date":"2022-05-30T11:59:47","date_gmt":"2022-05-30T09:59:47","guid":{"rendered":"https:\/\/www.raschvin.com\/vare\/frapin-cigar-blend-40\/"},"modified":"2022-11-17T14:56:43","modified_gmt":"2022-11-17T13:56:43","slug":"frapin-cigar-blend-40","status":"publish","type":"product","link":"https:\/\/www.raschvin.com\/sv\/produkt\/frapin-cigar-blend-40\/","title":{"rendered":"Cognac Frapin &#8211; Cigar Blend XO Grand Champ. 1er Cru 70 cl. 40%"},"content":{"rendered":"<p>Distrikt<br \/>\nBordeauxs omedelbara norra granne, Cognac, \u00e4r f\u00f6rmodligen v\u00e4rldens mest k\u00e4nda distrikt f\u00f6r produktion av brandy &#8211; och detta sedan 15-talet. Det var emellertid bara 1860 att den franska Geolog Coquand och hans assistent gjorde en uppdelning av omr\u00e5det efter markf\u00f6rh\u00e5llandena och uppt\u00e4ckte att kvaliteten p\u00e5 konjak var n\u00e4ra kopplad till den exakta marktypen. 6 omr\u00e5den best\u00e4mdes sedan var den b\u00e4sta gr\u00e4nsen champagne &#8211; ligger mitt i omr\u00e5det. Namnet kommer fr\u00e5n Champagen distriktet l\u00e4ngre norr och beror p\u00e5 det faktum att i det omr\u00e5de du hittar en mycket<br \/>\nKritiker, som ser ut som det i det ber\u00f6mda franska vinomr\u00e5det. Kriten uppgick till ca. 35% i toppskiktet och hj\u00e4lten upp till ca. 80% l\u00e4ngre ner. Och i konjak som i champagne, inneh\u00e5ller denna jordtyp finess och charm.<br \/>\nTillverkare f\u00f6retag i Cognac kan &#8211; som familjen front &#8211; leda traditionen av konjakproduktion tillbaka till \u00e5r 1270. Cognac fractin har den s\u00e4llsynta \u00e4ra av att vara den st\u00f6rsta vinmarknaden i Grande Champagne District.ud \u00f6ver 200 ha. Vineyards, som alla \u00e4r bel\u00e4gna i Grande Champagne-omr\u00e5det, \u00e4ger ocks\u00e5 en av deflactest och mest k\u00e4nda fastigheter i 1. Cru: Ch\u00e2teau Fontpinot p\u00e5 147 ha. B\u00e4ttre plats kan man inte t\u00e4nka. Ch\u00e2teau fontpinots b\u00e5de en av de mest anm\u00e4rkningsv\u00e4rda och en av de st\u00f6rsta fastigheterna. F\u00f6rklaringen av den uts\u00f6kta produkten \u00e4r den konst som ligger i blandning av konjak. \u00c4ven frapins 1270 &#8211; den mest blygsamma i f\u00f6retagets Cognac-serie &#8211; \u00e4r uteslutande best\u00e5ende av Grande Champagne Cognac, och VSOP kan vidare pryda sig med beteckningen 1. Cru du Cognac. Cognac FRPIN har i \u00e5rhundraden byggt upp en l\u00e5ng tradition av<br \/>\nBra hantverk och stabilitet i produktionen, varf\u00f6r de har ett gott rykte som en stor destillator av lyxkognac. De<br \/>\nKontinuerliga vintage av produktion destilleras p\u00e5 plats i traditionell krukstil. Cognac lagras sedan p\u00e5 OEGEFADE av tr\u00e4 fr\u00e5n den k\u00e4nda limousinskogen.<\/p>\n","protected":false},"excerpt":{"rendered":"<p>Premium Quality Cognac \u2013 Frapin<\/p>\n","protected":false},"featured_media":48466,"template":"","meta":{"_acf_changed":false,"rs_blank_template":"","rs_page_bg_color":"","slide_template_v7":""},"product_brand":[],"product_cat":[2387,2389,4600],"product_tag":[],"class_list":{"0":"post-17293","1":"product","2":"type-product","3":"status-publish","4":"has-post-thumbnail","6":"product_cat-avec-sv","7":"product_cat-cognac-sv","8":"product_cat-x-o-sv","9":"pa_land-frankrike","10":"pa_procent-40-sv-2","11":"pa_producent-frapin-sv","12":"pa_region-cognac-sv","13":"pa_volume-70-sv-2","15":"first","16":"instock","17":"taxable","18":"shipping-taxable","19":"purchasable","20":"product-type-simple"},"bundled_by":[],"bundle_stock_status":"instock","bundle_stock_quantity":null,"bundle_virtual":false,"bundle_layout":"","bundle_add_to_cart_form_location":"","bundle_editable_in_cart":false,"bundle_sold_individually_context":"","bundle_item_grouping":"","bundle_min_size":"","bundle_max_size":"","bundle_price":[],"bundled_items":[],"bundle_sell_ids":[],"acf":[],"_links":{"self":[{"href":"https:\/\/www.raschvin.com\/sv\/wp-json\/wp\/v2\/product\/17293","targetHints":{"allow":["GET"]}}],"collection":[{"href":"https:\/\/www.raschvin.com\/sv\/wp-json\/wp\/v2\/product"}],"about":[{"href":"https:\/\/www.raschvin.com\/sv\/wp-json\/wp\/v2\/types\/product"}],"wp:featuredmedia":[{"embeddable":true,"href":"https:\/\/www.raschvin.com\/sv\/wp-json\/wp\/v2\/media\/48466"}],"wp:attachment":[{"href":"https:\/\/www.raschvin.com\/sv\/wp-json\/wp\/v2\/media?parent=17293"}],"wp:term":[{"taxonomy":"product_brand","embeddable":true,"href":"https:\/\/www.raschvin.com\/sv\/wp-json\/wp\/v2\/product_brand?post=17293"},{"taxonomy":"product_cat","embeddable":true,"href":"https:\/\/www.raschvin.com\/sv\/wp-json\/wp\/v2\/product_cat?post=17293"},{"taxonomy":"product_tag","embeddable":true,"href":"https:\/\/www.raschvin.com\/sv\/wp-json\/wp\/v2\/product_tag?post=17293"}],"curies":[{"name":"wp","href":"https:\/\/api.w.org\/{rel}","templated":true}]}}