{"id":17292,"date":"2022-05-30T11:59:47","date_gmt":"2022-05-30T09:59:47","guid":{"rendered":"https:\/\/www.raschvin.com\/vare\/kornog-46-peated-single-malt\/"},"modified":"2022-11-22T16:04:17","modified_gmt":"2022-11-22T15:04:17","slug":"kornog-46-peated-single-malt","status":"publish","type":"product","link":"https:\/\/www.raschvin.com\/sv\/produkt\/kornog-46-peated-single-malt\/","title":{"rendered":"Maison Villevert &#8211; Kornog 70 cl. 46%"},"content":{"rendered":"<p>Cornogue Whisky 46% Peated Single Malt Whisky, \u00e4r en av tre huvudben som &#8221;Celtic Whisky Distillery&#8221; st\u00e5r p\u00e5. De andra tv\u00e5 \u00e4r glann ar mor singel malt och gwalarn blandad whisky. Cornogue har en intensiv r\u00f6kt och k\u00e4nde n\u00e4sa. Det finns cirka 50 ppm (fenoler per miljon) och det lagras 100% i American Bourbon Fade. Det finns gott om god smak i munnen, d\u00e4r det ocks\u00e5 finns anteckningar av ingef\u00e4ra och vitpeppar. Det \u00e4r en intensiv whisky som har en otroligt l\u00e5ng finish. Frankrike har ett varmare klimat \u00e4n Skottland och du har h\u00f6gre avdunstning och \u00e4nglar respektive. D\u00e4rf\u00f6r finns det ocks\u00e5 i skotska \u00f6gon talar om relativt ung whisky, men med otroligt h\u00f6g kvalitet. Samspelet med sk\u00e5len \u00e4r snabbare i v\u00e4rmen och d\u00e4rf\u00f6r en otroligt intensiv och uts\u00f6kt whisky. Single malt whiskys \u00e4r mellan 3 och 6 \u00e5r och flaskor n\u00e4r de \u00e4r redo. Njut av b\u00e4sta snyggt, eller med n\u00e5gra droppar vatten.<\/p>\n","protected":false},"excerpt":{"rendered":"<p>\u201cCeltic Whisky Destillery\u201d- France \u2013 Peated Single Malt Whisky<\/p>\n","protected":false},"featured_media":13341,"template":"","meta":{"_acf_changed":false,"rs_blank_template":"","rs_page_bg_color":"","slide_template_v7":""},"product_brand":[],"product_cat":[2387,4651,2392],"product_tag":[],"class_list":{"0":"post-17292","1":"product","2":"type-product","3":"status-publish","4":"has-post-thumbnail","6":"product_cat-avec-sv","7":"product_cat-single-malt-sv","8":"product_cat-whisky-sv","9":"pa_land-frankrike","10":"pa_procent-46-sv","11":"pa_producent-maison-villevert-sv","12":"pa_volume-70-sv-2","14":"first","15":"instock","16":"taxable","17":"shipping-taxable","18":"purchasable","19":"product-type-simple"},"bundled_by":[],"bundle_stock_status":"instock","bundle_stock_quantity":null,"bundle_virtual":false,"bundle_layout":"","bundle_add_to_cart_form_location":"","bundle_editable_in_cart":false,"bundle_sold_individually_context":"","bundle_item_grouping":"","bundle_min_size":"","bundle_max_size":"","bundle_price":[],"bundled_items":[],"bundle_sell_ids":[],"acf":[],"_links":{"self":[{"href":"https:\/\/www.raschvin.com\/sv\/wp-json\/wp\/v2\/product\/17292","targetHints":{"allow":["GET"]}}],"collection":[{"href":"https:\/\/www.raschvin.com\/sv\/wp-json\/wp\/v2\/product"}],"about":[{"href":"https:\/\/www.raschvin.com\/sv\/wp-json\/wp\/v2\/types\/product"}],"wp:featuredmedia":[{"embeddable":true,"href":"https:\/\/www.raschvin.com\/sv\/wp-json\/wp\/v2\/media\/13341"}],"wp:attachment":[{"href":"https:\/\/www.raschvin.com\/sv\/wp-json\/wp\/v2\/media?parent=17292"}],"wp:term":[{"taxonomy":"product_brand","embeddable":true,"href":"https:\/\/www.raschvin.com\/sv\/wp-json\/wp\/v2\/product_brand?post=17292"},{"taxonomy":"product_cat","embeddable":true,"href":"https:\/\/www.raschvin.com\/sv\/wp-json\/wp\/v2\/product_cat?post=17292"},{"taxonomy":"product_tag","embeddable":true,"href":"https:\/\/www.raschvin.com\/sv\/wp-json\/wp\/v2\/product_tag?post=17292"}],"curies":[{"name":"wp","href":"https:\/\/api.w.org\/{rel}","templated":true}]}}