{"id":17291,"date":"2022-05-30T11:59:47","date_gmt":"2022-05-30T09:59:47","guid":{"rendered":"https:\/\/www.raschvin.com\/vare\/gwalarn-40-blended-whisky\/"},"modified":"2022-11-18T14:42:04","modified_gmt":"2022-11-18T13:42:04","slug":"gwalarn-40-blended-whisky","status":"publish","type":"product","link":"https:\/\/www.raschvin.com\/sv\/produkt\/gwalarn-40-blended-whisky\/","title":{"rendered":"Maison Villevert &#8211; Gwalarn 70 cl. 40%"},"content":{"rendered":"<p>Gwalarn Whiskey 40% \u00e4r en av tre huvudben som &#8221;den keltiska whisky destilleriet&#8221; st\u00e5r p\u00e5. De andra tv\u00e5 \u00e4r glann ar mor singel malt och spannm\u00e5l peated single malt whisky. Gwalarn \u00e4r den keltiska inspirerade lillasyster som tar det b\u00e4sta av alla v\u00e4rldar. Gwalarn betyder &#8221;Northwest Wind&#8221; i Bretagne och det ger ett friskt andetag i en annars ofta gammaldags whiskyv\u00e4rld. Gwalarn \u00e4r en keltisk whiskyblandning, vilket inneb\u00e4r att det finns en total inspiration fr\u00e5n Kelters historia i Europa. Det \u00e4r s\u00e5ledes en blandning av b\u00e5de tysk whisky, franska malt whisky (fr\u00e5n cornog) och skotsk malt whisky i blandad. Det \u00e4r en unik blandning och det finns gott om smak och valuta f\u00f6r pengarna.<\/p>\n","protected":false},"excerpt":{"rendered":"<p>\u201cCeltic Whisky Destillery\u201d- France \u2013 Blended Whisky<\/p>\n","protected":false},"featured_media":13328,"template":"","meta":{"_acf_changed":false,"rs_blank_template":"","rs_page_bg_color":"","slide_template_v7":""},"product_brand":[],"product_cat":[2387,4765,2392],"product_tag":[],"class_list":{"0":"post-17291","1":"product","2":"type-product","3":"status-publish","4":"has-post-thumbnail","6":"product_cat-avec-sv","7":"product_cat-blended-sv","8":"product_cat-whisky-sv","9":"pa_land-frankrike","10":"pa_procent-40-sv-2","11":"pa_producent-maison-villevert-sv","12":"pa_volume-70-sv-2","14":"first","15":"instock","16":"taxable","17":"shipping-taxable","18":"purchasable","19":"product-type-simple"},"bundled_by":[],"bundle_stock_status":"instock","bundle_stock_quantity":null,"bundle_virtual":false,"bundle_layout":"","bundle_add_to_cart_form_location":"","bundle_editable_in_cart":false,"bundle_sold_individually_context":"","bundle_item_grouping":"","bundle_min_size":"","bundle_max_size":"","bundle_price":[],"bundled_items":[],"bundle_sell_ids":[],"acf":[],"_links":{"self":[{"href":"https:\/\/www.raschvin.com\/sv\/wp-json\/wp\/v2\/product\/17291","targetHints":{"allow":["GET"]}}],"collection":[{"href":"https:\/\/www.raschvin.com\/sv\/wp-json\/wp\/v2\/product"}],"about":[{"href":"https:\/\/www.raschvin.com\/sv\/wp-json\/wp\/v2\/types\/product"}],"wp:featuredmedia":[{"embeddable":true,"href":"https:\/\/www.raschvin.com\/sv\/wp-json\/wp\/v2\/media\/13328"}],"wp:attachment":[{"href":"https:\/\/www.raschvin.com\/sv\/wp-json\/wp\/v2\/media?parent=17291"}],"wp:term":[{"taxonomy":"product_brand","embeddable":true,"href":"https:\/\/www.raschvin.com\/sv\/wp-json\/wp\/v2\/product_brand?post=17291"},{"taxonomy":"product_cat","embeddable":true,"href":"https:\/\/www.raschvin.com\/sv\/wp-json\/wp\/v2\/product_cat?post=17291"},{"taxonomy":"product_tag","embeddable":true,"href":"https:\/\/www.raschvin.com\/sv\/wp-json\/wp\/v2\/product_tag?post=17291"}],"curies":[{"name":"wp","href":"https:\/\/api.w.org\/{rel}","templated":true}]}}