{"id":17288,"date":"2022-05-30T11:59:47","date_gmt":"2022-05-30T09:59:47","guid":{"rendered":"https:\/\/www.raschvin.com\/vare\/absolut-lime-40-100-cl\/"},"modified":"2024-03-04T10:55:36","modified_gmt":"2024-03-04T09:55:36","slug":"absolut-lime-40-100-cl","status":"publish","type":"product","link":"https:\/\/www.raschvin.com\/sv\/produkt\/absolut-lime-40-100-cl\/","title":{"rendered":"Absolut Lime 100 cl. 40%"},"content":{"rendered":"<p>Absolut vodka lime har en ny och l\u00e4cker smak av nypressad lime, och \u00e4r gjord av 100% naturliga ingredienser utan tillsats av socker. Den l\u00e4tta och fruktiga finishen i kombination med den fr\u00e4scha lime-smaken g\u00f6r det ganska l\u00e4mpligt f\u00f6r drycker som vodka tonic eller mule.<\/p>\n","protected":false},"excerpt":{"rendered":"<p>Swedish Lime Flavored Vodka<\/p>\n","protected":false},"featured_media":13298,"template":"","meta":{"_acf_changed":false,"rs_blank_template":"","rs_page_bg_color":"","slide_template_v7":""},"product_brand":[],"product_cat":[4614,2402,2409],"product_tag":[],"class_list":{"0":"post-17288","1":"product","2":"type-product","3":"status-publish","4":"has-post-thumbnail","6":"product_cat-flavoured-sv","7":"product_cat-sprit-sv","8":"product_cat-vodka-sv","9":"pa_land-sverige-sv","10":"pa_procent-40-sv-2","11":"pa_producent-absolut-sv","12":"pa_region-skaane-sv","13":"pa_volume-100-sv","15":"first","16":"instock","17":"taxable","18":"shipping-taxable","19":"purchasable","20":"product-type-simple"},"bundled_by":[],"bundle_stock_status":"instock","bundle_stock_quantity":null,"bundle_virtual":false,"bundle_layout":"","bundle_add_to_cart_form_location":"","bundle_editable_in_cart":false,"bundle_sold_individually_context":"","bundle_item_grouping":"","bundle_min_size":"","bundle_max_size":"","bundle_price":[],"bundled_items":[],"bundle_sell_ids":[],"acf":[],"_links":{"self":[{"href":"https:\/\/www.raschvin.com\/sv\/wp-json\/wp\/v2\/product\/17288","targetHints":{"allow":["GET"]}}],"collection":[{"href":"https:\/\/www.raschvin.com\/sv\/wp-json\/wp\/v2\/product"}],"about":[{"href":"https:\/\/www.raschvin.com\/sv\/wp-json\/wp\/v2\/types\/product"}],"wp:featuredmedia":[{"embeddable":true,"href":"https:\/\/www.raschvin.com\/sv\/wp-json\/wp\/v2\/media\/13298"}],"wp:attachment":[{"href":"https:\/\/www.raschvin.com\/sv\/wp-json\/wp\/v2\/media?parent=17288"}],"wp:term":[{"taxonomy":"product_brand","embeddable":true,"href":"https:\/\/www.raschvin.com\/sv\/wp-json\/wp\/v2\/product_brand?post=17288"},{"taxonomy":"product_cat","embeddable":true,"href":"https:\/\/www.raschvin.com\/sv\/wp-json\/wp\/v2\/product_cat?post=17288"},{"taxonomy":"product_tag","embeddable":true,"href":"https:\/\/www.raschvin.com\/sv\/wp-json\/wp\/v2\/product_tag?post=17288"}],"curies":[{"name":"wp","href":"https:\/\/api.w.org\/{rel}","templated":true}]}}