{"id":17280,"date":"2022-05-30T11:58:18","date_gmt":"2022-05-30T09:58:18","guid":{"rendered":"https:\/\/www.raschvin.com\/vare\/jose-cuervo-1800-silver\/"},"modified":"2022-10-30T19:45:51","modified_gmt":"2022-10-30T18:45:51","slug":"jose-cuervo-1800-silver","status":"publish","type":"product","link":"https:\/\/www.raschvin.com\/sv\/produkt\/jose-cuervo-1800-silver\/","title":{"rendered":"1800 Silver Reserva Tequila 70 cl. 38%"},"content":{"rendered":"<p>Silver Reserva \u00e4r en dubbel destillerad tequila som \u00e4r gjord av 100% bl\u00e5 agave. Den best\u00e5r av olika vita tequilas, alla specifikt valda f\u00f6r att l\u00e4gga till komplexitet och karakt\u00e4r. Resultatet \u00e4r en stor tequila med en ren och v\u00e4lbalanserad smak som s\u00e4tter sig silkeslen i munnen och har en uts\u00f6kt antydan av s\u00f6ta frukter och peppar. Njut av det i sin rena form i glas eller skott, &#8221;p\u00e5 klipporna&#8221; eller som blandningar i en cocktail.<\/p>\n","protected":false},"excerpt":{"rendered":"<p>Tequila 100% Blue Agave<\/p>\n","protected":false},"featured_media":13230,"template":"","meta":{"_acf_changed":false,"rs_blank_template":"","rs_page_bg_color":"","slide_template_v7":""},"product_brand":[],"product_cat":[2402,2408],"product_tag":[],"class_list":{"0":"post-17280","1":"product","2":"type-product","3":"status-publish","4":"has-post-thumbnail","6":"product_cat-sprit-sv","7":"product_cat-tequila-mescal-sv","8":"pa_land-mexiko","9":"pa_procent-38-sv","10":"pa_producent-jose-cuervo-tequila-sv","11":"pa_region-jalisco-sv","12":"pa_volume-70-sv-2","14":"first","15":"instock","16":"taxable","17":"shipping-taxable","18":"purchasable","19":"product-type-simple"},"bundled_by":[],"bundle_stock_status":"instock","bundle_stock_quantity":null,"bundle_virtual":false,"bundle_layout":"","bundle_add_to_cart_form_location":"","bundle_editable_in_cart":false,"bundle_sold_individually_context":"","bundle_item_grouping":"","bundle_min_size":"","bundle_max_size":"","bundle_price":[],"bundled_items":[],"bundle_sell_ids":[],"acf":[],"_links":{"self":[{"href":"https:\/\/www.raschvin.com\/sv\/wp-json\/wp\/v2\/product\/17280","targetHints":{"allow":["GET"]}}],"collection":[{"href":"https:\/\/www.raschvin.com\/sv\/wp-json\/wp\/v2\/product"}],"about":[{"href":"https:\/\/www.raschvin.com\/sv\/wp-json\/wp\/v2\/types\/product"}],"wp:featuredmedia":[{"embeddable":true,"href":"https:\/\/www.raschvin.com\/sv\/wp-json\/wp\/v2\/media\/13230"}],"wp:attachment":[{"href":"https:\/\/www.raschvin.com\/sv\/wp-json\/wp\/v2\/media?parent=17280"}],"wp:term":[{"taxonomy":"product_brand","embeddable":true,"href":"https:\/\/www.raschvin.com\/sv\/wp-json\/wp\/v2\/product_brand?post=17280"},{"taxonomy":"product_cat","embeddable":true,"href":"https:\/\/www.raschvin.com\/sv\/wp-json\/wp\/v2\/product_cat?post=17280"},{"taxonomy":"product_tag","embeddable":true,"href":"https:\/\/www.raschvin.com\/sv\/wp-json\/wp\/v2\/product_tag?post=17280"}],"curies":[{"name":"wp","href":"https:\/\/api.w.org\/{rel}","templated":true}]}}