{"id":17279,"date":"2022-05-30T11:58:18","date_gmt":"2022-05-30T09:58:18","guid":{"rendered":"https:\/\/www.raschvin.com\/vare\/martin-millers-gin-40\/"},"modified":"2023-03-29T11:04:02","modified_gmt":"2023-03-29T09:04:02","slug":"martin-millers-gin-40","status":"publish","type":"product","link":"https:\/\/www.raschvin.com\/sv\/produkt\/martin-millers-gin-40\/","title":{"rendered":"Martin Miller&#8217;s Gin 70 cl. 40%"},"content":{"rendered":"<p>Martin Miller&#8217;s Gin \u00e4r klassisk p\u00e5 j\u00e4vla s\u00e4ttet. H\u00e4r \u00e4r inga pretensioner att ett gin m\u00e5ste inneh\u00e5lla hundratals exotiska och obskyra ingredienser f\u00f6r att vara bra eller sp\u00e4nnande.<\/p>\n<p>Ist\u00e4llet flankeras gott hantverk i framkanten med enb\u00e4r i fokus av Kvan, korianderfr\u00f6, limskal, lakritsrot, kanel och iris. Den tappas till 40% alkohol, och v\u00e4dret \u00e4r gjort med purestet, isl\u00e4ndska v\u00e5rvatten!<\/p>\n<p>F\u00e4rg: Klar.<\/p>\n<p>Doft: doften k\u00e4nnetecknas av citrus och gr\u00e5ter skarp, fr\u00e4sch och rester, f\u00e4rska och livliga drunknade anteckningar av enb\u00e4r, kanel och korianderfr\u00f6n.<\/p>\n<p>Smak Anm\u00e4rkningar: P\u00e5 tungan \u00e4r den skarpa, f\u00e4rska och levande med massor av enb\u00e4r, kanel och en diskret blommig anteckning.<\/p>\n<p>Serveringsf\u00f6rslag: Njut av det rent, med tonic eller i cocktails.<\/p>\n<p>70 cl.\/40%<\/p>\n<p>Martin Miller Gin lanserades 1999. Det \u00e4r d\u00e4rf\u00f6r ganska l\u00e4mpligt att erk\u00e4nna f\u00f6retaget som en av de moderna Gin Renaissansens prekursorer! Kvaliteten har strax utanf\u00f6r b\u00f6rjan till toppen och centrumet runt en klassisk upps\u00e4ttning botaniska \u00e4mnen.<\/p>\n<p>Juniperen \u00e4r i fokus flankerad av &#8221;de vanliga misst\u00e4nkta&#8221; som korianderfr\u00f6, Kvan, lakritsrot och limskal. Klippet \u00e4r &#8221;skarpt som en kostym fr\u00e5n Saville Row&#8221;. En enda s\u00e4rdrag till\u00e5ter dock Martin Miller sj\u00e4lv: vattnet \u00e4r isl\u00e4ndskt! Jep, ginen skickas helt enkelt till Island n\u00e4r den utsp\u00e4ttes.<\/p>\n","protected":false},"excerpt":{"rendered":"<p>England &#8211; Iceland Dry Gin<\/p>\n","protected":false},"featured_media":13217,"template":"","meta":{"_acf_changed":false,"rs_blank_template":"","rs_page_bg_color":"","slide_template_v7":""},"product_brand":[],"product_cat":[4711,2404,2402],"product_tag":[],"class_list":{"0":"post-17279","1":"product","2":"type-product","3":"status-publish","4":"has-post-thumbnail","6":"product_cat-andra-gins","7":"product_cat-gin-sv","8":"product_cat-sprit-sv","9":"pa_land-england-island-sv","10":"pa_procent-40-sv-2","11":"pa_producent-martin-millers-sv-2","12":"pa_volume-70-sv-2","14":"first","15":"outofstock","16":"taxable","17":"shipping-taxable","18":"purchasable","19":"product-type-simple"},"bundled_by":[],"bundle_stock_status":"outofstock","bundle_stock_quantity":null,"bundle_virtual":false,"bundle_layout":"","bundle_add_to_cart_form_location":"","bundle_editable_in_cart":false,"bundle_sold_individually_context":"","bundle_item_grouping":"","bundle_min_size":"","bundle_max_size":"","bundle_price":[],"bundled_items":[],"bundle_sell_ids":[],"acf":[],"_links":{"self":[{"href":"https:\/\/www.raschvin.com\/sv\/wp-json\/wp\/v2\/product\/17279","targetHints":{"allow":["GET"]}}],"collection":[{"href":"https:\/\/www.raschvin.com\/sv\/wp-json\/wp\/v2\/product"}],"about":[{"href":"https:\/\/www.raschvin.com\/sv\/wp-json\/wp\/v2\/types\/product"}],"wp:featuredmedia":[{"embeddable":true,"href":"https:\/\/www.raschvin.com\/sv\/wp-json\/wp\/v2\/media\/13217"}],"wp:attachment":[{"href":"https:\/\/www.raschvin.com\/sv\/wp-json\/wp\/v2\/media?parent=17279"}],"wp:term":[{"taxonomy":"product_brand","embeddable":true,"href":"https:\/\/www.raschvin.com\/sv\/wp-json\/wp\/v2\/product_brand?post=17279"},{"taxonomy":"product_cat","embeddable":true,"href":"https:\/\/www.raschvin.com\/sv\/wp-json\/wp\/v2\/product_cat?post=17279"},{"taxonomy":"product_tag","embeddable":true,"href":"https:\/\/www.raschvin.com\/sv\/wp-json\/wp\/v2\/product_tag?post=17279"}],"curies":[{"name":"wp","href":"https:\/\/api.w.org\/{rel}","templated":true}]}}