{"id":17277,"date":"2022-05-30T11:58:18","date_gmt":"2022-05-30T09:58:18","guid":{"rendered":"https:\/\/www.raschvin.com\/vare\/bookers-small-batch-bourbon-6265\/"},"modified":"2022-10-30T08:52:17","modified_gmt":"2022-10-30T07:52:17","slug":"bookers-small-batch-bourbon-6265","status":"publish","type":"product","link":"https:\/\/www.raschvin.com\/sv\/produkt\/bookers-small-batch-bourbon-6265\/","title":{"rendered":"Booker&#8217;s Small Batch Bourbon 70 cl. 62,65%"},"content":{"rendered":"<p>2021-utg\u00e5van fr\u00e5n Jim Beams l\u00e5ng v\u00e4ntade, \u00e5rliga bokarens sanna fat Bourbon-utg\u00e5vor &#8211; alltid blekning och utan diagramfiltrering. Denna sats \u00e4r uppkallad till \u00e4ra av den pensionerade Jim Beam-anst\u00e4lld Mike Donohoe. Utan Mike skulle bourbon inte existera idag. Publicerad i otroligt begr\u00e4nsade kvantiteter har denna term blivit mognad i 6 \u00e5r, 11 m\u00e5nader och 4 dagar i amerikansk vit, t.ex. f\u00f6re tappning vid en \u00f6gonvattenstyrka p\u00e5 62,65% ABV.<\/p>\n<p>Massor av vanilj och ek p\u00e5 n\u00e4san, f\u00f6ljt av en s\u00f6t och kr\u00e4mig smak med smaken av kanderade mandlar, citrus och jordn\u00f6tssm\u00f6r. Denna bourbon har en l\u00e5ng och torkning med en touch av kakao i slutet.<\/p>\n","protected":false},"excerpt":{"rendered":"<p>Kentucky Straight Bourbon Whisky<\/p>\n","protected":false},"featured_media":13206,"template":"","meta":{"_acf_changed":false,"rs_blank_template":"","rs_page_bg_color":"","slide_template_v7":""},"product_brand":[],"product_cat":[4657,2387,2392],"product_tag":[],"class_list":{"0":"post-17277","1":"product","2":"type-product","3":"status-publish","4":"has-post-thumbnail","6":"product_cat-american-whiskey","7":"product_cat-avec-sv","8":"product_cat-whisky-sv","9":"pa_land-usa-sv","10":"pa_procent-62-65-sv","11":"pa_producent-jim-beam-distillery-sv","12":"pa_region-kentucky-sv","13":"pa_volume-70-sv-2","15":"first","16":"outofstock","17":"taxable","18":"shipping-taxable","19":"purchasable","20":"product-type-simple"},"bundled_by":[],"bundle_stock_status":"outofstock","bundle_stock_quantity":null,"bundle_virtual":false,"bundle_layout":"","bundle_add_to_cart_form_location":"","bundle_editable_in_cart":false,"bundle_sold_individually_context":"","bundle_item_grouping":"","bundle_min_size":"","bundle_max_size":"","bundle_price":[],"bundled_items":[],"bundle_sell_ids":[],"acf":[],"_links":{"self":[{"href":"https:\/\/www.raschvin.com\/sv\/wp-json\/wp\/v2\/product\/17277","targetHints":{"allow":["GET"]}}],"collection":[{"href":"https:\/\/www.raschvin.com\/sv\/wp-json\/wp\/v2\/product"}],"about":[{"href":"https:\/\/www.raschvin.com\/sv\/wp-json\/wp\/v2\/types\/product"}],"wp:featuredmedia":[{"embeddable":true,"href":"https:\/\/www.raschvin.com\/sv\/wp-json\/wp\/v2\/media\/13206"}],"wp:attachment":[{"href":"https:\/\/www.raschvin.com\/sv\/wp-json\/wp\/v2\/media?parent=17277"}],"wp:term":[{"taxonomy":"product_brand","embeddable":true,"href":"https:\/\/www.raschvin.com\/sv\/wp-json\/wp\/v2\/product_brand?post=17277"},{"taxonomy":"product_cat","embeddable":true,"href":"https:\/\/www.raschvin.com\/sv\/wp-json\/wp\/v2\/product_cat?post=17277"},{"taxonomy":"product_tag","embeddable":true,"href":"https:\/\/www.raschvin.com\/sv\/wp-json\/wp\/v2\/product_tag?post=17277"}],"curies":[{"name":"wp","href":"https:\/\/api.w.org\/{rel}","templated":true}]}}