{"id":17275,"date":"2022-05-30T11:58:18","date_gmt":"2022-05-30T09:58:18","guid":{"rendered":"https:\/\/www.raschvin.com\/vare\/paul-john-bold-peated-46\/"},"modified":"2022-11-30T10:37:47","modified_gmt":"2022-11-30T09:37:47","slug":"paul-john-bold-peated-46","status":"publish","type":"product","link":"https:\/\/www.raschvin.com\/sv\/produkt\/paul-john-bold-peated-46\/","title":{"rendered":"Paul John &#8211; Bold Peated 70 cl. 46%"},"content":{"rendered":"<p>Den stora indiska singelmalt fr\u00e5n de soliga str\u00e4nderna p\u00e5 Goa. Med m\u00e5nga s\u00f6tvattenk\u00e4llor och tropisk v\u00e4rme var Goa det naturliga valet f\u00f6r var singel malt skulle skapas. Naturligtvis accelererar ett hel\u00e5rs tropiskt klimat mogning av whiskyen. Angelens andel (f\u00f6r\u00e5ngning) \u00e4r cirka 8% per \u00e5r. Single Malts unika smaker, inte minst p\u00e5 grund av den speciella kornens intensiva karakt\u00e4r vid foten av Himalaya.<\/p>\n<p>Under 2004 var Michael d&#8217;Souza Master Distiller p\u00e5 John Distilleries, d\u00e4r den f\u00f6rsta destillationen \u00e4gde rum 2008. Under 2012 lanserades Paul John i Storbritannien och har sedan vunnit otaliga priser och erk\u00e4nnanden runt om i v\u00e4rlden. Mac Y \u00e4r stolt \u00f6ver att presentera Paul John Single Malts i Danmark.<\/p>\n<p>Whiskyerna \u00e4r inte chillfiltrerade och har Helle inga tillsatser (f\u00e4rger eller smak).<\/p>\n<p>Doft.<\/p>\n<p>Efter en doft av r\u00f6k, Manuka Honung, Stabbing Spice och Bourbenbene Red Lacid Stage<\/p>\n<p>Smak<\/p>\n<p>Det sm\u00e4lter i munnen &#8211; har den djupaste smaken som st\u00f6rs i som v\u00e5gor. Inledningsvis k\u00e4nns det sublimt silkeslen och smaksatt med t.ex. som honung. Och n\u00e4r du tror att du har \u00f6verlevt, kommer \u00f6verraskningen &#8211; en ny v\u00e5g av krydda f\u00f6ljt av en r\u00f6kig atmosf\u00e4r som fyller munnen och l\u00e4mnar en tidvattenv\u00e5g av torra melass, torv och en grad av koppar<\/p>\n<p>Eftersmak<\/p>\n<p>Boll har en ljus finish med lite koppar som l\u00e5ngsamt visas. Du kan ocks\u00e5 uppt\u00e4cka fantastiska r\u00f6kt Mocha, formad av k\u00e4nsliga kryddor<\/p>\n<p>Kommentar<\/p>\n<p>Boll \u00e4r en resa som leder dig genom de oexplorerade omr\u00e5dena i Goa. Vi uppmanar dig att l\u00e4mna sp\u00e5ret, steg p\u00e5 gl\u00f6mda v\u00e4gar och h\u00e5lla huvudet p\u00e5 Goas l\u00e4ckra djup!<\/p>\n","protected":false},"excerpt":{"rendered":"<p>Indian Single Malt Whisky<\/p>\n","protected":false},"featured_media":13186,"template":"","meta":{"_acf_changed":false,"rs_blank_template":"","rs_page_bg_color":"","slide_template_v7":""},"product_brand":[],"product_cat":[2387,4651,2392],"product_tag":[],"class_list":{"0":"post-17275","1":"product","2":"type-product","3":"status-publish","4":"has-post-thumbnail","6":"product_cat-avec-sv","7":"product_cat-single-malt-sv","8":"product_cat-whisky-sv","9":"pa_land-indien-sv","10":"pa_procent-46-sv","11":"pa_producent-john-distilleries-sv","12":"pa_region-goa-sv","13":"pa_volume-70-sv-2","15":"first","16":"instock","17":"sale","18":"taxable","19":"shipping-taxable","20":"purchasable","21":"product-type-simple"},"bundled_by":[],"bundle_stock_status":"instock","bundle_stock_quantity":null,"bundle_virtual":false,"bundle_layout":"","bundle_add_to_cart_form_location":"","bundle_editable_in_cart":false,"bundle_sold_individually_context":"","bundle_item_grouping":"","bundle_min_size":"","bundle_max_size":"","bundle_price":[],"bundled_items":[],"bundle_sell_ids":[],"acf":[],"_links":{"self":[{"href":"https:\/\/www.raschvin.com\/sv\/wp-json\/wp\/v2\/product\/17275","targetHints":{"allow":["GET"]}}],"collection":[{"href":"https:\/\/www.raschvin.com\/sv\/wp-json\/wp\/v2\/product"}],"about":[{"href":"https:\/\/www.raschvin.com\/sv\/wp-json\/wp\/v2\/types\/product"}],"wp:featuredmedia":[{"embeddable":true,"href":"https:\/\/www.raschvin.com\/sv\/wp-json\/wp\/v2\/media\/13186"}],"wp:attachment":[{"href":"https:\/\/www.raschvin.com\/sv\/wp-json\/wp\/v2\/media?parent=17275"}],"wp:term":[{"taxonomy":"product_brand","embeddable":true,"href":"https:\/\/www.raschvin.com\/sv\/wp-json\/wp\/v2\/product_brand?post=17275"},{"taxonomy":"product_cat","embeddable":true,"href":"https:\/\/www.raschvin.com\/sv\/wp-json\/wp\/v2\/product_cat?post=17275"},{"taxonomy":"product_tag","embeddable":true,"href":"https:\/\/www.raschvin.com\/sv\/wp-json\/wp\/v2\/product_tag?post=17275"}],"curies":[{"name":"wp","href":"https:\/\/api.w.org\/{rel}","templated":true}]}}