{"id":17274,"date":"2022-05-30T11:58:18","date_gmt":"2022-05-30T09:58:18","guid":{"rendered":"https:\/\/www.raschvin.com\/vare\/paul-john-brilliance-46\/"},"modified":"2022-11-30T13:05:34","modified_gmt":"2022-11-30T12:05:34","slug":"paul-john-brilliance-46","status":"publish","type":"product","link":"https:\/\/www.raschvin.com\/sv\/produkt\/paul-john-brilliance-46\/","title":{"rendered":"Paul John &#8211; Brilliance 70 cl. 46%"},"content":{"rendered":"<p>Den stora indiska singelmalt fr\u00e5n de soliga str\u00e4nderna p\u00e5 Goa. Med m\u00e5nga s\u00f6tvattenk\u00e4llor och tropisk v\u00e4rme var Goa det naturliga valet f\u00f6r var singel malt skulle skapas. Naturligtvis accelererar ett hel\u00e5rs tropiskt klimat mogning av whiskyen. Angelens andel (f\u00f6r\u00e5ngning) \u00e4r cirka 8% per \u00e5r. Single Malts unika smaker, inte minst p\u00e5 grund av den speciella kornens intensiva karakt\u00e4r vid foten av Himalaya.<\/p>\n<p>Under 2004 var Michael d&#8217;Souza Master Distiller p\u00e5 John Distilleries, d\u00e4r den f\u00f6rsta destillationen \u00e4gde rum 2008. Under 2012 lanserades Paul John i Storbritannien och har sedan vunnit otaliga priser och erk\u00e4nnanden runt om i v\u00e4rlden. Mac Y \u00e4r stolt \u00f6ver att presentera Paul John Single Malts i Danmark.<\/p>\n<p>Whiskyerna \u00e4r inte chillfiltrerade och har Helle inga tillsatser (f\u00e4rger eller smak).<\/p>\n<p>Doft.<\/p>\n<p>Demerara socker levererar en snout av s\u00f6ta dofter. Hints av kanel, honung och svaga kryddor<\/p>\n<p>Smak<\/p>\n<p>S\u00f6t, krydda med en honungliknande j\u00e4mnhet som gjordes mot en crunchy barer crunchy crisess, liksom n\u00e5gonstans, ocks\u00e5 ett urval av kakao<\/p>\n<p>Eftersmak<\/p>\n<p>Briljans har en j\u00e4mn och bekv\u00e4m avslappnad finish med en touch av de milda kryddorna och en djup intensiv k\u00e4nsla av vanillie<\/p>\n<p>Kommentar<\/p>\n<p>Med sina rika accenter av vanilj och tips av krydda \u00e4r denna enda malt det perfekta till\u00e4gget till l\u00e4ckra frukt pajer och indiska grillade k\u00f6ttr\u00e4tter.<\/p>\n<p>Allt bra fr\u00e5n Goa \u00e4r i denna enda malt (d\u00e4rav namnet). Dess gnistrande nyanser \u00e5terkallar kusten soliga str\u00e4nder. Briljans produceras f\u00f6r att ge dig den absolut b\u00e4sta sensoriska upplevelsen av gl\u00e4dje.<\/p>\n","protected":false},"excerpt":{"rendered":"<p>Indian Single Malt Whisky<\/p>\n","protected":false},"featured_media":13173,"template":"","meta":{"_acf_changed":false,"rs_blank_template":"","rs_page_bg_color":"","slide_template_v7":""},"product_brand":[],"product_cat":[2387,4651,2392],"product_tag":[],"class_list":{"0":"post-17274","1":"product","2":"type-product","3":"status-publish","4":"has-post-thumbnail","6":"product_cat-avec-sv","7":"product_cat-single-malt-sv","8":"product_cat-whisky-sv","9":"pa_land-indien-sv","10":"pa_procent-46-sv","11":"pa_producent-john-distilleries-sv","12":"pa_region-goa-sv","13":"pa_volume-70-sv-2","15":"first","16":"instock","17":"sale","18":"taxable","19":"shipping-taxable","20":"purchasable","21":"product-type-simple"},"bundled_by":[],"bundle_stock_status":"instock","bundle_stock_quantity":null,"bundle_virtual":false,"bundle_layout":"","bundle_add_to_cart_form_location":"","bundle_editable_in_cart":false,"bundle_sold_individually_context":"","bundle_item_grouping":"","bundle_min_size":"","bundle_max_size":"","bundle_price":[],"bundled_items":[],"bundle_sell_ids":[],"acf":[],"_links":{"self":[{"href":"https:\/\/www.raschvin.com\/sv\/wp-json\/wp\/v2\/product\/17274","targetHints":{"allow":["GET"]}}],"collection":[{"href":"https:\/\/www.raschvin.com\/sv\/wp-json\/wp\/v2\/product"}],"about":[{"href":"https:\/\/www.raschvin.com\/sv\/wp-json\/wp\/v2\/types\/product"}],"wp:featuredmedia":[{"embeddable":true,"href":"https:\/\/www.raschvin.com\/sv\/wp-json\/wp\/v2\/media\/13173"}],"wp:attachment":[{"href":"https:\/\/www.raschvin.com\/sv\/wp-json\/wp\/v2\/media?parent=17274"}],"wp:term":[{"taxonomy":"product_brand","embeddable":true,"href":"https:\/\/www.raschvin.com\/sv\/wp-json\/wp\/v2\/product_brand?post=17274"},{"taxonomy":"product_cat","embeddable":true,"href":"https:\/\/www.raschvin.com\/sv\/wp-json\/wp\/v2\/product_cat?post=17274"},{"taxonomy":"product_tag","embeddable":true,"href":"https:\/\/www.raschvin.com\/sv\/wp-json\/wp\/v2\/product_tag?post=17274"}],"curies":[{"name":"wp","href":"https:\/\/api.w.org\/{rel}","templated":true}]}}