{"id":17273,"date":"2022-05-30T11:56:54","date_gmt":"2022-05-30T09:56:54","guid":{"rendered":"https:\/\/www.raschvin.com\/vare\/paul-john-classic-c-s-552\/"},"modified":"2022-11-30T13:10:12","modified_gmt":"2022-11-30T12:10:12","slug":"paul-john-classic-c-s-552","status":"publish","type":"product","link":"https:\/\/www.raschvin.com\/sv\/produkt\/paul-john-classic-c-s-552\/","title":{"rendered":"Paul John &#8211; Classic Cask Strength 70 cl. 55,2%"},"content":{"rendered":"<p>Den stora indiska singelmalt fr\u00e5n de soliga str\u00e4nderna p\u00e5 Goa. Med m\u00e5nga s\u00f6tvattenk\u00e4llor och tropisk v\u00e4rme var Goa det naturliga valet f\u00f6r var singel malt skulle skapas. Naturligtvis accelererar ett hel\u00e5rs tropiskt klimat mogning av whiskyen. Angelens andel (f\u00f6r\u00e5ngning) \u00e4r cirka 8% per \u00e5r. Single Malts unika smaker, inte minst p\u00e5 grund av den speciella kornens intensiva karakt\u00e4r vid foten av Himalaya.<\/p>\n<p>Under 2004 var Michael d&#8217;Souza Master Distiller p\u00e5 John Distilleries, d\u00e4r den f\u00f6rsta destillationen \u00e4gde rum 2008. Under 2012 lanserades Paul John i Storbritannien och har sedan vunnit otaliga priser och erk\u00e4nnanden runt om i v\u00e4rlden. Mac Y \u00e4r stolt \u00f6ver att presentera Paul John Single Malts i Danmark.<\/p>\n<p>Whiskyerna \u00e4r inte chillfiltrerade och har Helle inga tillsatser (f\u00e4rger eller smak).<\/p>\n<p>Doft.<\/p>\n<p>Fruktiga och maltade aromer sammanfl\u00e4tade med doften av honung. En ledtr\u00e5d av Bourbon retar dina sinnen<\/p>\n<p>Smak<\/p>\n<p>Smaken av korn kommer med sin ram. En mjuk blandning av bourbon och manuka honung och lakrits ger en intressant och attraktiv k\u00e4nsla. Medan du njuter av denna upplevelse den ov\u00e4ntade smaken av rostade pepparkakor<\/p>\n<p>Eftersmak<\/p>\n<p>Classic har en elegant finish, med saftig demerara toner som erbjuder ett mjukt och v\u00e4nligt farv\u00e4l<\/p>\n<p>Kommentar<\/p>\n<p>Varje enskild t\u00e5rklassiker, utforskar Tropical Goa. Den frodiga fr\u00e4schen omfamnar dig redan fr\u00e5n b\u00f6rjan. Sl\u00e4pp denna sk\u00e5l styrka whisky och njut av den tropiska Goan-stilen!<\/p>\n","protected":false},"excerpt":{"rendered":"<p>Indian Single Malt Whisky<\/p>\n","protected":false},"featured_media":13163,"template":"","meta":{"_acf_changed":false,"rs_blank_template":"","rs_page_bg_color":"","slide_template_v7":""},"product_brand":[],"product_cat":[2387,4651,2392],"product_tag":[],"class_list":{"0":"post-17273","1":"product","2":"type-product","3":"status-publish","4":"has-post-thumbnail","6":"product_cat-avec-sv","7":"product_cat-single-malt-sv","8":"product_cat-whisky-sv","9":"pa_champagne-type-single-cask-sv","10":"pa_land-indien-sv","11":"pa_procent-55-2-sv","12":"pa_producent-john-distilleries-sv","13":"pa_region-goa-sv","14":"pa_volume-70-sv-2","16":"first","17":"instock","18":"sale","19":"taxable","20":"shipping-taxable","21":"purchasable","22":"product-type-simple"},"bundled_by":[],"bundle_stock_status":"instock","bundle_stock_quantity":null,"bundle_virtual":false,"bundle_layout":"","bundle_add_to_cart_form_location":"","bundle_editable_in_cart":false,"bundle_sold_individually_context":"","bundle_item_grouping":"","bundle_min_size":"","bundle_max_size":"","bundle_price":[],"bundled_items":[],"bundle_sell_ids":[],"acf":[],"_links":{"self":[{"href":"https:\/\/www.raschvin.com\/sv\/wp-json\/wp\/v2\/product\/17273","targetHints":{"allow":["GET"]}}],"collection":[{"href":"https:\/\/www.raschvin.com\/sv\/wp-json\/wp\/v2\/product"}],"about":[{"href":"https:\/\/www.raschvin.com\/sv\/wp-json\/wp\/v2\/types\/product"}],"wp:featuredmedia":[{"embeddable":true,"href":"https:\/\/www.raschvin.com\/sv\/wp-json\/wp\/v2\/media\/13163"}],"wp:attachment":[{"href":"https:\/\/www.raschvin.com\/sv\/wp-json\/wp\/v2\/media?parent=17273"}],"wp:term":[{"taxonomy":"product_brand","embeddable":true,"href":"https:\/\/www.raschvin.com\/sv\/wp-json\/wp\/v2\/product_brand?post=17273"},{"taxonomy":"product_cat","embeddable":true,"href":"https:\/\/www.raschvin.com\/sv\/wp-json\/wp\/v2\/product_cat?post=17273"},{"taxonomy":"product_tag","embeddable":true,"href":"https:\/\/www.raschvin.com\/sv\/wp-json\/wp\/v2\/product_tag?post=17273"}],"curies":[{"name":"wp","href":"https:\/\/api.w.org\/{rel}","templated":true}]}}