{"id":17271,"date":"2022-05-30T11:56:54","date_gmt":"2022-05-30T09:56:54","guid":{"rendered":"https:\/\/www.raschvin.com\/vare\/paul-john-oloroso-select-cask-48\/"},"modified":"2022-11-30T13:26:57","modified_gmt":"2022-11-30T12:26:57","slug":"paul-john-oloroso-select-cask-48","status":"publish","type":"product","link":"https:\/\/www.raschvin.com\/sv\/produkt\/paul-john-oloroso-select-cask-48\/","title":{"rendered":"Paul John &#8211; Oloroso Select Cask 70 cl. 48%"},"content":{"rendered":"<p>Den stora indiska singelmalt fr\u00e5n de soliga str\u00e4nderna p\u00e5 Goa. Med m\u00e5nga s\u00f6tvattenk\u00e4llor och tropisk v\u00e4rme var Goa det naturliga valet f\u00f6r var singel malt skulle skapas. Naturligtvis accelererar ett hel\u00e5rs tropiskt klimat mogning av whiskyen. Angelens andel (f\u00f6r\u00e5ngning) \u00e4r cirka 8% per \u00e5r. Single Malts unika smaker, inte minst p\u00e5 grund av den speciella kornens intensiva karakt\u00e4r vid foten av Himalaya.<\/p>\n<p>Under 2004 var Michael d&#8217;Souza Master Distiller p\u00e5 John Distilleries, d\u00e4r den f\u00f6rsta destillationen \u00e4gde rum 2008. Under 2012 lanserades Paul John i Storbritannien och har sedan vunnit otaliga priser och erk\u00e4nnanden runt om i v\u00e4rlden.<\/p>\n<p>Whiskyerna \u00e4r inte chillfiltrerade och har Helle inga tillsatser (f\u00e4rger eller smak).<\/p>\n<p>Doft.<\/p>\n<p>Sherry frukter, torkad fruktskal, datum, valn\u00f6tter och malt<\/p>\n<p>Smak<\/p>\n<p>Blackberry, honungskaka, m\u00f6rk choklad, kryddig ek och apelsin<\/p>\n<p>Eftersmak<\/p>\n<p>Kanel, muskotn\u00f6t och ribsgel\u00e9<\/p>\n<p>Kommentar<\/p>\n<p>En smaksatt singelmalt whisky, f\u00e4rdigst\u00e4lld p\u00e5 Amazing Oloroso Sherry Fade!<\/p>\n","protected":false},"excerpt":{"rendered":"<p>Indian Single Malt Whisky<\/p>\n","protected":false},"featured_media":13143,"template":"","meta":{"_acf_changed":false,"rs_blank_template":"","rs_page_bg_color":"","slide_template_v7":""},"product_brand":[],"product_cat":[2387,4651,2392],"product_tag":[],"class_list":{"0":"post-17271","1":"product","2":"type-product","3":"status-publish","4":"has-post-thumbnail","6":"product_cat-avec-sv","7":"product_cat-single-malt-sv","8":"product_cat-whisky-sv","9":"pa_land-indien-sv","10":"pa_procent-48-sv","11":"pa_producent-john-distilleries-sv","12":"pa_region-goa-sv","13":"pa_traefad-oloroso-sv","14":"pa_volume-70-sv-2","16":"first","17":"instock","18":"sale","19":"taxable","20":"shipping-taxable","21":"purchasable","22":"product-type-simple"},"bundled_by":[],"bundle_stock_status":"instock","bundle_stock_quantity":null,"bundle_virtual":false,"bundle_layout":"","bundle_add_to_cart_form_location":"","bundle_editable_in_cart":false,"bundle_sold_individually_context":"","bundle_item_grouping":"","bundle_min_size":"","bundle_max_size":"","bundle_price":[],"bundled_items":[],"bundle_sell_ids":[],"acf":[],"_links":{"self":[{"href":"https:\/\/www.raschvin.com\/sv\/wp-json\/wp\/v2\/product\/17271","targetHints":{"allow":["GET"]}}],"collection":[{"href":"https:\/\/www.raschvin.com\/sv\/wp-json\/wp\/v2\/product"}],"about":[{"href":"https:\/\/www.raschvin.com\/sv\/wp-json\/wp\/v2\/types\/product"}],"wp:featuredmedia":[{"embeddable":true,"href":"https:\/\/www.raschvin.com\/sv\/wp-json\/wp\/v2\/media\/13143"}],"wp:attachment":[{"href":"https:\/\/www.raschvin.com\/sv\/wp-json\/wp\/v2\/media?parent=17271"}],"wp:term":[{"taxonomy":"product_brand","embeddable":true,"href":"https:\/\/www.raschvin.com\/sv\/wp-json\/wp\/v2\/product_brand?post=17271"},{"taxonomy":"product_cat","embeddable":true,"href":"https:\/\/www.raschvin.com\/sv\/wp-json\/wp\/v2\/product_cat?post=17271"},{"taxonomy":"product_tag","embeddable":true,"href":"https:\/\/www.raschvin.com\/sv\/wp-json\/wp\/v2\/product_tag?post=17271"}],"curies":[{"name":"wp","href":"https:\/\/api.w.org\/{rel}","templated":true}]}}