{"id":17270,"date":"2022-05-30T11:56:54","date_gmt":"2022-05-30T09:56:54","guid":{"rendered":"https:\/\/www.raschvin.com\/vare\/paul-john-nirvana-40\/"},"modified":"2022-11-30T13:23:58","modified_gmt":"2022-11-30T12:23:58","slug":"paul-john-nirvana-40","status":"publish","type":"product","link":"https:\/\/www.raschvin.com\/sv\/produkt\/paul-john-nirvana-40\/","title":{"rendered":"Paul John &#8211; Nirvana 70 cl. 40%"},"content":{"rendered":"<p>Den stora indiska singelmalt fr\u00e5n de soliga str\u00e4nderna p\u00e5 Goa. Med m\u00e5nga s\u00f6tvattenk\u00e4llor och tropisk v\u00e4rme var Goa det naturliga valet f\u00f6r var singel malt skulle skapas. Naturligtvis accelererar ett hel\u00e5rs tropiskt klimat mogning av whiskyen. Angelens andel (f\u00f6r\u00e5ngning) \u00e4r cirka 8% per \u00e5r. Single Malts unika smaker, inte minst p\u00e5 grund av den speciella kornens intensiva karakt\u00e4r vid foten av Himalaya.<\/p>\n<p>Under 2004 var Michael d&#8217;Souza Master Distiller p\u00e5 John Distilleries, d\u00e4r den f\u00f6rsta destillationen \u00e4gde rum 2008. Under 2012 lanserades Paul John i Storbritannien och har sedan vunnit otaliga priser och erk\u00e4nnanden runt om i v\u00e4rlden.<\/p>\n<p>Nirvana single malt \u00e4r en mycket framg\u00e5ngsrik smak fr\u00e5n Goans kust i Indien. Nirvana Woes sinnena med en mjuk doft av bourbon, fruktkaka och en lockande karamelllpudding. Honung s\u00f6tma ber\u00f6r f\u00f6rsiktigt gommen med en mild saltad smak av korn, medan den saftiga vaniljn inneh\u00e5ller finishen av den h\u00e4r whiskyen rik p\u00e5 koppar fr\u00e5n pannorna. Det garanterar sublima erfarenheter ut\u00f6ver det vanliga. Inga tillsatser som f\u00e4rger eller smak.<\/p>\n<p>Doft.<\/p>\n<p>En attraktiv honungskompriminerad bourbon med saftig fruktkaka och ett litet sinne om att locka karamelllpudding<\/p>\n<p>Smak<\/p>\n<p>En fin mjuk och s\u00f6t honung med en l\u00e4tt saltad korn<\/p>\n<p>Eftersmak<\/p>\n<p>Riktigt l\u00e4nge och rik p\u00e5 smaken av uppl\u00f6sande honung, korn och saftig vanilj<\/p>\n<p>Kommentar<\/p>\n<p>Byggnaden spelar bra tillsammans med ek av h\u00f6g kvalitet. Det ger oss en touch av riktigt guan-n\u00f6je!<\/p>\n","protected":false},"excerpt":{"rendered":"<p>Indian Single Malt Whisky<\/p>\n","protected":false},"featured_media":13133,"template":"","meta":{"_acf_changed":false,"rs_blank_template":"","rs_page_bg_color":"","slide_template_v7":""},"product_brand":[],"product_cat":[2387,4651,2392],"product_tag":[],"class_list":{"0":"post-17270","1":"product","2":"type-product","3":"status-publish","4":"has-post-thumbnail","6":"product_cat-avec-sv","7":"product_cat-single-malt-sv","8":"product_cat-whisky-sv","9":"pa_land-indien-sv","10":"pa_procent-40-sv-2","11":"pa_producent-john-distilleries-sv","12":"pa_region-goa-sv","13":"pa_volume-70-sv-2","15":"first","16":"instock","17":"sale","18":"taxable","19":"shipping-taxable","20":"purchasable","21":"product-type-simple"},"bundled_by":[],"bundle_stock_status":"instock","bundle_stock_quantity":null,"bundle_virtual":false,"bundle_layout":"","bundle_add_to_cart_form_location":"","bundle_editable_in_cart":false,"bundle_sold_individually_context":"","bundle_item_grouping":"","bundle_min_size":"","bundle_max_size":"","bundle_price":[],"bundled_items":[],"bundle_sell_ids":[],"acf":[],"_links":{"self":[{"href":"https:\/\/www.raschvin.com\/sv\/wp-json\/wp\/v2\/product\/17270","targetHints":{"allow":["GET"]}}],"collection":[{"href":"https:\/\/www.raschvin.com\/sv\/wp-json\/wp\/v2\/product"}],"about":[{"href":"https:\/\/www.raschvin.com\/sv\/wp-json\/wp\/v2\/types\/product"}],"wp:featuredmedia":[{"embeddable":true,"href":"https:\/\/www.raschvin.com\/sv\/wp-json\/wp\/v2\/media\/13133"}],"wp:attachment":[{"href":"https:\/\/www.raschvin.com\/sv\/wp-json\/wp\/v2\/media?parent=17270"}],"wp:term":[{"taxonomy":"product_brand","embeddable":true,"href":"https:\/\/www.raschvin.com\/sv\/wp-json\/wp\/v2\/product_brand?post=17270"},{"taxonomy":"product_cat","embeddable":true,"href":"https:\/\/www.raschvin.com\/sv\/wp-json\/wp\/v2\/product_cat?post=17270"},{"taxonomy":"product_tag","embeddable":true,"href":"https:\/\/www.raschvin.com\/sv\/wp-json\/wp\/v2\/product_tag?post=17270"}],"curies":[{"name":"wp","href":"https:\/\/api.w.org\/{rel}","templated":true}]}}