{"id":17268,"date":"2022-05-30T11:56:54","date_gmt":"2022-05-30T09:56:54","guid":{"rendered":"https:\/\/www.raschvin.com\/vare\/paul-john-kanya-50\/"},"modified":"2022-11-30T13:16:50","modified_gmt":"2022-11-30T12:16:50","slug":"paul-john-kanya-50","status":"publish","type":"product","link":"https:\/\/www.raschvin.com\/sv\/produkt\/paul-john-kanya-50\/","title":{"rendered":"Paul John &#8211; Kanya 70 cl. 50%"},"content":{"rendered":"<p>Den stora indiska singelmalt fr\u00e5n de soliga str\u00e4nderna p\u00e5 Goa. Med m\u00e5nga s\u00f6tvattenk\u00e4llor och tropisk v\u00e4rme var Goa det naturliga valet f\u00f6r var singel malt skulle skapas. Naturligtvis accelererar ett hel\u00e5rs tropiskt klimat mogning av whiskyen. Angelens andel (f\u00f6r\u00e5ngning) \u00e4r cirka 8% per \u00e5r. Single Malts unika smaker, inte minst p\u00e5 grund av den speciella kornens intensiva karakt\u00e4r vid foten av Himalaya.<\/p>\n<p>Under 2004 var Michael d&#8217;Souza Master Distiller p\u00e5 John Distilleries, d\u00e4r den f\u00f6rsta destillationen \u00e4gde rum 2008. Under 2012 lanserades Paul John i Storbritannien och har sedan vunnit otaliga priser och erk\u00e4nnanden runt om i v\u00e4rlden. Mac Y \u00e4r stolt \u00f6ver att presentera Paul John Single Malts i Danmark.<\/p>\n<p>Whiskyerna \u00e4r inte chillfiltrerade och har Helle inga tillsatser (f\u00e4rger eller smak).<\/p>\n<p>Paul John Kanya \u00e4r en exotisk icke-peated whisky som h\u00e5ller 50%.<\/p>\n<p>Whiskyen har mognat 7 \u00e5r i amerikanskt vitt, vilket tydligt g\u00f6r sig k\u00e4nt i den otroligt mjuka upplevelsen.<\/p>\n<p>Doft.<\/p>\n<p>Ljus citrus, manuka honung. Malt, mogen persika, aprikos och vanilj.<\/p>\n<p>Smak<\/p>\n<p>Rik och kr\u00e4mig munk\u00e4nsla. karamelll fr\u00e5n eken.<\/p>\n<p>Eftersmak<\/p>\n<p>V\u00e4rmekryddor, rostad ek, den minsta hint av salt.<\/p>\n<p>Kommentar<\/p>\n<p>Ett mycket komplext och s\u00e5 mjukt whisky.<\/p>\n","protected":false},"excerpt":{"rendered":"<p>Indian Single Malt Whisky<\/p>\n","protected":false},"featured_media":13113,"template":"","meta":{"_acf_changed":false,"rs_blank_template":"","rs_page_bg_color":"","slide_template_v7":""},"product_brand":[],"product_cat":[2387,4651,2392],"product_tag":[],"class_list":{"0":"post-17268","1":"product","2":"type-product","3":"status-publish","4":"has-post-thumbnail","6":"product_cat-avec-sv","7":"product_cat-single-malt-sv","8":"product_cat-whisky-sv","9":"pa_land-indien-sv","10":"pa_procent-50-sv","11":"pa_producent-john-distilleries-sv","12":"pa_region-goa-sv","13":"pa_volume-70-sv-2","15":"first","16":"instock","17":"taxable","18":"shipping-taxable","19":"purchasable","20":"product-type-simple"},"bundled_by":[],"bundle_stock_status":"instock","bundle_stock_quantity":null,"bundle_virtual":false,"bundle_layout":"","bundle_add_to_cart_form_location":"","bundle_editable_in_cart":false,"bundle_sold_individually_context":"","bundle_item_grouping":"","bundle_min_size":"","bundle_max_size":"","bundle_price":[],"bundled_items":[],"bundle_sell_ids":[],"acf":[],"_links":{"self":[{"href":"https:\/\/www.raschvin.com\/sv\/wp-json\/wp\/v2\/product\/17268","targetHints":{"allow":["GET"]}}],"collection":[{"href":"https:\/\/www.raschvin.com\/sv\/wp-json\/wp\/v2\/product"}],"about":[{"href":"https:\/\/www.raschvin.com\/sv\/wp-json\/wp\/v2\/types\/product"}],"wp:featuredmedia":[{"embeddable":true,"href":"https:\/\/www.raschvin.com\/sv\/wp-json\/wp\/v2\/media\/13113"}],"wp:attachment":[{"href":"https:\/\/www.raschvin.com\/sv\/wp-json\/wp\/v2\/media?parent=17268"}],"wp:term":[{"taxonomy":"product_brand","embeddable":true,"href":"https:\/\/www.raschvin.com\/sv\/wp-json\/wp\/v2\/product_brand?post=17268"},{"taxonomy":"product_cat","embeddable":true,"href":"https:\/\/www.raschvin.com\/sv\/wp-json\/wp\/v2\/product_cat?post=17268"},{"taxonomy":"product_tag","embeddable":true,"href":"https:\/\/www.raschvin.com\/sv\/wp-json\/wp\/v2\/product_tag?post=17268"}],"curies":[{"name":"wp","href":"https:\/\/api.w.org\/{rel}","templated":true}]}}