{"id":17248,"date":"2022-05-30T11:54:17","date_gmt":"2022-05-30T09:54:17","guid":{"rendered":"https:\/\/www.raschvin.com\/vare\/santos-dumont-x-o\/"},"modified":"2022-12-06T10:47:24","modified_gmt":"2022-12-06T09:47:24","slug":"santos-dumont-x-o","status":"publish","type":"product","link":"https:\/\/www.raschvin.com\/sv\/produkt\/santos-dumont-x-o\/","title":{"rendered":"Santos Dumont &#8211; XO 70 cl. 40%"},"content":{"rendered":"<p>Antos Dumont XO \u00e4r tillverkad p\u00e5 den rena nypressade juice fr\u00e5n den f\u00e4rsk sockerr\u00f6r. Den nyligen pressade juice \u00e4r en delikatess i sig n\u00e4r saften \u00e4r k\u00e4rleksfullt destillerad p\u00e5 gamla kopparpannor, potten, en uppn\u00e5r en tydlig skarp kvalitet piritus. Denna nyf\u00f6dda Rom h\u00e4lls sedan p\u00e5 tre olika typer av ekfat som tidigare inneh\u00f6ll:<\/p>\n<p>Bourbon ger rumble anteckningar av vanilj och svartpeppar.<br \/>\nPX Sherryfade, till\u00e4gger mogen frukt, honung och en snatch av gammal ek.<br \/>\nPortcine r\u00e4tter, med s\u00f6tma, sk\u00e4rpa och mjuk vin\u00f6s karakt\u00e4r.<\/p>\n<p>D\u00e5 \u00e4r det upp till den mycket kunniga och erfarna masterblandaren, f\u00f6r att h\u00e5lla de tre matr\u00e4ttarna tillsammans i den magiska blandningen som ger oss en gammal \u00e4dla Rom. Nu vilar du rummet f\u00f6r sista g\u00e5ngen i den enkla handplockade matr\u00e4tten, d\u00e4r rummet utvecklar sin mycket speciella enskilda tecken.<\/p>\n<p>En Santos Dumont XO \u00e4r alltid numrerad enkelradrom som indikerar b\u00e5de fads och flasknummer.<\/p>\n<p>Doft:<\/p>\n<p>Banan, kokosn\u00f6t mogen frukt och aprikor<\/p>\n<p>Smak:<\/p>\n<p>Mjuka taniner, h\u00f6ga estrar, honung och inte minst fermenterad frukt<\/p>\n<p>Eftersmak:<\/p>\n<p>En h\u00e4rlig l\u00e5ng eftersmak i s\u00f6tma av den s\u00f6ta<\/p>\n<p>Kommentar:<\/p>\n<p>Amber, dj\u00e4rv med vackra gardiner. Drick rummet som det \u00e4r eller i cocktailglas med krossad is till kaffet.<\/p>\n","protected":false},"excerpt":{"rendered":"<p>Premium Aged Spirit Drink<\/p>\n","protected":false},"featured_media":12985,"template":"","meta":{"_acf_changed":false,"rs_blank_template":"","rs_page_bg_color":"","slide_template_v7":""},"product_brand":[],"product_cat":[2387,2391,4634],"product_tag":[],"class_list":{"0":"post-17248","1":"product","2":"type-product","3":"status-publish","4":"has-post-thumbnail","6":"product_cat-avec-sv","7":"product_cat-rom-sv","8":"product_cat-premium-aged-sv","9":"pa_land-brasilien-sv","10":"pa_procent-40-sv-2","11":"pa_producent-santos-dumont-sv","12":"pa_volume-70-sv-2","14":"first","15":"instock","16":"sale","17":"taxable","18":"shipping-taxable","19":"purchasable","20":"product-type-simple"},"bundled_by":[],"bundle_stock_status":"instock","bundle_stock_quantity":null,"bundle_virtual":false,"bundle_layout":"","bundle_add_to_cart_form_location":"","bundle_editable_in_cart":false,"bundle_sold_individually_context":"","bundle_item_grouping":"","bundle_min_size":"","bundle_max_size":"","bundle_price":[],"bundled_items":[],"bundle_sell_ids":[],"acf":[],"_links":{"self":[{"href":"https:\/\/www.raschvin.com\/sv\/wp-json\/wp\/v2\/product\/17248","targetHints":{"allow":["GET"]}}],"collection":[{"href":"https:\/\/www.raschvin.com\/sv\/wp-json\/wp\/v2\/product"}],"about":[{"href":"https:\/\/www.raschvin.com\/sv\/wp-json\/wp\/v2\/types\/product"}],"wp:featuredmedia":[{"embeddable":true,"href":"https:\/\/www.raschvin.com\/sv\/wp-json\/wp\/v2\/media\/12985"}],"wp:attachment":[{"href":"https:\/\/www.raschvin.com\/sv\/wp-json\/wp\/v2\/media?parent=17248"}],"wp:term":[{"taxonomy":"product_brand","embeddable":true,"href":"https:\/\/www.raschvin.com\/sv\/wp-json\/wp\/v2\/product_brand?post=17248"},{"taxonomy":"product_cat","embeddable":true,"href":"https:\/\/www.raschvin.com\/sv\/wp-json\/wp\/v2\/product_cat?post=17248"},{"taxonomy":"product_tag","embeddable":true,"href":"https:\/\/www.raschvin.com\/sv\/wp-json\/wp\/v2\/product_tag?post=17248"}],"curies":[{"name":"wp","href":"https:\/\/api.w.org\/{rel}","templated":true}]}}