{"id":17244,"date":"2022-05-30T11:54:17","date_gmt":"2022-05-30T09:54:17","guid":{"rendered":"https:\/\/www.raschvin.com\/vare\/malteco-20-years-reserva-del-fundador\/"},"modified":"2022-11-25T15:11:37","modified_gmt":"2022-11-25T14:11:37","slug":"malteco-20-years-reserva-del-fundador","status":"publish","type":"product","link":"https:\/\/www.raschvin.com\/sv\/produkt\/malteco-20-years-reserva-del-fundador\/","title":{"rendered":"Malteco 20 Years Reserva Del Fundador 70 cl. 40%"},"content":{"rendered":"<p>Ron Malteco rum 20 \u00e5r \u00e4r en h\u00e4rlig, mjuk och fullt rum med massor av kryddor. Idag produceras och mognad i Panama med den gamla Guatemala Rome som modell. Ron Malteco 20 \u00e5r \u00e4r gjord p\u00e5 den f\u00e4rsk sockerr\u00f6rsaften och destilleras i kolumnapparater.<\/p>\n<p>Ron Malteco 20 \u00e5rs flaska i begr\u00e4nsade kvantiteter. F\u00f6rklaringen \u00e4r enkel &#8211; det finns bara en handfull bortskaffande varje \u00e5r med Rom som har den n\u00f6dv\u00e4ndiga \u00e5lder, komplexitet och densitet i smaken. Doften \u00e4r s\u00f6t, \u00e4del och fylld med karakt\u00e4ren av tobaksblad, kryddor, exotiska skogar och l\u00e4ttbr\u00e4nd ek. Smaken \u00e4r otroligt rik och fet, med en bekv\u00e4m attack av vanilj, slipad peppar, kanel och stickande ek. Eftermappen slutar bra i fyrverkerier av apelsiner, Muscova socker och m\u00f6rk kakao. Malteco 20 \u00e5r b\u00f6r avnjutas i tysta meditationer tillsammans med massor av god choklad.<\/p>\n","protected":false},"excerpt":{"rendered":"<p>Premium Panama Aged Rum<\/p>\n","protected":false},"featured_media":12963,"template":"","meta":{"_acf_changed":false,"rs_blank_template":"","rs_page_bg_color":"","slide_template_v7":""},"product_brand":[],"product_cat":[2387,2391,4634],"product_tag":[],"class_list":{"0":"post-17244","1":"product","2":"type-product","3":"status-publish","4":"has-post-thumbnail","6":"product_cat-avec-sv","7":"product_cat-rom-sv","8":"product_cat-premium-aged-sv","9":"pa_land-panama-sv","10":"pa_procent-40-sv-2","11":"pa_producent-savio-s-r-l-sv","12":"pa_traefad-bourbon-sv","13":"pa_volume-70-sv-2","15":"first","16":"instock","17":"sale","18":"taxable","19":"shipping-taxable","20":"purchasable","21":"product-type-simple"},"bundled_by":[],"bundle_stock_status":"instock","bundle_stock_quantity":null,"bundle_virtual":false,"bundle_layout":"","bundle_add_to_cart_form_location":"","bundle_editable_in_cart":false,"bundle_sold_individually_context":"","bundle_item_grouping":"","bundle_min_size":"","bundle_max_size":"","bundle_price":[],"bundled_items":[],"bundle_sell_ids":[],"acf":[],"_links":{"self":[{"href":"https:\/\/www.raschvin.com\/sv\/wp-json\/wp\/v2\/product\/17244","targetHints":{"allow":["GET"]}}],"collection":[{"href":"https:\/\/www.raschvin.com\/sv\/wp-json\/wp\/v2\/product"}],"about":[{"href":"https:\/\/www.raschvin.com\/sv\/wp-json\/wp\/v2\/types\/product"}],"wp:featuredmedia":[{"embeddable":true,"href":"https:\/\/www.raschvin.com\/sv\/wp-json\/wp\/v2\/media\/12963"}],"wp:attachment":[{"href":"https:\/\/www.raschvin.com\/sv\/wp-json\/wp\/v2\/media?parent=17244"}],"wp:term":[{"taxonomy":"product_brand","embeddable":true,"href":"https:\/\/www.raschvin.com\/sv\/wp-json\/wp\/v2\/product_brand?post=17244"},{"taxonomy":"product_cat","embeddable":true,"href":"https:\/\/www.raschvin.com\/sv\/wp-json\/wp\/v2\/product_cat?post=17244"},{"taxonomy":"product_tag","embeddable":true,"href":"https:\/\/www.raschvin.com\/sv\/wp-json\/wp\/v2\/product_tag?post=17244"}],"curies":[{"name":"wp","href":"https:\/\/api.w.org\/{rel}","templated":true}]}}