{"id":17243,"date":"2022-05-30T11:53:08","date_gmt":"2022-05-30T09:53:08","guid":{"rendered":"https:\/\/www.raschvin.com\/vare\/malteco-25-years-reserva-rara\/"},"modified":"2022-11-25T17:06:52","modified_gmt":"2022-11-25T16:06:52","slug":"malteco-25-years-reserva-rara","status":"publish","type":"product","link":"https:\/\/www.raschvin.com\/sv\/produkt\/malteco-25-years-reserva-rara\/","title":{"rendered":"Malteco 25 Years Reserva Rara 70 cl. 40%"},"content":{"rendered":"<p>Tillverkaren<br \/>\n\u00c4ven om Malteco Ron \u00e4r en Guatemala-Stilet Rom, \u00e4r det verkligen en panamanese Rom som produceras av Varela Hermanos Bodegas de America SA. Receptet \u00e4r gjord i Guatemala, d\u00e4r Malteco Ron ursprungligen producerats. Receptet \u00e4r fr\u00e5n Guatemala, och raden blir kontinuerligt kontrollerad av &#8221;Asociacion Maestros Roneros de Guatemala&#8221;.<br \/>\nVarela Hermanos ligger i staden Pes\u00e9 i s\u00f6dra delen av centrala Panama. \u00c5r 1908 etablerade den d\u00e5varande \u00e4garen Don Jos\u00e9 Varela Blanco, den f\u00f6rsta sockerfabriken. Senare, 1936, \u00f6ppnade Rom-tillverkaren, som sedan dess producerat h\u00f6gkvalitativ Rom.<br \/>\nVarela Hermanos \u00e4r den st\u00f6rsta leverant\u00f6ren av Rom till hemmamarknaden i Panama och levererar mer \u00e4n 90% av Al Rom till lokalbefolkningen. Rummet \u00e4r destillerat p\u00e5 kolumnkedjor och \u00e4r d\u00e4rf\u00f6r i den eleganta, ljusstilen, som ocks\u00e5 k\u00e4nnetecknas av Rom fr\u00e5n Guatemala. Rummet \u00e4r lagrat p\u00e5 220 liter anv\u00e4nds Bourbon Dish of White, American Oak. Tunna ger rummet en l\u00e4mplig kontakt med sk\u00e5len, d\u00e4r mindre fat skulle ge f\u00f6r mycket kontakt och st\u00f6rre fat f\u00f6r lite.<\/p>\n<p>Produkten<br \/>\nMalteco Ron Anejo 25 aastat &#8211; Reserva Rara 40% \u00e4r en 25-\u00e5rig Rom, fr\u00e5n Panama, har Rom lagrat i 220liters ex-Bourbon Oak Barrels. Malteco 25 \u00e4r i ett ljust kryddigt rum i den eleganta stilen, det har en fin balans och s\u00f6tma, liksom tips av kryddor. Malteco 25 destilleras p\u00e5 fermenterad sockerr\u00f6rsaft och \u00e4r d\u00e4rf\u00f6r inte gjord p\u00e5 melasser som Rom mestadels g\u00f6rs. Detta g\u00f6r Malteco<br \/>\nGrundprodukten har inte kryddat Anise och Brown Farin Notes, men \u00e4r l\u00e4ttare i stilen och mer p\u00e5verkad av Fleet Ring. I n\u00e4san, Malteco 25 anteckningar av torkad frukt, choklad, karamelll och lite v\u00e4xtbaserade anteckningar. P\u00e5 tungan, den intensiva och kraftfulla, choklad och vaniljn \u00e4r tydligt igenom, det finns ocks\u00e5 l\u00e4tta anteckningar av l\u00f6nn. Malteco 25 har en mycket best\u00e4ndig finish, med vanilj, m\u00f6rk choklad<br \/>\noch lite s\u00f6tma.<\/p>\n","protected":false},"excerpt":{"rendered":"<p>Premium Panama Aged Rum<\/p>\n","protected":false},"featured_media":12959,"template":"","meta":{"_acf_changed":false,"rs_blank_template":"","rs_page_bg_color":"","slide_template_v7":""},"product_brand":[],"product_cat":[2387,4634,2391],"product_tag":[],"class_list":{"0":"post-17243","1":"product","2":"type-product","3":"status-publish","4":"has-post-thumbnail","6":"product_cat-avec-sv","7":"product_cat-premium-aged-sv","8":"product_cat-rom-sv","9":"pa_land-panama-sv","10":"pa_procent-40-sv-2","11":"pa_producent-savio-s-r-l-sv","12":"pa_traefad-bourbon-sv","13":"pa_volume-70-sv-2","15":"first","16":"instock","17":"sale","18":"taxable","19":"shipping-taxable","20":"purchasable","21":"product-type-simple"},"bundled_by":[],"bundle_stock_status":"instock","bundle_stock_quantity":null,"bundle_virtual":false,"bundle_layout":"","bundle_add_to_cart_form_location":"","bundle_editable_in_cart":false,"bundle_sold_individually_context":"","bundle_item_grouping":"","bundle_min_size":"","bundle_max_size":"","bundle_price":[],"bundled_items":[],"bundle_sell_ids":[],"acf":[],"_links":{"self":[{"href":"https:\/\/www.raschvin.com\/sv\/wp-json\/wp\/v2\/product\/17243","targetHints":{"allow":["GET"]}}],"collection":[{"href":"https:\/\/www.raschvin.com\/sv\/wp-json\/wp\/v2\/product"}],"about":[{"href":"https:\/\/www.raschvin.com\/sv\/wp-json\/wp\/v2\/types\/product"}],"wp:featuredmedia":[{"embeddable":true,"href":"https:\/\/www.raschvin.com\/sv\/wp-json\/wp\/v2\/media\/12959"}],"wp:attachment":[{"href":"https:\/\/www.raschvin.com\/sv\/wp-json\/wp\/v2\/media?parent=17243"}],"wp:term":[{"taxonomy":"product_brand","embeddable":true,"href":"https:\/\/www.raschvin.com\/sv\/wp-json\/wp\/v2\/product_brand?post=17243"},{"taxonomy":"product_cat","embeddable":true,"href":"https:\/\/www.raschvin.com\/sv\/wp-json\/wp\/v2\/product_cat?post=17243"},{"taxonomy":"product_tag","embeddable":true,"href":"https:\/\/www.raschvin.com\/sv\/wp-json\/wp\/v2\/product_tag?post=17243"}],"curies":[{"name":"wp","href":"https:\/\/api.w.org\/{rel}","templated":true}]}}