{"id":17242,"date":"2022-05-30T11:53:08","date_gmt":"2022-05-30T09:53:08","guid":{"rendered":"https:\/\/www.raschvin.com\/vare\/malteco-15-years-reserva-maya\/"},"modified":"2022-11-25T15:09:23","modified_gmt":"2022-11-25T14:09:23","slug":"malteco-15-years-reserva-maya","status":"publish","type":"product","link":"https:\/\/www.raschvin.com\/sv\/produkt\/malteco-15-years-reserva-maya\/","title":{"rendered":"Malteco 15 Years Reserva Maya 70 cl. 40%"},"content":{"rendered":"<p>Tillverkaren<br \/>\n\u00c4ven om Malteco Ron \u00e4r en Guatemala-Stilet Rom, \u00e4r det verkligen en panamanese Rom som produceras av Varela Hermanos Bodegas de America SA. Receptet \u00e4r gjord i Guatemala, d\u00e4r Malteco Ron ursprungligen producerats. Receptet \u00e4r fr\u00e5n Guatemala, och raden blir kontinuerligt kontrollerad av &#8221;Asociacion Maestros Roneros de Guatemala&#8221;.<\/p>\n<p>Varela Hermanos ligger i staden Pes\u00e9 i s\u00f6dra delen av centrala Panama. \u00c5r 1908 etablerade den d\u00e5varande \u00e4garen Don Jos\u00e9 Varela Blanco, den f\u00f6rsta sockerfabriken. Senare, 1936, \u00f6ppnade Rom-tillverkaren, som sedan dess producerat h\u00f6gkvalitativ Rom.<\/p>\n<p>Varela Hermanos \u00e4r den st\u00f6rsta leverant\u00f6ren av Rom till hemmamarknaden i Panama och levererar mer \u00e4n 90% av Al Rom till lokalbefolkningen. Rummet \u00e4r destillerat p\u00e5 kolumnkedjor och \u00e4r d\u00e4rf\u00f6r i den eleganta, ljusstilen, som ocks\u00e5 k\u00e4nnetecknas av Rom fr\u00e5n Guatemala. Rummet \u00e4r lagrat p\u00e5 220 liter anv\u00e4nds Bourbon Dish of White, American Oak. Tunna ger rummet en l\u00e4mplig kontakt med sk\u00e5len, d\u00e4r mindre fat skulle ge f\u00f6r mycket kontakt och st\u00f6rre fat f\u00f6r lite.<\/p>\n<p>Rumble<br \/>\nMalteco Ron Anejo 15 aastat &#8211; Reserva Maya 41,5% \u00e4r en 15-\u00e5rig Rom. Rummet \u00e4r i en l\u00e4tt kryddig, elegant stil, och det har en fin balans och s\u00f6tma samt tips av kryddor. Malteco 15 \u00e5r destilleras p\u00e5 fermenterad sockerr\u00f6rsaft och \u00e4r s\u00e5ledes inte gjord p\u00e5 melasser som ROM ofta produceras. Det inneb\u00e4r att Malteco 15 \u00e5rs grundl\u00e4ggande produkt inte har de typiska anteckningarna av kryddig anis och bruna farin, men \u00e4r l\u00e4ttare i stilen och mer p\u00e5verkad av blekning. I n\u00e4san har rummet l\u00e4tta anteckningar av brunt socker och kanel, p\u00e5 tungan har ljusa och eleganta fruktiga anteckningar samt en touch av vanilj och kanel. Malteco 15 \u00e5r har en fin l\u00e5ng finish med torkade fruktnoteringar.<\/p>\n","protected":false},"excerpt":{"rendered":"<p>Premium Panama Aged Rum<\/p>\n","protected":false},"featured_media":12955,"template":"","meta":{"_acf_changed":false,"rs_blank_template":"","rs_page_bg_color":"","slide_template_v7":""},"product_brand":[],"product_cat":[2387,4634,2391],"product_tag":[],"class_list":{"0":"post-17242","1":"product","2":"type-product","3":"status-publish","4":"has-post-thumbnail","6":"product_cat-avec-sv","7":"product_cat-premium-aged-sv","8":"product_cat-rom-sv","9":"pa_land-panama-sv","10":"pa_procent-41-sv","11":"pa_producent-savio-s-r-l-sv","12":"pa_traefad-bourbon-sv","13":"pa_volume-70-sv-2","15":"first","16":"instock","17":"sale","18":"taxable","19":"shipping-taxable","20":"purchasable","21":"product-type-simple"},"bundled_by":[],"bundle_stock_status":"instock","bundle_stock_quantity":null,"bundle_virtual":false,"bundle_layout":"","bundle_add_to_cart_form_location":"","bundle_editable_in_cart":false,"bundle_sold_individually_context":"","bundle_item_grouping":"","bundle_min_size":"","bundle_max_size":"","bundle_price":[],"bundled_items":[],"bundle_sell_ids":[],"acf":[],"_links":{"self":[{"href":"https:\/\/www.raschvin.com\/sv\/wp-json\/wp\/v2\/product\/17242","targetHints":{"allow":["GET"]}}],"collection":[{"href":"https:\/\/www.raschvin.com\/sv\/wp-json\/wp\/v2\/product"}],"about":[{"href":"https:\/\/www.raschvin.com\/sv\/wp-json\/wp\/v2\/types\/product"}],"wp:featuredmedia":[{"embeddable":true,"href":"https:\/\/www.raschvin.com\/sv\/wp-json\/wp\/v2\/media\/12955"}],"wp:attachment":[{"href":"https:\/\/www.raschvin.com\/sv\/wp-json\/wp\/v2\/media?parent=17242"}],"wp:term":[{"taxonomy":"product_brand","embeddable":true,"href":"https:\/\/www.raschvin.com\/sv\/wp-json\/wp\/v2\/product_brand?post=17242"},{"taxonomy":"product_cat","embeddable":true,"href":"https:\/\/www.raschvin.com\/sv\/wp-json\/wp\/v2\/product_cat?post=17242"},{"taxonomy":"product_tag","embeddable":true,"href":"https:\/\/www.raschvin.com\/sv\/wp-json\/wp\/v2\/product_tag?post=17242"}],"curies":[{"name":"wp","href":"https:\/\/api.w.org\/{rel}","templated":true}]}}