{"id":17239,"date":"2025-07-23T10:12:08","date_gmt":"2025-07-23T08:12:08","guid":{"rendered":"https:\/\/www.raschvin.com\/vare\/nordes-gin\/"},"modified":"2022-11-29T12:11:00","modified_gmt":"2022-11-29T11:11:00","slug":"nordes-gin","status":"publish","type":"product","link":"https:\/\/www.raschvin.com\/sv\/produkt\/nordes-gin\/","title":{"rendered":"Nord\u00e9s Gin 70 cl. 40%"},"content":{"rendered":"<p>Nord\u00e9s Gin 40% \u00e4r hj\u00e4rtat och sj\u00e4len fr\u00e5n Galicien p\u00e5 en flaska. Namnet sj\u00e4lv kommer fr\u00e5n Wind Nord\u00e9s, som &#8221;ger bra v\u00e4der&#8221; eller &#8221;goda tider&#8221;. Ginet \u00e4r tillverkat av tre v\u00e4nner, d\u00e4r tv\u00e5 arbetar professionellt med vin, d\u00e4rf\u00f6r var det ocks\u00e5 naturligt att anv\u00e4nda lokala ingredienser, s\u00e5som basalkoholen, som \u00e4r gjord p\u00e5 albarino druvor. Tanken \u00e4r att visa allt Galicia kan, inifr\u00e5n och ut. D\u00e4rf\u00f6r, stor majoritet av saker antingen fr\u00e5n Galicien eller inspirerad av Galicien.<\/p>\n<p>Gin har 11 ingredienser, 6 \u00e4r lokala (salvia, citron verbena, vikblad, pepparmynta, eukalyptus och salt), och 5 importeras (singleberry, kardemumma, ingef\u00e4ra, hibiskus och svart ceylon). Flaskan sj\u00e4lv \u00e4r mycket traditionell f\u00f6r den region d\u00e4r keramik och keramik har en l\u00e5ng historia, och den enkla vita och bl\u00e5 f\u00e4rgen \u00e5terspeglar b\u00e5de Galicias flagga, men \u00e4r ocks\u00e5 traditionella f\u00e4rger fr\u00e5n omr\u00e5det. Nord\u00e9s \u00e4r en elegant gin, det \u00e4r modernt och du sitter en underbar smak i munnen av b\u00e5de enb\u00e4r och salvia. Nordes g\u00e5r mycket bra med Fever-Tree Elderflower, men ocks\u00e5 Medelhavet och Indian Tonic. Dekorera med 3 gr\u00f6na druvor eller salviablad<\/p>\n","protected":false},"excerpt":{"rendered":"<p>Atlantic Galician Gin &#8211; Spain<\/p>\n","protected":false},"featured_media":12937,"template":"","meta":{"_acf_changed":false,"rs_blank_template":"","rs_page_bg_color":"","slide_template_v7":""},"product_brand":[],"product_cat":[4711,2404,2402],"product_tag":[],"class_list":{"0":"post-17239","1":"product","2":"type-product","3":"status-publish","4":"has-post-thumbnail","6":"product_cat-andra-gins","7":"product_cat-gin-sv","8":"product_cat-sprit-sv","9":"pa_land-spanien-sv","10":"pa_procent-40-sv-2","11":"pa_producent-osborne-distribuidora-s-a-sv","12":"pa_volume-70-sv-2","14":"first","15":"instock","16":"sale","17":"taxable","18":"shipping-taxable","19":"purchasable","20":"product-type-simple"},"bundled_by":[],"bundle_stock_status":"instock","bundle_stock_quantity":null,"bundle_virtual":false,"bundle_layout":"","bundle_add_to_cart_form_location":"","bundle_editable_in_cart":false,"bundle_sold_individually_context":"","bundle_item_grouping":"","bundle_min_size":"","bundle_max_size":"","bundle_price":[],"bundled_items":[],"bundle_sell_ids":[],"acf":[],"_links":{"self":[{"href":"https:\/\/www.raschvin.com\/sv\/wp-json\/wp\/v2\/product\/17239","targetHints":{"allow":["GET"]}}],"collection":[{"href":"https:\/\/www.raschvin.com\/sv\/wp-json\/wp\/v2\/product"}],"about":[{"href":"https:\/\/www.raschvin.com\/sv\/wp-json\/wp\/v2\/types\/product"}],"wp:featuredmedia":[{"embeddable":true,"href":"https:\/\/www.raschvin.com\/sv\/wp-json\/wp\/v2\/media\/12937"}],"wp:attachment":[{"href":"https:\/\/www.raschvin.com\/sv\/wp-json\/wp\/v2\/media?parent=17239"}],"wp:term":[{"taxonomy":"product_brand","embeddable":true,"href":"https:\/\/www.raschvin.com\/sv\/wp-json\/wp\/v2\/product_brand?post=17239"},{"taxonomy":"product_cat","embeddable":true,"href":"https:\/\/www.raschvin.com\/sv\/wp-json\/wp\/v2\/product_cat?post=17239"},{"taxonomy":"product_tag","embeddable":true,"href":"https:\/\/www.raschvin.com\/sv\/wp-json\/wp\/v2\/product_tag?post=17239"}],"curies":[{"name":"wp","href":"https:\/\/api.w.org\/{rel}","templated":true}]}}