{"id":17238,"date":"2022-05-30T11:53:08","date_gmt":"2022-05-30T09:53:08","guid":{"rendered":"https:\/\/www.raschvin.com\/vare\/g-vine-collection-gin-gift-pack-4x5-cl\/"},"modified":"2022-11-17T16:22:01","modified_gmt":"2022-11-17T15:22:01","slug":"g-vine-collection-gin-gift-pack-4x5-cl","status":"publish","type":"product","link":"https:\/\/www.raschvin.com\/sv\/produkt\/g-vine-collection-gin-gift-pack-4x5-cl\/","title":{"rendered":"G Vine &#8211; Collection Gin Giftpack 4&#215;5 cl."},"content":{"rendered":"<p>G&#8217;vine Collection \u00e4r den ultimata Gin-Sampak med 4 av de b\u00e4sta ginsna p\u00e5 marknaden.<br \/>\nDu f\u00e5r juni Wild Peach Gin 37.5% Juni Royal Pear% Cardamom Gin 37.5% G&#8217;Vine Floraison Gin 40% och Nouaison Gin, av G&#8217;Vine 45%<\/p>\n","protected":false},"excerpt":{"rendered":"<p>4 Bottles From G&#8217;Vine &#8211; Gin de France<\/p>\n","protected":false},"featured_media":12933,"template":"","meta":{"_acf_changed":false,"rs_blank_template":"","rs_page_bg_color":"","slide_template_v7":""},"product_brand":[],"product_cat":[2402,2404,2753,2758,4700,4711],"product_tag":[],"class_list":{"0":"post-17238","1":"product","2":"type-product","3":"status-publish","4":"has-post-thumbnail","6":"product_cat-sprit-sv","7":"product_cat-gin-sv","8":"product_cat-gaavor","9":"product_cat-provsmakning-set","10":"product_cat-flavoured-gin-sv","11":"product_cat-andra-gins","12":"pa_land-frankrike","13":"pa_procent-40-sv-2","14":"pa_producent-g-vine-sv","15":"pa_volume-20-sv","17":"first","18":"instock","19":"sale","20":"taxable","21":"shipping-taxable","22":"purchasable","23":"product-type-simple"},"bundled_by":[],"bundle_stock_status":"instock","bundle_stock_quantity":null,"bundle_virtual":false,"bundle_layout":"","bundle_add_to_cart_form_location":"","bundle_editable_in_cart":false,"bundle_sold_individually_context":"","bundle_item_grouping":"","bundle_min_size":"","bundle_max_size":"","bundle_price":[],"bundled_items":[],"bundle_sell_ids":[],"acf":[],"_links":{"self":[{"href":"https:\/\/www.raschvin.com\/sv\/wp-json\/wp\/v2\/product\/17238","targetHints":{"allow":["GET"]}}],"collection":[{"href":"https:\/\/www.raschvin.com\/sv\/wp-json\/wp\/v2\/product"}],"about":[{"href":"https:\/\/www.raschvin.com\/sv\/wp-json\/wp\/v2\/types\/product"}],"wp:featuredmedia":[{"embeddable":true,"href":"https:\/\/www.raschvin.com\/sv\/wp-json\/wp\/v2\/media\/12933"}],"wp:attachment":[{"href":"https:\/\/www.raschvin.com\/sv\/wp-json\/wp\/v2\/media?parent=17238"}],"wp:term":[{"taxonomy":"product_brand","embeddable":true,"href":"https:\/\/www.raschvin.com\/sv\/wp-json\/wp\/v2\/product_brand?post=17238"},{"taxonomy":"product_cat","embeddable":true,"href":"https:\/\/www.raschvin.com\/sv\/wp-json\/wp\/v2\/product_cat?post=17238"},{"taxonomy":"product_tag","embeddable":true,"href":"https:\/\/www.raschvin.com\/sv\/wp-json\/wp\/v2\/product_tag?post=17238"}],"curies":[{"name":"wp","href":"https:\/\/api.w.org\/{rel}","templated":true}]}}