{"id":17235,"date":"2022-05-30T11:53:08","date_gmt":"2022-05-30T09:53:08","guid":{"rendered":"https:\/\/www.raschvin.com\/vare\/rum-malecon-20-years-rare-proof-484\/"},"modified":"2022-12-06T08:15:43","modified_gmt":"2022-12-06T07:15:43","slug":"rum-malecon-20-years-rare-proof-484","status":"publish","type":"product","link":"https:\/\/www.raschvin.com\/sv\/produkt\/rum-malecon-20-years-rare-proof-484\/","title":{"rendered":"Rum Malecon 20 Years Rare Proof 70 cl. 48,4%"},"content":{"rendered":"<p>En h\u00f6gsta kvalitet, l\u00e5ng \u00e5lder och enstaka vintage Rom fr\u00e5n Panamanese Company, Rom Malecon.<\/p>\n<p>Denna tappning utg\u00f6r en del av sina s\u00e4llsynta bevismaterial som presenterar sin anda till h\u00f6gre bevis och drar bara de finaste vaserna. Malecon forts\u00e4tter att g\u00f6ra sin anda till traditionella kubanska recept, och varum\u00e4rket \u00e4r faktiskt uppkallat efter Havanna mest k\u00e4nda gata.<\/p>\n<p>Rummet har destillerats i en enda kolumn fortfarande fr\u00e5n &#8221;de b\u00e4sta sockerr\u00f6rmakare&#8221;. Denna Malecons anda har \u00e5ldrats i ekfat i 20 \u00e5r.<\/p>\n<p>Denna 1999 \u00e5rs vintage levererar fantastiska anteckningar av m\u00f6rkt l\u00e4der, te, melass, bananer, mango, ananas, kokosn\u00f6t, s\u00f6t ek, cigarr r\u00f6k, torkad aprikos, pommes frites, allspice och l\u00e4tt kaffe.<\/p>\n<p>Komplex, fruktig och lite torkning, rummet har presenterats vid 48,4% ABV f\u00f6r lite mer intensitet.<\/p>\n<p>En sk\u00f6nhet, en av de b\u00e4sta flaskorna som produceras av detta destilleri.<\/p>\n","protected":false},"excerpt":{"rendered":"<p>Premium Panama Aged Rum<\/p>\n","protected":false},"featured_media":12921,"template":"","meta":{"_acf_changed":false,"rs_blank_template":"","rs_page_bg_color":"","slide_template_v7":""},"product_brand":[],"product_cat":[2387,4634,2391],"product_tag":[],"class_list":{"0":"post-17235","1":"product","2":"type-product","3":"status-publish","4":"has-post-thumbnail","6":"product_cat-avec-sv","7":"product_cat-premium-aged-sv","8":"product_cat-rom-sv","9":"pa_champagne-type-single-cask-sv","10":"pa_land-panama-sv","11":"pa_procent-48-4-sv","12":"pa_producent-malecon-sv","13":"pa_traefad-bourbon-sv","14":"pa_volume-70-sv-2","16":"first","17":"instock","18":"sale","19":"taxable","20":"shipping-taxable","21":"purchasable","22":"product-type-simple"},"bundled_by":[],"bundle_stock_status":"instock","bundle_stock_quantity":null,"bundle_virtual":false,"bundle_layout":"","bundle_add_to_cart_form_location":"","bundle_editable_in_cart":false,"bundle_sold_individually_context":"","bundle_item_grouping":"","bundle_min_size":"","bundle_max_size":"","bundle_price":[],"bundled_items":[],"bundle_sell_ids":[],"acf":[],"_links":{"self":[{"href":"https:\/\/www.raschvin.com\/sv\/wp-json\/wp\/v2\/product\/17235","targetHints":{"allow":["GET"]}}],"collection":[{"href":"https:\/\/www.raschvin.com\/sv\/wp-json\/wp\/v2\/product"}],"about":[{"href":"https:\/\/www.raschvin.com\/sv\/wp-json\/wp\/v2\/types\/product"}],"wp:featuredmedia":[{"embeddable":true,"href":"https:\/\/www.raschvin.com\/sv\/wp-json\/wp\/v2\/media\/12921"}],"wp:attachment":[{"href":"https:\/\/www.raschvin.com\/sv\/wp-json\/wp\/v2\/media?parent=17235"}],"wp:term":[{"taxonomy":"product_brand","embeddable":true,"href":"https:\/\/www.raschvin.com\/sv\/wp-json\/wp\/v2\/product_brand?post=17235"},{"taxonomy":"product_cat","embeddable":true,"href":"https:\/\/www.raschvin.com\/sv\/wp-json\/wp\/v2\/product_cat?post=17235"},{"taxonomy":"product_tag","embeddable":true,"href":"https:\/\/www.raschvin.com\/sv\/wp-json\/wp\/v2\/product_tag?post=17235"}],"curies":[{"name":"wp","href":"https:\/\/api.w.org\/{rel}","templated":true}]}}