{"id":17234,"date":"2022-05-30T11:53:08","date_gmt":"2022-05-30T09:53:08","guid":{"rendered":"https:\/\/www.raschvin.com\/vare\/rum-malecon-12-years-reserva-superior-40\/"},"modified":"2022-12-05T09:51:10","modified_gmt":"2022-12-05T08:51:10","slug":"rum-malecon-12-years-reserva-superior-40","status":"publish","type":"product","link":"https:\/\/www.raschvin.com\/sv\/produkt\/rum-malecon-12-years-reserva-superior-40\/","title":{"rendered":"Rum Malecon 12 Years Reserva Superior 70 cl. 40%"},"content":{"rendered":"<p>En annan underbar Rom fr\u00e5n Panama, den h\u00e4r g\u00e5ngen som produceras av Room Malecon Company. Detta f\u00f6retag anv\u00e4nder exklusiva, gamla, kubanska recept och panamanska beh\u00e5llare med h\u00f6g kvalitet f\u00f6r att producera sina l\u00e4ckra andar. Denna ROM destilleras av melass. Det har lagrats p\u00e5 \u00e5teruppv\u00e4rmda tidigare bourbonr\u00e4tter i \u00f6ver 12 \u00e5r och producerar en Rom med en s\u00e4llsynt rikedom och komplexitet. P\u00e5 n\u00e4san \u00e4r denna rom s\u00f6t och m\u00f6rk med aromer av torkad frukt, kokosn\u00f6t, mandel, mango och banan. Gommen har en medell\u00e5ng kropp, med lite tr\u00e4kreng\u00f6ring och ek smak som ger plats f\u00f6r samma frukter i n\u00e4san medan du l\u00e4gger till en kr\u00e4mig chokladsmak. Slutet \u00e4r kort, med lite kanel och toffee. Ett underbart rum och m\u00f6jlighet till bra v\u00e4rde att sippa.<\/p>\n","protected":false},"excerpt":{"rendered":"<p>Premium Panama Aged Rum<\/p>\n","protected":false},"featured_media":12917,"template":"","meta":{"_acf_changed":false,"rs_blank_template":"","rs_page_bg_color":"","slide_template_v7":""},"product_brand":[],"product_cat":[2387,4634,2391],"product_tag":[],"class_list":{"0":"post-17234","1":"product","2":"type-product","3":"status-publish","4":"has-post-thumbnail","6":"product_cat-avec-sv","7":"product_cat-premium-aged-sv","8":"product_cat-rom-sv","9":"pa_land-panama-sv","10":"pa_procent-40-sv-2","11":"pa_producent-malecon-sv","12":"pa_traefad-bourbon-sv","13":"pa_volume-70-sv-2","15":"first","16":"instock","17":"taxable","18":"shipping-taxable","19":"purchasable","20":"product-type-simple"},"bundled_by":[],"bundle_stock_status":"instock","bundle_stock_quantity":null,"bundle_virtual":false,"bundle_layout":"","bundle_add_to_cart_form_location":"","bundle_editable_in_cart":false,"bundle_sold_individually_context":"","bundle_item_grouping":"","bundle_min_size":"","bundle_max_size":"","bundle_price":[],"bundled_items":[],"bundle_sell_ids":[],"acf":[],"_links":{"self":[{"href":"https:\/\/www.raschvin.com\/sv\/wp-json\/wp\/v2\/product\/17234","targetHints":{"allow":["GET"]}}],"collection":[{"href":"https:\/\/www.raschvin.com\/sv\/wp-json\/wp\/v2\/product"}],"about":[{"href":"https:\/\/www.raschvin.com\/sv\/wp-json\/wp\/v2\/types\/product"}],"wp:featuredmedia":[{"embeddable":true,"href":"https:\/\/www.raschvin.com\/sv\/wp-json\/wp\/v2\/media\/12917"}],"wp:attachment":[{"href":"https:\/\/www.raschvin.com\/sv\/wp-json\/wp\/v2\/media?parent=17234"}],"wp:term":[{"taxonomy":"product_brand","embeddable":true,"href":"https:\/\/www.raschvin.com\/sv\/wp-json\/wp\/v2\/product_brand?post=17234"},{"taxonomy":"product_cat","embeddable":true,"href":"https:\/\/www.raschvin.com\/sv\/wp-json\/wp\/v2\/product_cat?post=17234"},{"taxonomy":"product_tag","embeddable":true,"href":"https:\/\/www.raschvin.com\/sv\/wp-json\/wp\/v2\/product_tag?post=17234"}],"curies":[{"name":"wp","href":"https:\/\/api.w.org\/{rel}","templated":true}]}}