{"id":17226,"date":"2022-05-30T11:51:40","date_gmt":"2022-05-30T09:51:40","guid":{"rendered":"https:\/\/www.raschvin.com\/vare\/teeling-whiskey-single-pot-still-cask-olroso-628\/"},"modified":"2022-12-09T15:39:55","modified_gmt":"2022-12-09T14:39:55","slug":"teeling-whiskey-single-pot-still-cask-olroso-628","status":"publish","type":"product","link":"https:\/\/www.raschvin.com\/sv\/produkt\/teeling-whiskey-single-pot-still-cask-olroso-628\/","title":{"rendered":"Teeling Whiskey &#8211; Single Pot Still Sherry Cask 70 cl. 62,8%"},"content":{"rendered":"<p>Limited Edition &#8211; Denmark Collection.<\/p>\n<p>Denna Teeling Single Pot Still Irish Whisky \u00e4r speciellt buteljerad f\u00f6r Juuls Wholesale. Whiskyn \u00e4r en blandning av om\u00e4ltat och m\u00e4ltat korn som tillsammans med lagringen p\u00e5 sherryfat bidrar till den speciella karakt\u00e4r som whiskyn har. V\u00e4nligen njut av det snyggt och kylt.<\/p>\n<p>Destilleri: Teeling Whisky<br \/>\nNamn: Single Pot Still 2021<br \/>\nBatchtyp: Sherry Cask<br \/>\nLand: Irland<br \/>\nAlc. styrka: 62,8 %<br \/>\n70 cl<\/p>\n","protected":false},"excerpt":{"rendered":"<p>Non Chill Filtered Irish Whiskey<\/p>\n","protected":false},"featured_media":12858,"template":"","meta":{"_acf_changed":false,"rs_blank_template":"","rs_page_bg_color":"","slide_template_v7":""},"product_brand":[],"product_cat":[2387,2392,4768],"product_tag":[],"class_list":{"0":"post-17226","1":"product","2":"type-product","3":"status-publish","4":"has-post-thumbnail","6":"product_cat-avec-sv","7":"product_cat-whisky-sv","8":"product_cat-irish-whiskey","9":"pa_champagne-type-single-cask-sv","10":"pa_land-irland-sv","11":"pa_procent-62-8-sv","12":"pa_producent-teeling-sv","13":"pa_region-dublin-sv","14":"pa_traefad-sherry-sv","15":"pa_volume-70-sv-2","17":"first","18":"instock","19":"taxable","20":"shipping-taxable","21":"purchasable","22":"product-type-simple"},"bundled_by":[],"bundle_stock_status":"instock","bundle_stock_quantity":null,"bundle_virtual":false,"bundle_layout":"","bundle_add_to_cart_form_location":"","bundle_editable_in_cart":false,"bundle_sold_individually_context":"","bundle_item_grouping":"","bundle_min_size":"","bundle_max_size":"","bundle_price":[],"bundled_items":[],"bundle_sell_ids":[],"acf":[],"_links":{"self":[{"href":"https:\/\/www.raschvin.com\/sv\/wp-json\/wp\/v2\/product\/17226","targetHints":{"allow":["GET"]}}],"collection":[{"href":"https:\/\/www.raschvin.com\/sv\/wp-json\/wp\/v2\/product"}],"about":[{"href":"https:\/\/www.raschvin.com\/sv\/wp-json\/wp\/v2\/types\/product"}],"wp:featuredmedia":[{"embeddable":true,"href":"https:\/\/www.raschvin.com\/sv\/wp-json\/wp\/v2\/media\/12858"}],"wp:attachment":[{"href":"https:\/\/www.raschvin.com\/sv\/wp-json\/wp\/v2\/media?parent=17226"}],"wp:term":[{"taxonomy":"product_brand","embeddable":true,"href":"https:\/\/www.raschvin.com\/sv\/wp-json\/wp\/v2\/product_brand?post=17226"},{"taxonomy":"product_cat","embeddable":true,"href":"https:\/\/www.raschvin.com\/sv\/wp-json\/wp\/v2\/product_cat?post=17226"},{"taxonomy":"product_tag","embeddable":true,"href":"https:\/\/www.raschvin.com\/sv\/wp-json\/wp\/v2\/product_tag?post=17226"}],"curies":[{"name":"wp","href":"https:\/\/api.w.org\/{rel}","templated":true}]}}