{"id":17225,"date":"2022-05-30T11:51:40","date_gmt":"2022-05-30T09:51:40","guid":{"rendered":"https:\/\/www.raschvin.com\/vare\/teeling-whiskey-ohd-akvavit-single-cask-578\/"},"modified":"2022-12-09T15:18:03","modified_gmt":"2022-12-09T14:18:03","slug":"teeling-whiskey-ohd-akvavit-single-cask-578","status":"publish","type":"product","link":"https:\/\/www.raschvin.com\/sv\/produkt\/teeling-whiskey-ohd-akvavit-single-cask-578\/","title":{"rendered":"Teeling Whiskey &#8211; 15 Years Aquavit Single Cask 70 cl. 57,8%"},"content":{"rendered":"<p>Begr\u00e4nsad upplaga &#8211; Danmark Collection. 13 \u00e5r enda cask.<\/p>\n<p>Teeling-familjen har gjort irl\u00e4ndsk whisky sedan 1782, som Walter Teeling \u00f6ppnade sin whisky-test p\u00e5 Marrowbone Lane i Dublin. Dublin har traditionellt varit hj\u00e4rtat av Irlands whiskyproduktion. Ber\u00e4ttelsen om Irlands whiskyproduktion \u00e4r otroligt sp\u00e4nnande och dramatisk och \u00e4r i stor utstr\u00e4ckning kopplad till landets sammanh\u00e5llning till England i gott och ont. Hela 37 destillerier hade r\u00f6k i skorstenarna i b\u00f6rjan av 1900-talet, men en av ett slutet destilleri och sedan 1976 har det varit ingen whisky i Dublin &#8211; s\u00e5 l\u00e5ngt! Teeling Whisky Distillery \u00e4r det f\u00f6rsta ny\u00f6ppnade destilleriet i Dublin i \u00f6ver 125 \u00e5r och Teeling-familjen ser det som sitt uppdrag att ta med destillationskonst tillbaka till hj\u00e4rtat av Dublin!<\/p>\n<p>Den smakfulla whiskyen kommer fr\u00e5n 3 gl\u00e4nsande pottstillbilder, som \u00e4r uppkallad efter Jack Teelings 3 d\u00f6ttrar. 25% av produktionen \u00e4r till\u00e4gnad whisky av experimentell karakt\u00e4r, vilket g\u00f6r att en av de mest sp\u00e4nnande destillerierna f\u00f6r att h\u00e5lla ett \u00f6ga i framtiden.<\/p>\n","protected":false},"excerpt":{"rendered":"<p>Single Malt Irish Whiskey<\/p>\n","protected":false},"featured_media":31160,"template":"","meta":{"_acf_changed":false,"rs_blank_template":"","rs_page_bg_color":"","slide_template_v7":""},"product_brand":[],"product_cat":[2387,4768,4651,2392],"product_tag":[],"class_list":{"0":"post-17225","1":"product","2":"type-product","3":"status-publish","4":"has-post-thumbnail","6":"product_cat-avec-sv","7":"product_cat-irish-pot-still-sv","8":"product_cat-single-malt-sv","9":"product_cat-whisky-sv","10":"pa_champagne-type-single-cask-sv","11":"pa_land-irland-sv","12":"pa_procent-57-8-sv","13":"pa_producent-teeling-sv","14":"pa_region-dublin-sv","15":"pa_traefad-aquavit-sv","16":"pa_volume-70-sv-2","18":"first","19":"instock","20":"taxable","21":"shipping-taxable","22":"purchasable","23":"product-type-simple"},"bundled_by":[],"bundle_stock_status":"instock","bundle_stock_quantity":null,"bundle_virtual":false,"bundle_layout":"","bundle_add_to_cart_form_location":"","bundle_editable_in_cart":false,"bundle_sold_individually_context":"","bundle_item_grouping":"","bundle_min_size":"","bundle_max_size":"","bundle_price":[],"bundled_items":[],"bundle_sell_ids":[],"acf":[],"_links":{"self":[{"href":"https:\/\/www.raschvin.com\/sv\/wp-json\/wp\/v2\/product\/17225","targetHints":{"allow":["GET"]}}],"collection":[{"href":"https:\/\/www.raschvin.com\/sv\/wp-json\/wp\/v2\/product"}],"about":[{"href":"https:\/\/www.raschvin.com\/sv\/wp-json\/wp\/v2\/types\/product"}],"wp:featuredmedia":[{"embeddable":true,"href":"https:\/\/www.raschvin.com\/sv\/wp-json\/wp\/v2\/media\/31160"}],"wp:attachment":[{"href":"https:\/\/www.raschvin.com\/sv\/wp-json\/wp\/v2\/media?parent=17225"}],"wp:term":[{"taxonomy":"product_brand","embeddable":true,"href":"https:\/\/www.raschvin.com\/sv\/wp-json\/wp\/v2\/product_brand?post=17225"},{"taxonomy":"product_cat","embeddable":true,"href":"https:\/\/www.raschvin.com\/sv\/wp-json\/wp\/v2\/product_cat?post=17225"},{"taxonomy":"product_tag","embeddable":true,"href":"https:\/\/www.raschvin.com\/sv\/wp-json\/wp\/v2\/product_tag?post=17225"}],"curies":[{"name":"wp","href":"https:\/\/api.w.org\/{rel}","templated":true}]}}