{"id":17223,"date":"2022-05-30T11:50:14","date_gmt":"2022-05-30T09:50:14","guid":{"rendered":"https:\/\/www.raschvin.com\/vare\/glenfarclas-25-years-43\/"},"modified":"2022-11-18T08:41:57","modified_gmt":"2022-11-18T07:41:57","slug":"glenfarclas-25-years-43","status":"publish","type":"product","link":"https:\/\/www.raschvin.com\/sv\/produkt\/glenfarclas-25-years-43\/","title":{"rendered":"Glenfarclas 25 Years 70 cl. 43%"},"content":{"rendered":"<p>M\u00f6rk gult. Delikat doft av s\u00f6t r\u00f6k, orange marmelad, honung, nyskapad kaffe, sherry och n\u00f6tter, tillagda anteckningar av lagrat tr\u00e4. Vacker och robust smak med stor kropp och fina anteckningar av s\u00f6t r\u00f6k och n\u00f6tter. Fin balans mellan sherry bleknar och alkoholen. Intensiv, l\u00e5ng eftersmak som \u00e4r torr, m\u00e5lade, nutty och lite r\u00f6kt. M\u00f6rk choklad sm\u00e4lter den bakre delen av munnen och l\u00e4mnar dig med en l\u00e5ng eftersmak.<\/p>\n<p>95 po\u00e4ng<br \/>\nExtrablad<br \/>\nAv Thomas Rydberg.<\/p>\n<p>M\u00f6rka, kryddiga anteckningar i lukten. Du k\u00e4nner omedelbart en seri\u00f6s och \u00e4ldre whisky med massor av vanilj, tobak, toffee, sylt och kryddor. Vacker balans och mycket stor l\u00e4ngd.<\/p>\n<p>SILVER<br \/>\nInternationella andarutmaningen.<br \/>\nVann Silver 2007<\/p>\n<p>GULD<br \/>\nInternational Wine &#038; Spirit Competition<br \/>\nB\u00e4st i klassen<\/p>\n<p>SILVER<br \/>\nSan Francisco World Spirit Competition<br \/>\nAv San Francisco World Spirits Competition 2016<\/p>\n<p>Glenarclas \u00e4r en av de f\u00e5 \u00e5terst\u00e5ende skotska destillerierna som fortfarande \u00e4r i familjen. Distilleriet h\u00e4mtar vattnet, som anv\u00e4nds i destillationen, i en liten k\u00e4llabrojkning fr\u00e5n Borrinnes. Exakt kombinationen av det mycket rena, mjuka vattnet och den unika formen p\u00e5 potstills bidrar till Glenarclas unika stil. Jim Murray skriver i Lademanns whiskybok p\u00e5 Glenarclas: &#8221;Jag hoppas att deras namn n\u00e4r det \u00e4r l\u00e5ngt och brett &#8211; deras malt b\u00f6r upplevas av n\u00e5gon som s\u00f6ker flytande sk\u00f6nhet.&#8221; Glenarclas 25 \u00e5r, enligt v\u00e5r \u00e5sikt, \u00e4r den b\u00e4sta sherrylagen whisky f\u00f6r priset. Det \u00e4r helt i linje med n\u00e5gra av v\u00e4rldens b\u00e4sta whisky som \u00e4r b\u00e5de \u00e4ldre och kostar upp till tio g\u00e5nger mer.<\/p>\n","protected":false},"excerpt":{"rendered":"<p>Highland Single Malt Scotch Whisky<\/p>\n","protected":false},"featured_media":12834,"template":"","meta":{"_acf_changed":false,"rs_blank_template":"","rs_page_bg_color":"","slide_template_v7":""},"product_brand":[],"product_cat":[2387,4651,2392],"product_tag":[],"class_list":{"0":"post-17223","1":"product","2":"type-product","3":"status-publish","4":"has-post-thumbnail","6":"product_cat-avec-sv","7":"product_cat-single-malt-sv","8":"product_cat-whisky-sv","9":"pa_land-skottland","10":"pa_procent-43-sv","11":"pa_producent-j-g-grant-glenfarclas-distillery-sv","12":"pa_region-highland-sv","13":"pa_volume-70-sv-2","15":"first","16":"instock","17":"taxable","18":"shipping-taxable","19":"purchasable","20":"product-type-simple"},"bundled_by":[],"bundle_stock_status":"instock","bundle_stock_quantity":null,"bundle_virtual":false,"bundle_layout":"","bundle_add_to_cart_form_location":"","bundle_editable_in_cart":false,"bundle_sold_individually_context":"","bundle_item_grouping":"","bundle_min_size":"","bundle_max_size":"","bundle_price":[],"bundled_items":[],"bundle_sell_ids":[],"acf":[],"_links":{"self":[{"href":"https:\/\/www.raschvin.com\/sv\/wp-json\/wp\/v2\/product\/17223","targetHints":{"allow":["GET"]}}],"collection":[{"href":"https:\/\/www.raschvin.com\/sv\/wp-json\/wp\/v2\/product"}],"about":[{"href":"https:\/\/www.raschvin.com\/sv\/wp-json\/wp\/v2\/types\/product"}],"wp:featuredmedia":[{"embeddable":true,"href":"https:\/\/www.raschvin.com\/sv\/wp-json\/wp\/v2\/media\/12834"}],"wp:attachment":[{"href":"https:\/\/www.raschvin.com\/sv\/wp-json\/wp\/v2\/media?parent=17223"}],"wp:term":[{"taxonomy":"product_brand","embeddable":true,"href":"https:\/\/www.raschvin.com\/sv\/wp-json\/wp\/v2\/product_brand?post=17223"},{"taxonomy":"product_cat","embeddable":true,"href":"https:\/\/www.raschvin.com\/sv\/wp-json\/wp\/v2\/product_cat?post=17223"},{"taxonomy":"product_tag","embeddable":true,"href":"https:\/\/www.raschvin.com\/sv\/wp-json\/wp\/v2\/product_tag?post=17223"}],"curies":[{"name":"wp","href":"https:\/\/api.w.org\/{rel}","templated":true}]}}