{"id":17220,"date":"2022-05-30T11:50:14","date_gmt":"2022-05-30T09:50:14","guid":{"rendered":"https:\/\/www.raschvin.com\/vare\/cdi-cuba-18-years-59\/"},"modified":"2022-11-10T07:52:53","modified_gmt":"2022-11-10T06:52:53","slug":"cdi-cuba-18-years-59","status":"publish","type":"product","link":"https:\/\/www.raschvin.com\/sv\/produkt\/cdi-cuba-18-years-59\/","title":{"rendered":"CDI &#8211; Sancti Spiritus &#8211; Cuba 18 Years 70 cl. 59%"},"content":{"rendered":"<p>Compagnie des Ints Cuba 18 \u00e5r # CSS7 \u00e4r en enfader tappning p\u00e5 18 \u00e5r gammal Rom fr\u00e5n det kubanska destilleriet, Sancti Spiritus. Rummet \u00e4r uteslutande till den danska marknaden och det \u00e4r varken vatten eller tillsatt socker f\u00f6re tappning. Distilleriet \u00e4r k\u00e4nt som &#8221;Light Romes vagga&#8221;, men den h\u00e4r tappningen har mycket kraft och tyngd i smaken &#8211; kanske hj\u00e4lpt av den h\u00f6ga alkoholprocenten.<\/p>\n<p>F\u00e4rg: Ljus gyllene.<br \/>\nFragrance: Elegant doft av \u00e4pplen, persikor, jordgubbar och vanilj.<br \/>\nSmakljud: En fin tyngd i munnen, med anteckningar av s\u00f6t lakrits, fallow tv\u00e5l och rosmarin.<\/p>\n<p>Serveringsf\u00f6rslag: b\u00f6r avnjutas ren<\/p>\n<p>Compagnie des Ines \u00e4r en s\u00e5 kallad &#8221;oberoende bottler&#8221;. F\u00f6retaget har b\u00f6rjat av fransmannen Florent Beuchet, och plockar upp inspiration fr\u00e5n det brittiska ostindiska f\u00f6retaget, som i sexton, sjutton och artonhundratalet importerade s\u00e4llsynta och exotiska varor fr\u00e5n hela v\u00e4rlden till Europa. P\u00e5 samma s\u00e4tt, Florent bleknar fr\u00e5n m\u00e4klare och destillerier i hela ROM-v\u00e4rlden &#8211; som str\u00e4cker sig fr\u00e5n Florida till Jamaica, Fiji och Indonesien &#8211; och knackar p\u00e5 dem under Brandet Compagnie des Ines. M\u00e5nga \u00e4r tappade som &#8221;single casks&#8221;, men CDI publicerar ocks\u00e5 v\u00e4lkomponerade blandningar.<\/p>\n<p>De senaste \u00e5ren har resten av Europa krokig avundsjuka till Danmark n\u00e4r Florent serverar den \u00e5rliga satsen av exklusiva, danska singelkapslar. Dessa \u00e4r alltid tappade i disken och utan extra f\u00e4rg eller socker &#8211; n\u00e5got som f\u00e5r t\u00e4nderna att springa i vatten p\u00e5 romers \u00f6ver hela v\u00e4rlden! Men du hittar ocks\u00e5 mer s\u00f6t och l\u00e4ttdrink Rom i serien av transcaribbeanblandningar; t.ex. Latino och Cara\u00efbes. H\u00e4r \u00e4r n\u00e5got f\u00f6r alla.<\/p>\n","protected":false},"excerpt":{"rendered":"<p>Single Cask Premium Aged Rum<\/p>\n","protected":false},"featured_media":12819,"template":"","meta":{"_acf_changed":false,"rs_blank_template":"","rs_page_bg_color":"","slide_template_v7":""},"product_brand":[],"product_cat":[2387,2391,4634],"product_tag":[],"class_list":{"0":"post-17220","1":"product","2":"type-product","3":"status-publish","4":"has-post-thumbnail","6":"product_cat-avec-sv","7":"product_cat-rom-sv","8":"product_cat-premium-aged-sv","9":"pa_champagne-type-single-cask-sv","10":"pa_land-cuba-sv","11":"pa_procent-59-sv","12":"pa_producent-compagnie-des-indes-sv","13":"pa_volume-70-sv-2","15":"first","16":"instock","17":"sale","18":"taxable","19":"shipping-taxable","20":"purchasable","21":"product-type-simple"},"bundled_by":[],"bundle_stock_status":"instock","bundle_stock_quantity":null,"bundle_virtual":false,"bundle_layout":"","bundle_add_to_cart_form_location":"","bundle_editable_in_cart":false,"bundle_sold_individually_context":"","bundle_item_grouping":"","bundle_min_size":"","bundle_max_size":"","bundle_price":[],"bundled_items":[],"bundle_sell_ids":[],"acf":[],"_links":{"self":[{"href":"https:\/\/www.raschvin.com\/sv\/wp-json\/wp\/v2\/product\/17220","targetHints":{"allow":["GET"]}}],"collection":[{"href":"https:\/\/www.raschvin.com\/sv\/wp-json\/wp\/v2\/product"}],"about":[{"href":"https:\/\/www.raschvin.com\/sv\/wp-json\/wp\/v2\/types\/product"}],"wp:featuredmedia":[{"embeddable":true,"href":"https:\/\/www.raschvin.com\/sv\/wp-json\/wp\/v2\/media\/12819"}],"wp:attachment":[{"href":"https:\/\/www.raschvin.com\/sv\/wp-json\/wp\/v2\/media?parent=17220"}],"wp:term":[{"taxonomy":"product_brand","embeddable":true,"href":"https:\/\/www.raschvin.com\/sv\/wp-json\/wp\/v2\/product_brand?post=17220"},{"taxonomy":"product_cat","embeddable":true,"href":"https:\/\/www.raschvin.com\/sv\/wp-json\/wp\/v2\/product_cat?post=17220"},{"taxonomy":"product_tag","embeddable":true,"href":"https:\/\/www.raschvin.com\/sv\/wp-json\/wp\/v2\/product_tag?post=17220"}],"curies":[{"name":"wp","href":"https:\/\/api.w.org\/{rel}","templated":true}]}}