{"id":17215,"date":"2023-01-04T11:50:14","date_gmt":"2023-01-04T10:50:14","guid":{"rendered":"https:\/\/www.raschvin.com\/vare\/jack-daniels-apple\/"},"modified":"2023-03-26T20:27:14","modified_gmt":"2023-03-26T18:27:14","slug":"jack-daniels-apple","status":"publish","type":"product","link":"https:\/\/www.raschvin.com\/sv\/produkt\/jack-daniels-apple\/","title":{"rendered":"Jack Daniel\u2019s Tennessee APPLE 70 cl. 35%"},"content":{"rendered":"<p>Jack Daniel&#8217;s Tennessee Apple Whiskey Liqueur har den unika karakt\u00e4ren av Jack Daniel&#8217;s Tennessee Whisky i kombination med skarpa, gr\u00f6na \u00e4pplen f\u00f6r att ge whiskyn en fr\u00e4sch smak. Den erbjuder en uppfriskande och exceptionellt mjuk karakt\u00e4r. Njut av iskallt eller i drinkar och cocktails.<br \/>\n70 cl. \/ 35 %<\/p>\n<p>JACK DANIELS<\/p>\n<p>Jack Daniel&#8217;s, den mest s\u00e5lda whiskyn i v\u00e4rlden, registrerades 1866, och den tillverkas fortfarande p\u00e5 USA:s \u00e4ldsta registrerade destilleri i den lilla staden Lynchburg, Tennessee.<br \/>\n1956 k\u00f6ptes Jack Daniel&#8217;s Distillery av Brown-Forman, bel\u00e4get i Louisville, Kentucky. Brown-Forman grundades 1870 och \u00e4r idag en av v\u00e4rldens ledande producenter och \u00e4gare av en rad olika spritm\u00e4rken.<\/p>\n","protected":false},"excerpt":{"rendered":"<p>Tennessee Apple Whiskey Liqueur<\/p>\n","protected":false},"featured_media":12772,"template":"","meta":{"_acf_changed":false,"rs_blank_template":"","rs_page_bg_color":"","slide_template_v7":""},"product_brand":[],"product_cat":[2387,4682,2390],"product_tag":[],"class_list":{"0":"post-17215","1":"product","2":"type-product","3":"status-publish","4":"has-post-thumbnail","6":"product_cat-avec-sv","7":"product_cat-whiskylikor","8":"product_cat-sprit","9":"pa_land-usa-sv","10":"pa_procent-35-sv","11":"pa_producent-jack-daniel-distillery-sv","12":"pa_region-tennessee-sv","13":"pa_volume-70-sv-2","15":"first","16":"instock","17":"taxable","18":"shipping-taxable","19":"purchasable","20":"product-type-simple"},"bundled_by":[],"bundle_stock_status":"instock","bundle_stock_quantity":null,"bundle_virtual":false,"bundle_layout":"","bundle_add_to_cart_form_location":"","bundle_editable_in_cart":false,"bundle_sold_individually_context":"","bundle_item_grouping":"","bundle_min_size":"","bundle_max_size":"","bundle_price":[],"bundled_items":[],"bundle_sell_ids":[],"acf":[],"_links":{"self":[{"href":"https:\/\/www.raschvin.com\/sv\/wp-json\/wp\/v2\/product\/17215","targetHints":{"allow":["GET"]}}],"collection":[{"href":"https:\/\/www.raschvin.com\/sv\/wp-json\/wp\/v2\/product"}],"about":[{"href":"https:\/\/www.raschvin.com\/sv\/wp-json\/wp\/v2\/types\/product"}],"wp:featuredmedia":[{"embeddable":true,"href":"https:\/\/www.raschvin.com\/sv\/wp-json\/wp\/v2\/media\/12772"}],"wp:attachment":[{"href":"https:\/\/www.raschvin.com\/sv\/wp-json\/wp\/v2\/media?parent=17215"}],"wp:term":[{"taxonomy":"product_brand","embeddable":true,"href":"https:\/\/www.raschvin.com\/sv\/wp-json\/wp\/v2\/product_brand?post=17215"},{"taxonomy":"product_cat","embeddable":true,"href":"https:\/\/www.raschvin.com\/sv\/wp-json\/wp\/v2\/product_cat?post=17215"},{"taxonomy":"product_tag","embeddable":true,"href":"https:\/\/www.raschvin.com\/sv\/wp-json\/wp\/v2\/product_tag?post=17215"}],"curies":[{"name":"wp","href":"https:\/\/api.w.org\/{rel}","templated":true}]}}