{"id":17214,"date":"2022-05-30T11:50:14","date_gmt":"2022-05-30T09:50:14","guid":{"rendered":"https:\/\/www.raschvin.com\/vare\/aalborg-taffel-100-cl\/"},"modified":"2026-01-15T08:13:52","modified_gmt":"2026-01-15T07:13:52","slug":"aalborg-taffel-100-cl","status":"publish","type":"product","link":"https:\/\/www.raschvin.com\/sv\/produkt\/aalborg-taffel-100-cl\/","title":{"rendered":"Aalborg Taffel Akvavit 100 cl. 41%"},"content":{"rendered":"<p>Aalborg Taffel Akvavit \u00e4r den obekanta kungen av aquavite &#8211; den ursprungliga kristallklara danska Commenakvavit. Det var den fokal vinter Isidor Henius, som i 1846 f\u00f6rst satte flaskan med den karakteristiska r\u00f6dvita etiketten vid lunchbordet, och det har kvarst\u00e5tt sedan. Aalborg T\u00e6k Akvavit &#8211; eller Red Aalborg, som det ocks\u00e5 kallas &#8211; forts\u00e4tter att Danmarks mest popul\u00e4ra andar. Det \u00e4r b\u00e5de n\u00e4r danskarna t\u00e4cker till lunch, och n\u00e4r det kungliga huset inbjuder till bord.<\/p>\n<p>Med sin alkoholstyrka och starka komplexa smaker kyls den karakt\u00e4ristiska Aalborg T\u00e6k Aquavit till starka danska lunchr\u00e4tter, s\u00e4rskilt den marinerade sillen. Liksom de klassiska middagsr\u00e4tter som fl\u00e4sk och ros.<\/p>\n<p>Smakkraft: Kraftfull<br \/>\nServering: Cool \/ frys<br \/>\nSpice Experience: Kommentar<\/p>\n","protected":false},"excerpt":{"rendered":"<p>Aalborg Akvavit &#8211; Danish Akvavit<\/p>\n","protected":false},"featured_media":12762,"template":"","meta":{"_acf_changed":false,"rs_blank_template":"","rs_page_bg_color":"","slide_template_v7":""},"product_brand":[],"product_cat":[2393],"product_tag":[],"class_list":{"0":"post-17214","1":"product","2":"type-product","3":"status-publish","4":"has-post-thumbnail","6":"product_cat-akvavit-snaps-sv","7":"pa_land-danmark-sv","8":"pa_procent-41-sv","9":"pa_producent-de-danske-spritfabrikker-sv","10":"pa_volume-100-sv","12":"first","13":"instock","14":"taxable","15":"shipping-taxable","16":"purchasable","17":"product-type-simple"},"bundled_by":[],"bundle_stock_status":"instock","bundle_stock_quantity":null,"bundle_virtual":false,"bundle_layout":"","bundle_add_to_cart_form_location":"","bundle_editable_in_cart":false,"bundle_sold_individually_context":"","bundle_item_grouping":"","bundle_min_size":"","bundle_max_size":"","bundle_price":[],"bundled_items":[],"bundle_sell_ids":[],"acf":[],"_links":{"self":[{"href":"https:\/\/www.raschvin.com\/sv\/wp-json\/wp\/v2\/product\/17214","targetHints":{"allow":["GET"]}}],"collection":[{"href":"https:\/\/www.raschvin.com\/sv\/wp-json\/wp\/v2\/product"}],"about":[{"href":"https:\/\/www.raschvin.com\/sv\/wp-json\/wp\/v2\/types\/product"}],"wp:featuredmedia":[{"embeddable":true,"href":"https:\/\/www.raschvin.com\/sv\/wp-json\/wp\/v2\/media\/12762"}],"wp:attachment":[{"href":"https:\/\/www.raschvin.com\/sv\/wp-json\/wp\/v2\/media?parent=17214"}],"wp:term":[{"taxonomy":"product_brand","embeddable":true,"href":"https:\/\/www.raschvin.com\/sv\/wp-json\/wp\/v2\/product_brand?post=17214"},{"taxonomy":"product_cat","embeddable":true,"href":"https:\/\/www.raschvin.com\/sv\/wp-json\/wp\/v2\/product_cat?post=17214"},{"taxonomy":"product_tag","embeddable":true,"href":"https:\/\/www.raschvin.com\/sv\/wp-json\/wp\/v2\/product_tag?post=17214"}],"curies":[{"name":"wp","href":"https:\/\/api.w.org\/{rel}","templated":true}]}}