{"id":17208,"date":"2025-05-08T08:47:52","date_gmt":"2025-05-08T06:47:52","guid":{"rendered":"https:\/\/www.raschvin.com\/vare\/edradour-cream-liqueur\/"},"modified":"2022-11-15T20:26:01","modified_gmt":"2022-11-15T19:26:01","slug":"edradour-cream-liqueur","status":"publish","type":"product","link":"https:\/\/www.raschvin.com\/sv\/produkt\/edradour-cream-liqueur\/","title":{"rendered":"Edradour Cream Liqueur 70 cl. 17%"},"content":{"rendered":"<p>En flytande kvalitet med whisky fr\u00e5n Edradour, Skottlands minsta destilleri &#8211; och en av de mest pittoreska, bel\u00e4gna i den vackra byn Pitlochry.<\/p>\n<p>Fr\u00e5n det ikoniska Edradour-destilleriet \u00e4r h\u00e4r deras kr\u00e4mlik\u00f6r, speciellt formulerad med endast de finaste ingredienserna som naturligtvis inkluderar Edradour Single Malt<\/p>\n<p>N\u00e4sa: kr\u00e4mig och malt<\/p>\n<p>Smak: silkeslen mjuk med klar choklad och sm\u00f6rkaramelll<\/p>\n<p>Slut: Mjuk eftersmak med ber\u00f6ring av hasseln\u00f6t<\/p>\n","protected":false},"excerpt":{"rendered":"<p>Finest Quality Whisky Cream Liqueur<\/p>\n","protected":false},"featured_media":12717,"template":"","meta":{"_acf_changed":false,"rs_blank_template":"","rs_page_bg_color":"","slide_template_v7":""},"product_brand":[],"product_cat":[2387,4673,4682,2390],"product_tag":[],"class_list":{"0":"post-17208","1":"product","2":"type-product","3":"status-publish","4":"has-post-thumbnail","6":"product_cat-avec-sv","7":"product_cat-creme-sv","8":"product_cat-whiskylikor","9":"product_cat-sprit","10":"pa_land-skottland","11":"pa_procent-17-sv","12":"pa_producent-edradour-sv","13":"pa_region-highland-sv","14":"pa_volume-70-sv-2","16":"first","17":"instock","18":"taxable","19":"shipping-taxable","20":"purchasable","21":"product-type-simple"},"bundled_by":[],"bundle_stock_status":"instock","bundle_stock_quantity":null,"bundle_virtual":false,"bundle_layout":"","bundle_add_to_cart_form_location":"","bundle_editable_in_cart":false,"bundle_sold_individually_context":"","bundle_item_grouping":"","bundle_min_size":"","bundle_max_size":"","bundle_price":[],"bundled_items":[],"bundle_sell_ids":[],"acf":[],"_links":{"self":[{"href":"https:\/\/www.raschvin.com\/sv\/wp-json\/wp\/v2\/product\/17208","targetHints":{"allow":["GET"]}}],"collection":[{"href":"https:\/\/www.raschvin.com\/sv\/wp-json\/wp\/v2\/product"}],"about":[{"href":"https:\/\/www.raschvin.com\/sv\/wp-json\/wp\/v2\/types\/product"}],"wp:featuredmedia":[{"embeddable":true,"href":"https:\/\/www.raschvin.com\/sv\/wp-json\/wp\/v2\/media\/12717"}],"wp:attachment":[{"href":"https:\/\/www.raschvin.com\/sv\/wp-json\/wp\/v2\/media?parent=17208"}],"wp:term":[{"taxonomy":"product_brand","embeddable":true,"href":"https:\/\/www.raschvin.com\/sv\/wp-json\/wp\/v2\/product_brand?post=17208"},{"taxonomy":"product_cat","embeddable":true,"href":"https:\/\/www.raschvin.com\/sv\/wp-json\/wp\/v2\/product_cat?post=17208"},{"taxonomy":"product_tag","embeddable":true,"href":"https:\/\/www.raschvin.com\/sv\/wp-json\/wp\/v2\/product_tag?post=17208"}],"curies":[{"name":"wp","href":"https:\/\/api.w.org\/{rel}","templated":true}]}}