{"id":17196,"date":"2022-05-30T11:47:40","date_gmt":"2022-05-30T09:47:40","guid":{"rendered":"https:\/\/www.raschvin.com\/vare\/heaven-hill-bourbon-100-cl\/"},"modified":"2022-11-18T16:26:19","modified_gmt":"2022-11-18T15:26:19","slug":"heaven-hill-bourbon-100-cl","status":"publish","type":"product","link":"https:\/\/www.raschvin.com\/sv\/produkt\/heaven-hill-bourbon-100-cl\/","title":{"rendered":"Heaven Hill Bourbon 100 cl. 40%"},"content":{"rendered":"<p>Som en av v\u00e4rldens \u00e4ldsta Bourbons \u00e4r Heaven Hill Old Style Kentucky Straight Bourbon Whisky l\u00e5ngt k\u00e4nd som det b\u00e4sta av Great Kentucky Bourbons. Den \u00e4r tillverkad efter ett sju generationer gammalt recept, d\u00e4r endast ingredienser ing\u00e5r som lokal majs, maltad korn, r\u00e5g, rent kalksten vatten och familjens unika j\u00e4ststam. Genom Kentuckys heta somrar och isiga vintrar lagras denna speciella bourbon i \u00f6ppna str\u00e5magasiner och sedan uppn\u00e5r sin mjuka karakt\u00e4r och rik smak av mogen i blek av vit ek.<\/p>\n","protected":false},"excerpt":{"rendered":"<p>Kentucky Straight Bourbon Whisky<\/p>\n","protected":false},"featured_media":12657,"template":"","meta":{"_acf_changed":false,"rs_blank_template":"","rs_page_bg_color":"","slide_template_v7":""},"product_brand":[],"product_cat":[4657,2387,2392],"product_tag":[],"class_list":{"0":"post-17196","1":"product","2":"type-product","3":"status-publish","4":"has-post-thumbnail","6":"product_cat-american-bourbon-sv","7":"product_cat-avec-sv","8":"product_cat-whisky-sv","9":"pa_land-usa-sv","10":"pa_procent-40-sv-2","11":"pa_producent-heaven-hill-distillery-sv","12":"pa_region-kentucky-sv","13":"pa_volume-100-sv","15":"first","16":"instock","17":"sale","18":"taxable","19":"shipping-taxable","20":"purchasable","21":"product-type-simple"},"bundled_by":[],"bundle_stock_status":"instock","bundle_stock_quantity":null,"bundle_virtual":false,"bundle_layout":"","bundle_add_to_cart_form_location":"","bundle_editable_in_cart":false,"bundle_sold_individually_context":"","bundle_item_grouping":"","bundle_min_size":"","bundle_max_size":"","bundle_price":[],"bundled_items":[],"bundle_sell_ids":[],"acf":[],"_links":{"self":[{"href":"https:\/\/www.raschvin.com\/sv\/wp-json\/wp\/v2\/product\/17196","targetHints":{"allow":["GET"]}}],"collection":[{"href":"https:\/\/www.raschvin.com\/sv\/wp-json\/wp\/v2\/product"}],"about":[{"href":"https:\/\/www.raschvin.com\/sv\/wp-json\/wp\/v2\/types\/product"}],"wp:featuredmedia":[{"embeddable":true,"href":"https:\/\/www.raschvin.com\/sv\/wp-json\/wp\/v2\/media\/12657"}],"wp:attachment":[{"href":"https:\/\/www.raschvin.com\/sv\/wp-json\/wp\/v2\/media?parent=17196"}],"wp:term":[{"taxonomy":"product_brand","embeddable":true,"href":"https:\/\/www.raschvin.com\/sv\/wp-json\/wp\/v2\/product_brand?post=17196"},{"taxonomy":"product_cat","embeddable":true,"href":"https:\/\/www.raschvin.com\/sv\/wp-json\/wp\/v2\/product_cat?post=17196"},{"taxonomy":"product_tag","embeddable":true,"href":"https:\/\/www.raschvin.com\/sv\/wp-json\/wp\/v2\/product_tag?post=17196"}],"curies":[{"name":"wp","href":"https:\/\/api.w.org\/{rel}","templated":true}]}}