{"id":17190,"date":"2022-05-30T11:46:22","date_gmt":"2022-05-30T09:46:22","guid":{"rendered":"https:\/\/www.raschvin.com\/vare\/kilbeggan\/"},"modified":"2022-11-22T10:19:56","modified_gmt":"2022-11-22T09:19:56","slug":"kilbeggan","status":"publish","type":"product","link":"https:\/\/www.raschvin.com\/sv\/produkt\/kilbeggan\/","title":{"rendered":"Kilbeggan 70 cl. 40%"},"content":{"rendered":"<p>Kilbeggan \u00e4r en unik irl\u00e4ndsk whisky med egen karakt\u00e4ristiska stil. De finaste spannm\u00e5len och maltwhiskyen blandas ihop f\u00f6r en j\u00e4mn, s\u00f6t smak och den h\u00e4rliga malten \u00e4r karakteristiken f\u00f6r denna whisky. F\u00f6re kilbegan skickar den h\u00e4r whiskyen p\u00e5 hyllan till moget p\u00e5 gamla Bourbonts i minst 3 \u00e5r och 1 dag. Ofta mycket l\u00e4ngre. Endast n\u00e4r Kilbeggan whisky \u00e4r perfekt perfekt i f\u00e4rg, smak, konsistens och toner \u00e4r den redo att tappas.<\/p>\n<p>\u00c5tnj\u00f6t snyggt eller &#8221;p\u00e5 klipporna&#8221;.<\/p>\n","protected":false},"excerpt":{"rendered":"<p>Irish Blended Whiskey<\/p>\n","protected":false},"featured_media":12621,"template":"","meta":{"_acf_changed":false,"rs_blank_template":"","rs_page_bg_color":"","slide_template_v7":""},"product_brand":[],"product_cat":[2387,4765,4768,2392],"product_tag":[],"class_list":{"0":"post-17190","1":"product","2":"type-product","3":"status-publish","4":"has-post-thumbnail","6":"product_cat-avec-sv","7":"product_cat-blended-sv","8":"product_cat-irish-pot-still-sv","9":"product_cat-whisky-sv","10":"pa_land-skottland","11":"pa_procent-40-sv-2","12":"pa_producent-kilbeggan-sv","13":"pa_volume-70-sv-2","15":"first","16":"instock","17":"taxable","18":"shipping-taxable","19":"purchasable","20":"product-type-simple"},"bundled_by":[],"bundle_stock_status":"instock","bundle_stock_quantity":null,"bundle_virtual":false,"bundle_layout":"","bundle_add_to_cart_form_location":"","bundle_editable_in_cart":false,"bundle_sold_individually_context":"","bundle_item_grouping":"","bundle_min_size":"","bundle_max_size":"","bundle_price":[],"bundled_items":[],"bundle_sell_ids":[],"acf":[],"_links":{"self":[{"href":"https:\/\/www.raschvin.com\/sv\/wp-json\/wp\/v2\/product\/17190","targetHints":{"allow":["GET"]}}],"collection":[{"href":"https:\/\/www.raschvin.com\/sv\/wp-json\/wp\/v2\/product"}],"about":[{"href":"https:\/\/www.raschvin.com\/sv\/wp-json\/wp\/v2\/types\/product"}],"wp:featuredmedia":[{"embeddable":true,"href":"https:\/\/www.raschvin.com\/sv\/wp-json\/wp\/v2\/media\/12621"}],"wp:attachment":[{"href":"https:\/\/www.raschvin.com\/sv\/wp-json\/wp\/v2\/media?parent=17190"}],"wp:term":[{"taxonomy":"product_brand","embeddable":true,"href":"https:\/\/www.raschvin.com\/sv\/wp-json\/wp\/v2\/product_brand?post=17190"},{"taxonomy":"product_cat","embeddable":true,"href":"https:\/\/www.raschvin.com\/sv\/wp-json\/wp\/v2\/product_cat?post=17190"},{"taxonomy":"product_tag","embeddable":true,"href":"https:\/\/www.raschvin.com\/sv\/wp-json\/wp\/v2\/product_tag?post=17190"}],"curies":[{"name":"wp","href":"https:\/\/api.w.org\/{rel}","templated":true}]}}