{"id":17177,"date":"2022-05-30T11:44:58","date_gmt":"2022-05-30T09:44:58","guid":{"rendered":"https:\/\/www.raschvin.com\/vare\/appleton-estate-21-years\/"},"modified":"2023-03-13T08:55:41","modified_gmt":"2023-03-13T07:55:41","slug":"appleton-estate-21-years","status":"publish","type":"product","link":"https:\/\/www.raschvin.com\/sv\/produkt\/appleton-estate-21-years\/","title":{"rendered":"Appleton Estate 21 Years 70 cl. 43%"},"content":{"rendered":"<p>Appleton Estate 21 \u00e5r gammal \u00e4r en av de viktigaste rommen i bolagets portf\u00f6lj. Master Blender Joy Spence v\u00e4ljer noga blekna som f\u00e5r komma in i denna exklusiva tappning. De \u00e4r alla lagrade minst 21 \u00e5r i Jamaicas tropiska klimat, men n\u00e5gra av komponenterna \u00e4r ocks\u00e5 \u00e4ldre. Den tappas till 43% och \u00e4r inte tillsatt socker.<\/p>\n<p>F\u00e4rg: Koppar Golden.<br \/>\nFragrance: Kraftfull men ocks\u00e5 k\u00e4nslig doft av vanilj, kaprifol, kakao, kaffe och muskotn\u00f6t.<br \/>\nSmakljud: l\u00e5ng och raffinerad smak av bruna farin, kakao, vanilj och andra kryddor, en snygg stenfrukt och l\u00e5ngt ute p\u00e5 horisonten, br\u00e4nd ek.<\/p>\n<p>Serveringsf\u00f6rslag: b\u00f6r avnjutas ren.<\/p>\n<p>Appleton Estate \u00e4r en av Jamaicas huvudsakliga rummarks. F\u00f6retaget h\u00e5ller i Nassau Valley i St. Elizabeth Parish, och kan sp\u00e5ra rumsproduktion tillbaka till 1749 &#8211; och inte mycket har f\u00f6r\u00e4ndrats sedan dess.<\/p>\n<p>Fem stora pot stills dominerar Appletons fortfarande rum, men \u00e4ven anv\u00e4nda kolumnkedjor. Rummet \u00e4r lagrat p\u00e5 40-gallon r\u00e4tter av amerikanska vita, som ligger i olika lager runt Jamaica. Butiken \u00e4r inte centraliserad p\u00e5 ett st\u00e4lle, f\u00f6r att undvika att hela lageret torkas ut om en naturkatastrof skulle sl\u00e5. Joy Spence \u00e4r den v\u00e4rldsber\u00f6mda masterblandaren, som enligt Appleton har ocks\u00e5 \u00e4ra att vara v\u00e4rldens f\u00f6rsta kvinnliga masterblandare.<\/p>\n<p>Under Appleton h\u00f6r Distiller ocks\u00e5 ny Yarmouth, som tills du var ganska nyligen orelaterad, men idag \u00e4r den tunga Rom fr\u00e5n New Yarmouths pott fortfarande n\u00e5gra av de mest eftertraktade p\u00e5 rumsmarknaden. Majoriteten \u00e4r t\u00e4nkt att ge smak p\u00e5 olika blandningar fr\u00e5n Appleton och andra m\u00e4rken, och \u00e4r d\u00e4rf\u00f6r s\u00e4llan tappade under det nya Yarmouth-namnet, \u00e4ven om destillatorn \u00e4r st\u00f6rre \u00e4n Appleton.<\/p>\n","protected":false},"excerpt":{"rendered":"<p>Jamaica Premium Aged Rum<\/p>\n","protected":false},"featured_media":12545,"template":"","meta":{"_acf_changed":false,"rs_blank_template":"","rs_page_bg_color":"","slide_template_v7":""},"product_brand":[],"product_cat":[2387,4634,2391],"product_tag":[],"class_list":{"0":"post-17177","1":"product","2":"type-product","3":"status-publish","4":"has-post-thumbnail","6":"product_cat-avec-sv","7":"product_cat-premium-aged-sv","8":"product_cat-rom-sv","9":"pa_land-jamaica-sv","10":"pa_procent-43-sv","11":"pa_producent-appleton-estate-sv","12":"pa_volume-70-sv-2","14":"first","15":"instock","16":"taxable","17":"shipping-taxable","18":"purchasable","19":"product-type-simple"},"bundled_by":[],"bundle_stock_status":"instock","bundle_stock_quantity":null,"bundle_virtual":false,"bundle_layout":"","bundle_add_to_cart_form_location":"","bundle_editable_in_cart":false,"bundle_sold_individually_context":"","bundle_item_grouping":"","bundle_min_size":"","bundle_max_size":"","bundle_price":[],"bundled_items":[],"bundle_sell_ids":[],"acf":[],"_links":{"self":[{"href":"https:\/\/www.raschvin.com\/sv\/wp-json\/wp\/v2\/product\/17177","targetHints":{"allow":["GET"]}}],"collection":[{"href":"https:\/\/www.raschvin.com\/sv\/wp-json\/wp\/v2\/product"}],"about":[{"href":"https:\/\/www.raschvin.com\/sv\/wp-json\/wp\/v2\/types\/product"}],"wp:featuredmedia":[{"embeddable":true,"href":"https:\/\/www.raschvin.com\/sv\/wp-json\/wp\/v2\/media\/12545"}],"wp:attachment":[{"href":"https:\/\/www.raschvin.com\/sv\/wp-json\/wp\/v2\/media?parent=17177"}],"wp:term":[{"taxonomy":"product_brand","embeddable":true,"href":"https:\/\/www.raschvin.com\/sv\/wp-json\/wp\/v2\/product_brand?post=17177"},{"taxonomy":"product_cat","embeddable":true,"href":"https:\/\/www.raschvin.com\/sv\/wp-json\/wp\/v2\/product_cat?post=17177"},{"taxonomy":"product_tag","embeddable":true,"href":"https:\/\/www.raschvin.com\/sv\/wp-json\/wp\/v2\/product_tag?post=17177"}],"curies":[{"name":"wp","href":"https:\/\/api.w.org\/{rel}","templated":true}]}}