{"id":17176,"date":"2022-05-30T11:44:58","date_gmt":"2022-05-30T09:44:58","guid":{"rendered":"https:\/\/www.raschvin.com\/vare\/appleton-estate-rare-cask-12-years\/"},"modified":"2023-03-13T09:01:33","modified_gmt":"2023-03-13T08:01:33","slug":"appleton-estate-rare-cask-12-years","status":"publish","type":"product","link":"https:\/\/www.raschvin.com\/sv\/produkt\/appleton-estate-rare-cask-12-years\/","title":{"rendered":"Appleton Estate Rare Cask 12 Years 70 cl. 43%"},"content":{"rendered":"<p>n helt unik och uts\u00f6kt rom. Appleton Estate \u00e4r helt kompromissl\u00f6s i generationen av deras &#8221;s\u00e4llsynta blandning&#8221;. Faktum \u00e4r att du matchar romet fr\u00e5n Fade, som har lagrat i minst 12 \u00e5r. Inget med ett genomsnitt. De g\u00e5r efter att ha skapat den perfekta &#8221;nippen&#8221; Rom.<\/p>\n<p>N\u00e4r du njuter av det f\u00e5r du en konstant och utvecklande smaker. Du hittar ek, frukt och kakao f\u00f6ljt av k\u00e4nslig s\u00f6tma, uts\u00f6kt apelsinskal, rik vanilj, kaffe och inte minst tips av ek och mandel.<\/p>\n<p>I sanning, en av de f\u00e5 Rom i v\u00e4rlden som kan markera &#8221;terroir&#8221;, inklusive unika v\u00e4der- och odlingsf\u00f6rh\u00e5llanden f\u00f6r sockerr\u00f6r som en viktig orsak till den unika kvaliteten.<\/p>\n<p>Appleton Estate ligger i Nassau Valley och har sitt ursprung tillbaka till 1655, d\u00e5 Sir Francis Dickenson Foundation of the Farm. Den f\u00f6rsta produktionen av Rom kan dokumenteras tillbaka till 1749 och \u00e4r s\u00e5ledes det \u00e4ldsta destilleriet i Jamaica med kontinuerlig produktion av Rom.<\/p>\n<p>Rummet genereras p\u00e5 en hantverk mycket h\u00f6g niv\u00e5. Varje produktionssteg \u00f6vervakas &#8211; fr\u00e5n urvalet av sockerr\u00f6r, anv\u00e4ndningen av naturlig j\u00e4st i processen f\u00f6r lagring p\u00e5 bleknar och den slutliga kl\u00e4mningen av masterblandaren. Master Blender Joy Spence var dessutom den f\u00f6rsta kvinnliga masterblandaren i andar v\u00e4rlden och anses vara en av de b\u00e4sta.<\/p>\n<p>F\u00f6rutom att nippa med rom f\u00f6r en unik njutning \u00e4r det inget mindre \u00e4n perfekt i en gammaldags cocktail. B\u00f6r upplevas!<\/p>\n<p>70 cl. &#8211; 43%<\/p>\n<p>Fastigheten gammaldags recept<br \/>\nS\u00e4tt en fin twist p\u00e5 den h\u00e4r klassiska<\/p>\n<p>&#8211; 2 1\/2 Delar Appleton Estate Rare Blandning 12 \u00e5r gammal<\/p>\n<p>&#8211; 1\/2 Party sockersirap<\/p>\n<p>&#8211; 1 dash peychauds bitters<\/p>\n<p>&#8211; 2 streck angostura bitters<\/p>\n<p>&#8211; 2 streck orange bitters<\/p>\n<p>&#8211; apelsinskal (garnering)<\/p>\n<p>Hur man g\u00f6r en perfekt drink<br \/>\nL\u00e4gg till alla ingredienser i ett blandningsglas med stora isbitar. R\u00f6r snabbt tills glas frost sedan silder i gammaldags glas \u00f6ver stora block eller glass. Avsluta det med en orange twist.<\/p>\n<p>Jamaicansk honung Soother Recept<\/p>\n<p>Lugna din sj\u00e4l med varje slurk<\/p>\n<p>&#8211; 2 delar Appleton Estate Rare Blend 12 \u00e5r gammal<\/p>\n<p>&#8211; 1\/4 fest honung<\/p>\n<p>&#8211; 1\/2 Party F\u00e4rsk citronsaft<\/p>\n<p>Hur man g\u00f6r en perfekt drink<br \/>\nH\u00e4ll Rom, honung och citronsaft i en cocktailskakning halvfylld med isbitar. Skaka bra, sil i ett coubet-cocktailglas och server.<\/p>\n","protected":false},"excerpt":{"rendered":"<p>Jamaica Premium Aged Rum<\/p>\n","protected":false},"featured_media":12535,"template":"","meta":{"_acf_changed":false,"rs_blank_template":"","rs_page_bg_color":"","slide_template_v7":""},"product_brand":[],"product_cat":[2387,4634,2391],"product_tag":[],"class_list":{"0":"post-17176","1":"product","2":"type-product","3":"status-publish","4":"has-post-thumbnail","6":"product_cat-avec-sv","7":"product_cat-premium-aged-sv","8":"product_cat-rom-sv","9":"pa_land-jamaica-sv","10":"pa_procent-43-sv","11":"pa_producent-appleton-estate-sv","12":"pa_volume-70-sv-2","14":"first","15":"instock","16":"taxable","17":"shipping-taxable","18":"purchasable","19":"product-type-simple"},"bundled_by":[],"bundle_stock_status":"instock","bundle_stock_quantity":null,"bundle_virtual":false,"bundle_layout":"","bundle_add_to_cart_form_location":"","bundle_editable_in_cart":false,"bundle_sold_individually_context":"","bundle_item_grouping":"","bundle_min_size":"","bundle_max_size":"","bundle_price":[],"bundled_items":[],"bundle_sell_ids":[],"acf":[],"_links":{"self":[{"href":"https:\/\/www.raschvin.com\/sv\/wp-json\/wp\/v2\/product\/17176","targetHints":{"allow":["GET"]}}],"collection":[{"href":"https:\/\/www.raschvin.com\/sv\/wp-json\/wp\/v2\/product"}],"about":[{"href":"https:\/\/www.raschvin.com\/sv\/wp-json\/wp\/v2\/types\/product"}],"wp:featuredmedia":[{"embeddable":true,"href":"https:\/\/www.raschvin.com\/sv\/wp-json\/wp\/v2\/media\/12535"}],"wp:attachment":[{"href":"https:\/\/www.raschvin.com\/sv\/wp-json\/wp\/v2\/media?parent=17176"}],"wp:term":[{"taxonomy":"product_brand","embeddable":true,"href":"https:\/\/www.raschvin.com\/sv\/wp-json\/wp\/v2\/product_brand?post=17176"},{"taxonomy":"product_cat","embeddable":true,"href":"https:\/\/www.raschvin.com\/sv\/wp-json\/wp\/v2\/product_cat?post=17176"},{"taxonomy":"product_tag","embeddable":true,"href":"https:\/\/www.raschvin.com\/sv\/wp-json\/wp\/v2\/product_tag?post=17176"}],"curies":[{"name":"wp","href":"https:\/\/api.w.org\/{rel}","templated":true}]}}