{"id":17175,"date":"2022-05-30T11:44:58","date_gmt":"2022-05-30T09:44:58","guid":{"rendered":"https:\/\/www.raschvin.com\/vare\/appleton-estate-reserve-blend-8-years\/"},"modified":"2023-03-13T09:00:28","modified_gmt":"2023-03-13T08:00:28","slug":"appleton-estate-reserve-blend-8-years","status":"publish","type":"product","link":"https:\/\/www.raschvin.com\/sv\/produkt\/appleton-estate-reserve-blend-8-years\/","title":{"rendered":"Appleton Estate Reserve Blend 8 Years 70 cl. 43%"},"content":{"rendered":"<p>I hj\u00e4rtat av Jamaica hittar vi Appleton Estate. En av de f\u00e5 Rom i v\u00e4rlden som kan markera &#8221;terroir&#8221;, inklusive unika v\u00e4der- och odlingsf\u00f6rh\u00e5llanden f\u00f6r sockerr\u00f6r som en viktig orsak till den unika kvaliteten.<\/p>\n<p>Appleton Estate ligger i Nassau Valley och har sitt ursprung tillbaka till 1655, d\u00e5 Sir Francis Dickenson Foundation of the Farm. Den f\u00f6rsta produktionen av Rom kan dokumenteras tillbaka till 1749 och \u00e4r s\u00e5ledes det \u00e4ldsta destilleriet i Jamaica med kontinuerlig produktion av Rom.<\/p>\n<p>Rummet genereras p\u00e5 en hantverk mycket h\u00f6g niv\u00e5. Varje produktionssteg \u00f6vervakas &#8211; fr\u00e5n urvalet av sockerr\u00f6r, anv\u00e4ndningen av naturlig j\u00e4st i processen f\u00f6r lagring p\u00e5 bleknar och den slutliga kl\u00e4mningen av masterblandaren.<\/p>\n<p>F\u00f6r Appleton Estate Reserve Blend har Rom p\u00e5 20 olika lagrade \u00e5rg\u00e5ngar sammanfattats, vilket har varit i genomsnitt i 6 \u00e5r. S\u00e5ledes \u00f6ppnar en mycket rik och fyllig Rom b\u00e5de Rom-cocktail, men som ocks\u00e5 kan njutas helt &#8221;snyggt&#8221;, dvs utan annan \u00e4n reserv.<\/p>\n<p>Ett &#8221;premiumrum&#8221; rik, mjukt och k\u00e4nsligt balanserat mellan kryddor och n\u00f6tter f\u00f6ljt av honung, vanilj med hints av hasseln\u00f6tter. Alla inslagna i en rik doft av torkad apelsinskal.<\/p>\n<p>70 cl. &#8211; 40%<\/p>\n<p>Joy&#8217;s Cocktail Recept<br \/>\nGjord av m\u00e4staren sj\u00e4lv.<\/p>\n<p>&#8211; 1 Party Appleton Estate Reserve Blandning<\/p>\n<p>&#8211; 3 delar ingef\u00e4ra ale<\/p>\n<p>&#8211; Skiva orange<\/p>\n<p>&#8211; 5 DROPS Angostura Bitters<\/p>\n<p>&#8211; apelsinskal (garnering)<\/p>\n<p>Hur man g\u00f6r en perfekt drink<br \/>\nTryck p\u00e5 den orange skivan i ett lowballglas och l\u00e4gg det i glaset och blanda det ihop. L\u00e4gg till is och blanda de \u00e5terst\u00e5ende ingredienserna i och r\u00f6r om.<\/p>\n<p>Fastigheten Diquiri Recept<br \/>\nHemingway skulle vara stolt.<\/p>\n<p>&#8211; 1 1\/2 Delar Appleton Estate Reserve Blandning<\/p>\n<p>&#8211; 1 Party Fresh Lime Juice<\/p>\n<p>&#8211; 1\/6 Party Simple Sirap<\/p>\n<p>&#8211; apelsinskal (garnering)<\/p>\n<p>Hur man g\u00f6r en perfekt drink<br \/>\nSkaka alla ingredienser i en cocktailskakare med is och si och h\u00e4ll den i slutet av ett kylt kupongglas<\/p>\n","protected":false},"excerpt":{"rendered":"<p>Jamaica Blended Rum<\/p>\n","protected":false},"featured_media":12522,"template":"","meta":{"_acf_changed":false,"rs_blank_template":"","rs_page_bg_color":"","slide_template_v7":""},"product_brand":[],"product_cat":[2387,4634,2391],"product_tag":[],"class_list":{"0":"post-17175","1":"product","2":"type-product","3":"status-publish","4":"has-post-thumbnail","6":"product_cat-avec-sv","7":"product_cat-premium-aged-sv","8":"product_cat-rom-sv","9":"pa_land-jamaica-sv","10":"pa_procent-40-sv-2","11":"pa_producent-appleton-estate-sv","12":"pa_volume-70-sv-2","14":"first","15":"instock","16":"taxable","17":"shipping-taxable","18":"purchasable","19":"product-type-simple"},"bundled_by":[],"bundle_stock_status":"instock","bundle_stock_quantity":null,"bundle_virtual":false,"bundle_layout":"","bundle_add_to_cart_form_location":"","bundle_editable_in_cart":false,"bundle_sold_individually_context":"","bundle_item_grouping":"","bundle_min_size":"","bundle_max_size":"","bundle_price":[],"bundled_items":[],"bundle_sell_ids":[],"acf":[],"_links":{"self":[{"href":"https:\/\/www.raschvin.com\/sv\/wp-json\/wp\/v2\/product\/17175","targetHints":{"allow":["GET"]}}],"collection":[{"href":"https:\/\/www.raschvin.com\/sv\/wp-json\/wp\/v2\/product"}],"about":[{"href":"https:\/\/www.raschvin.com\/sv\/wp-json\/wp\/v2\/types\/product"}],"wp:featuredmedia":[{"embeddable":true,"href":"https:\/\/www.raschvin.com\/sv\/wp-json\/wp\/v2\/media\/12522"}],"wp:attachment":[{"href":"https:\/\/www.raschvin.com\/sv\/wp-json\/wp\/v2\/media?parent=17175"}],"wp:term":[{"taxonomy":"product_brand","embeddable":true,"href":"https:\/\/www.raschvin.com\/sv\/wp-json\/wp\/v2\/product_brand?post=17175"},{"taxonomy":"product_cat","embeddable":true,"href":"https:\/\/www.raschvin.com\/sv\/wp-json\/wp\/v2\/product_cat?post=17175"},{"taxonomy":"product_tag","embeddable":true,"href":"https:\/\/www.raschvin.com\/sv\/wp-json\/wp\/v2\/product_tag?post=17175"}],"curies":[{"name":"wp","href":"https:\/\/api.w.org\/{rel}","templated":true}]}}