{"id":17174,"date":"2022-05-30T11:44:58","date_gmt":"2022-05-30T09:44:58","guid":{"rendered":"https:\/\/www.raschvin.com\/vare\/appleton-estate-signature-blend\/"},"modified":"2023-03-13T09:04:20","modified_gmt":"2023-03-13T08:04:20","slug":"appleton-estate-signature-blend","status":"publish","type":"product","link":"https:\/\/www.raschvin.com\/sv\/produkt\/appleton-estate-signature-blend\/","title":{"rendered":"Appleton Estate Signature Blend 70 cl. 43%"},"content":{"rendered":"<p>Hj\u00e4rtat i Jamaica hittar vi Appleton Estate. En av de f\u00e5 Rom i v\u00e4rlden som kan markera &#8221;Terroir&#8221;, inklusive unika v\u00e4der- och odlingsf\u00f6rh\u00e5llanden f\u00f6r sockerr\u00f6r, som en viktig orsak till den unika kvaliteten.<\/p>\n<p>Appleton Estate ligger i Nassau Valley och har sitt ursprung tillbaka till 1655, d\u00e5 Sir Francis Dickenson Foundation of the Farm. Den f\u00f6rsta produktionen av Rom kan dokumenteras tillbaka till 1749, och \u00e4r s\u00e5ledes det \u00e4ldsta destilleriet i Jamaica med kontinuerlig produktion av Rom.<\/p>\n<p>Rummet genereras p\u00e5 en hantverk mycket h\u00f6g niv\u00e5. Varje produktionssteg \u00f6vervakas &#8211; fr\u00e5n urvalet av sockerr\u00f6r, anv\u00e4ndningen av naturlig j\u00e4st i processen f\u00f6r lagring p\u00e5 bleknar och den slutliga kl\u00e4mningen av masterblandaren.<\/p>\n<p>F\u00f6r Appleton Estate Signature Blend har ROM av 15 olika lagrade \u00e5rg\u00e5ngar sammanfattats, vilket har varit i genomsnitt i 4 \u00e5r. Syftet \u00e4r att skapa ett &#8221;b\u00e4st i klassblandat utrymme&#8221;, vilket \u00e4r den perfekta f\u00f6ljeslagaren i minnesv\u00e4rda Rom-cocktails eller enkla blandade l\u00e5nga drycker.<\/p>\n<p>Ett &#8221;premiumrum&#8221; &#8211; perfekt balanserad med komplexa anteckningar av citrus, s\u00f6tma, torkade aprikos och med en uts\u00f6kt touch av apelsinskal, f\u00e4rsk persika och vanilj.<\/p>\n<p>70 cl. &#8211; 40%<\/p>\n","protected":false},"excerpt":{"rendered":"<p>Jamaica Blended Rum<\/p>\n","protected":false},"featured_media":12512,"template":"","meta":{"_acf_changed":false,"rs_blank_template":"","rs_page_bg_color":"","slide_template_v7":""},"product_brand":[],"product_cat":[2387,4634,2391],"product_tag":[],"class_list":{"0":"post-17174","1":"product","2":"type-product","3":"status-publish","4":"has-post-thumbnail","6":"product_cat-avec-sv","7":"product_cat-premium-aged-sv","8":"product_cat-rom-sv","9":"pa_land-jamaica-sv","10":"pa_procent-40-sv-2","11":"pa_producent-appleton-estate-sv","12":"pa_volume-70-sv-2","14":"first","15":"instock","16":"taxable","17":"shipping-taxable","18":"purchasable","19":"product-type-simple"},"bundled_by":[],"bundle_stock_status":"instock","bundle_stock_quantity":null,"bundle_virtual":false,"bundle_layout":"","bundle_add_to_cart_form_location":"","bundle_editable_in_cart":false,"bundle_sold_individually_context":"","bundle_item_grouping":"","bundle_min_size":"","bundle_max_size":"","bundle_price":[],"bundled_items":[],"bundle_sell_ids":[],"acf":[],"_links":{"self":[{"href":"https:\/\/www.raschvin.com\/sv\/wp-json\/wp\/v2\/product\/17174","targetHints":{"allow":["GET"]}}],"collection":[{"href":"https:\/\/www.raschvin.com\/sv\/wp-json\/wp\/v2\/product"}],"about":[{"href":"https:\/\/www.raschvin.com\/sv\/wp-json\/wp\/v2\/types\/product"}],"wp:featuredmedia":[{"embeddable":true,"href":"https:\/\/www.raschvin.com\/sv\/wp-json\/wp\/v2\/media\/12512"}],"wp:attachment":[{"href":"https:\/\/www.raschvin.com\/sv\/wp-json\/wp\/v2\/media?parent=17174"}],"wp:term":[{"taxonomy":"product_brand","embeddable":true,"href":"https:\/\/www.raschvin.com\/sv\/wp-json\/wp\/v2\/product_brand?post=17174"},{"taxonomy":"product_cat","embeddable":true,"href":"https:\/\/www.raschvin.com\/sv\/wp-json\/wp\/v2\/product_cat?post=17174"},{"taxonomy":"product_tag","embeddable":true,"href":"https:\/\/www.raschvin.com\/sv\/wp-json\/wp\/v2\/product_tag?post=17174"}],"curies":[{"name":"wp","href":"https:\/\/api.w.org\/{rel}","templated":true}]}}