{"id":17173,"date":"2022-05-30T11:43:38","date_gmt":"2022-05-30T09:43:38","guid":{"rendered":"https:\/\/www.raschvin.com\/vare\/grand-marnier-cuvee-louis-alexandre\/"},"modified":"2022-11-18T12:40:33","modified_gmt":"2022-11-18T11:40:33","slug":"grand-marnier-cuvee-louis-alexandre","status":"publish","type":"product","link":"https:\/\/www.raschvin.com\/sv\/produkt\/grand-marnier-cuvee-louis-alexandre\/","title":{"rendered":"Grand Marnier &#8211; Cuvee Louis Alexandre 70 cl. 40%"},"content":{"rendered":"<p>Utvecklat som en hyllning till Grand Marnier grundare &#8211; mannen som avsl\u00f6jade magiken genom att blanda fina cognac med apelsiner &#8211; denna f\u00e4rska reproduktion av cuv\u00e9e Louis-Alexandre \u00e4r en blandning best\u00e5ende av 82% VSOP Cognac och 18% bitter och aromatisk Bigaradia Orange. Resultatet \u00e4r en rik och sl\u00e4t dryck, som \u00e4r h\u00f6g och stolt bland sina stora marnier syskon, utm\u00e4rkt att sippa \u00f6ver is eller till och med l\u00e4gga till elegans, djup och en touch av lyx till cocktails.<\/p>\n<p>Sprit i Cuv\u00e9e Louis-Alexandre destilleras vid Grand Marniers Chateau de Bourgente och andra lokala destillerier i Cognac, Frankrike. Den \u00e4r ocks\u00e5 lagrad p\u00e5 Chateau i Troncais och Limousine Oak Barrels innan det f\u00f6rsiktigt blandas.<\/p>\n","protected":false},"excerpt":{"rendered":"<p>Liqueur Orange &#038; Cognac<\/p>\n","protected":false},"featured_media":12499,"template":"","meta":{"_acf_changed":false,"rs_blank_template":"","rs_page_bg_color":"","slide_template_v7":""},"product_brand":[],"product_cat":[4716,2387,2390],"product_tag":[],"class_list":{"0":"post-17173","1":"product","2":"type-product","3":"status-publish","4":"has-post-thumbnail","6":"product_cat-andra-likorer","7":"product_cat-avec-sv","8":"product_cat-sprit","9":"pa_land-frankrike","10":"pa_procent-40-sv-2","11":"pa_producent-grand-marnier-sv","12":"pa_volume-70-sv-2","14":"first","15":"instock","16":"taxable","17":"shipping-taxable","18":"purchasable","19":"product-type-simple"},"bundled_by":[],"bundle_stock_status":"instock","bundle_stock_quantity":null,"bundle_virtual":false,"bundle_layout":"","bundle_add_to_cart_form_location":"","bundle_editable_in_cart":false,"bundle_sold_individually_context":"","bundle_item_grouping":"","bundle_min_size":"","bundle_max_size":"","bundle_price":[],"bundled_items":[],"bundle_sell_ids":[],"acf":[],"_links":{"self":[{"href":"https:\/\/www.raschvin.com\/sv\/wp-json\/wp\/v2\/product\/17173","targetHints":{"allow":["GET"]}}],"collection":[{"href":"https:\/\/www.raschvin.com\/sv\/wp-json\/wp\/v2\/product"}],"about":[{"href":"https:\/\/www.raschvin.com\/sv\/wp-json\/wp\/v2\/types\/product"}],"wp:featuredmedia":[{"embeddable":true,"href":"https:\/\/www.raschvin.com\/sv\/wp-json\/wp\/v2\/media\/12499"}],"wp:attachment":[{"href":"https:\/\/www.raschvin.com\/sv\/wp-json\/wp\/v2\/media?parent=17173"}],"wp:term":[{"taxonomy":"product_brand","embeddable":true,"href":"https:\/\/www.raschvin.com\/sv\/wp-json\/wp\/v2\/product_brand?post=17173"},{"taxonomy":"product_cat","embeddable":true,"href":"https:\/\/www.raschvin.com\/sv\/wp-json\/wp\/v2\/product_cat?post=17173"},{"taxonomy":"product_tag","embeddable":true,"href":"https:\/\/www.raschvin.com\/sv\/wp-json\/wp\/v2\/product_tag?post=17173"}],"curies":[{"name":"wp","href":"https:\/\/api.w.org\/{rel}","templated":true}]}}