{"id":17172,"date":"2022-05-30T11:43:38","date_gmt":"2022-05-30T09:43:38","guid":{"rendered":"https:\/\/www.raschvin.com\/vare\/grand-marnier-cuvee-100\/"},"modified":"2022-11-18T12:38:14","modified_gmt":"2022-11-18T11:38:14","slug":"grand-marnier-cuvee-100","status":"publish","type":"product","link":"https:\/\/www.raschvin.com\/sv\/produkt\/grand-marnier-cuvee-100\/","title":{"rendered":"Grand Marnier &#8211; Cuvee 100 70 cl. 40%"},"content":{"rendered":"<p>En superpremie, h\u00f6gt ansedd och unik orangeliker cuv\u00e9e du centenaire fr\u00e5n Grand Marnier<br \/>\nIntroducerad 1927 firar 100-\u00e5rsdagen av det prestigefyllda huset Marnier Lapostolle<br \/>\nDet vackra uttrycket av kvalitet som levererar 40% ABV inneh\u00e5ller 82% raffinerad XO Cognac och 18% Orange Like<br \/>\nBra, rik, bra och komplex; Med kandad orange smak och f\u00f6rnybara aromer fr\u00e5n antika konjak (mild tobak och balsamiska essenser)<br \/>\nVacker och elegant gult f\u00e4rgad med koppar. Prisbel\u00f6nta orange glid, perfekt f\u00f6r att servera trevligt<\/p>\n","protected":false},"excerpt":{"rendered":"<p>Liqueur Orange &#038; Cognac<\/p>\n","protected":false},"featured_media":12486,"template":"","meta":{"_acf_changed":false,"rs_blank_template":"","rs_page_bg_color":"","slide_template_v7":""},"product_brand":[],"product_cat":[4716,2387,2390],"product_tag":[],"class_list":{"0":"post-17172","1":"product","2":"type-product","3":"status-publish","4":"has-post-thumbnail","6":"product_cat-andra-likorer","7":"product_cat-avec-sv","8":"product_cat-sprit","9":"pa_land-frankrike","10":"pa_procent-40-sv-2","11":"pa_producent-grand-marnier-sv","12":"pa_volume-70-sv-2","14":"first","15":"instock","16":"taxable","17":"shipping-taxable","18":"purchasable","19":"product-type-simple"},"bundled_by":[],"bundle_stock_status":"instock","bundle_stock_quantity":null,"bundle_virtual":false,"bundle_layout":"","bundle_add_to_cart_form_location":"","bundle_editable_in_cart":false,"bundle_sold_individually_context":"","bundle_item_grouping":"","bundle_min_size":"","bundle_max_size":"","bundle_price":[],"bundled_items":[],"bundle_sell_ids":[],"acf":[],"_links":{"self":[{"href":"https:\/\/www.raschvin.com\/sv\/wp-json\/wp\/v2\/product\/17172","targetHints":{"allow":["GET"]}}],"collection":[{"href":"https:\/\/www.raschvin.com\/sv\/wp-json\/wp\/v2\/product"}],"about":[{"href":"https:\/\/www.raschvin.com\/sv\/wp-json\/wp\/v2\/types\/product"}],"wp:featuredmedia":[{"embeddable":true,"href":"https:\/\/www.raschvin.com\/sv\/wp-json\/wp\/v2\/media\/12486"}],"wp:attachment":[{"href":"https:\/\/www.raschvin.com\/sv\/wp-json\/wp\/v2\/media?parent=17172"}],"wp:term":[{"taxonomy":"product_brand","embeddable":true,"href":"https:\/\/www.raschvin.com\/sv\/wp-json\/wp\/v2\/product_brand?post=17172"},{"taxonomy":"product_cat","embeddable":true,"href":"https:\/\/www.raschvin.com\/sv\/wp-json\/wp\/v2\/product_cat?post=17172"},{"taxonomy":"product_tag","embeddable":true,"href":"https:\/\/www.raschvin.com\/sv\/wp-json\/wp\/v2\/product_tag?post=17172"}],"curies":[{"name":"wp","href":"https:\/\/api.w.org\/{rel}","templated":true}]}}