{"id":17167,"date":"2022-05-30T11:43:38","date_gmt":"2022-05-30T09:43:38","guid":{"rendered":"https:\/\/www.raschvin.com\/vare\/ga-jol-original-rod\/"},"modified":"2022-11-17T18:22:53","modified_gmt":"2022-11-17T17:22:53","slug":"ga-jol-original-roed","status":"publish","type":"product","link":"https:\/\/www.raschvin.com\/sv\/produkt\/ga-jol-original-roed\/","title":{"rendered":"Ga-Jol Original R\u00f8d (Extra Spicy Mentol Lakrids) 70 cl. 30%"},"content":{"rendered":"<p>H\u00e4r \u00e4r den ursprungliga r\u00f6da Gajol vodka skottet, med den karakteristiska smaken av extra kryddig mentol lakrits. Red Gajol Vodka skott \u00e4r baserad p\u00e5 kvalitetsingredienser fr\u00e5n Gajol blandad med Premium Vodka, vilket ger en betydligt b\u00e4ttre kvalitet \u00e4n m\u00e5nga andra vodka-skott.<\/p>\n<p>Njut av Red Gajol Vodka skott kyld i ett skottglas.<\/p>\n<p>United Drycker<br \/>\nUnited Dryck \u00e4r ett familje\u00e4gt andef\u00f6retag som har funnits sedan 1999 och \u00e4ger varum\u00e4rkena fisk och sura fiskar och licens f\u00f6r anv\u00e4ndningen av varum\u00e4rkena Ga-Jol, Anthon Berg och N\u00f8rregade.<\/p>\n<p>De utvecklar kontinuerligt nya produkter b\u00e5de till de nordiska och internationella marknaderna. Ga-Jol, fisk och sura fiskbilder \u00e4r marknadsledare i Danmark och exporteras till ett stort antal l\u00e4nder, inklusive: Sverige, Norge, Finland, Island, Gr\u00f6nland, F\u00e4r\u00f6arna, \u00d6stersj\u00f6n, Schweiz, Frankrike, Spanien, Grekland och Thailand.<\/p>\n","protected":false},"excerpt":{"rendered":"<p>Danish Licorice Shot<\/p>\n","protected":false},"featured_media":12451,"template":"","meta":{"_acf_changed":false,"rs_blank_template":"","rs_page_bg_color":"","slide_template_v7":""},"product_brand":[],"product_cat":[2387,2390,2402,2407,4666],"product_tag":[],"class_list":{"0":"post-17167","1":"product","2":"type-product","3":"status-publish","4":"has-post-thumbnail","6":"product_cat-avec-sv","7":"product_cat-sprit","8":"product_cat-sprit-sv","9":"product_cat-shots-sv","10":"product_cat-lakrits-sprit","11":"pa_land-danmark-sv","12":"pa_procent-30-sv","13":"pa_producent-united-drinks-a-s-sv","14":"pa_volume-70-sv-2","16":"first","17":"instock","18":"taxable","19":"shipping-taxable","20":"purchasable","21":"product-type-simple"},"bundled_by":[],"bundle_stock_status":"instock","bundle_stock_quantity":null,"bundle_virtual":false,"bundle_layout":"","bundle_add_to_cart_form_location":"","bundle_editable_in_cart":false,"bundle_sold_individually_context":"","bundle_item_grouping":"","bundle_min_size":"","bundle_max_size":"","bundle_price":[],"bundled_items":[],"bundle_sell_ids":[],"acf":[],"_links":{"self":[{"href":"https:\/\/www.raschvin.com\/sv\/wp-json\/wp\/v2\/product\/17167","targetHints":{"allow":["GET"]}}],"collection":[{"href":"https:\/\/www.raschvin.com\/sv\/wp-json\/wp\/v2\/product"}],"about":[{"href":"https:\/\/www.raschvin.com\/sv\/wp-json\/wp\/v2\/types\/product"}],"wp:featuredmedia":[{"embeddable":true,"href":"https:\/\/www.raschvin.com\/sv\/wp-json\/wp\/v2\/media\/12451"}],"wp:attachment":[{"href":"https:\/\/www.raschvin.com\/sv\/wp-json\/wp\/v2\/media?parent=17167"}],"wp:term":[{"taxonomy":"product_brand","embeddable":true,"href":"https:\/\/www.raschvin.com\/sv\/wp-json\/wp\/v2\/product_brand?post=17167"},{"taxonomy":"product_cat","embeddable":true,"href":"https:\/\/www.raschvin.com\/sv\/wp-json\/wp\/v2\/product_cat?post=17167"},{"taxonomy":"product_tag","embeddable":true,"href":"https:\/\/www.raschvin.com\/sv\/wp-json\/wp\/v2\/product_tag?post=17167"}],"curies":[{"name":"wp","href":"https:\/\/api.w.org\/{rel}","templated":true}]}}