{"id":17165,"date":"2022-05-30T11:43:38","date_gmt":"2022-05-30T09:43:38","guid":{"rendered":"https:\/\/www.raschvin.com\/vare\/edradour-10-years\/"},"modified":"2022-11-15T20:18:51","modified_gmt":"2022-11-15T19:18:51","slug":"edradour-10-years","status":"publish","type":"product","link":"https:\/\/www.raschvin.com\/sv\/produkt\/edradour-10-years\/","title":{"rendered":"Edradour 10 Years 70 cl. 40%"},"content":{"rendered":"<p>Edradour \u00e4r ett av Skottlands minsta destillerier och i hj\u00e4rtat av sortimentet \u00e4r denna 10 \u00e5r gamla Eastern Highlander en ganska unik singelmalt, en avgjort romliknande dram med en tjock munk\u00e4nsla. Destilleriets produktionsmetoder f\u00f6rblir praktiskt taget of\u00f6r\u00e4ndrade under de senaste 150 \u00e5ren, och vi kan se varf\u00f6r. Om den inte \u00e4r trasig och allt det d\u00e4r. Denna singelmalts \u00e5rtionde av lagring tillbringades i en kombination av Oloroso-sherry- och bourbonfat. Det h\u00e4r \u00e4r ett sherrymonster och vi \u00e4lskar det.<\/p>\n<p>N\u00e4sa: Medium, stor komplexitet. Grundligt fruktig, sherry, s\u00f6tma, lockande vanilj.<\/p>\n<p>Smak: Tr\u00e5kig, f\u00f6rf\u00f6risk grumlighet. Rom, korn, rostade mandlar. Vissa kan finna sig vilse i n\u00e4rstriden, inte riktigt nog metod f\u00f6r galenskapen.<\/p>\n<p>Avslut: All f\u00f6rvirring grips: kryddad fruktkaka med cr\u00e8me anglaise.<\/p>\n<p>Sammantaget: En ovanlig malt.<\/p>\n","protected":false},"excerpt":{"rendered":"<p>Highland Single Malt Scotch Whisky<\/p>\n","protected":false},"featured_media":12440,"template":"","meta":{"_acf_changed":false,"rs_blank_template":"","rs_page_bg_color":"","slide_template_v7":""},"product_brand":[],"product_cat":[2387,4651,2392],"product_tag":[],"class_list":{"0":"post-17165","1":"product","2":"type-product","3":"status-publish","4":"has-post-thumbnail","6":"product_cat-avec-sv","7":"product_cat-single-malt-sv","8":"product_cat-whisky-sv","9":"pa_land-skottland","10":"pa_procent-40-sv-2","11":"pa_producent-edradour-sv","12":"pa_region-highland-sv","13":"pa_volume-70-sv-2","15":"first","16":"instock","17":"taxable","18":"shipping-taxable","19":"purchasable","20":"product-type-simple"},"bundled_by":[],"bundle_stock_status":"instock","bundle_stock_quantity":null,"bundle_virtual":false,"bundle_layout":"","bundle_add_to_cart_form_location":"","bundle_editable_in_cart":false,"bundle_sold_individually_context":"","bundle_item_grouping":"","bundle_min_size":"","bundle_max_size":"","bundle_price":[],"bundled_items":[],"bundle_sell_ids":[],"acf":[],"_links":{"self":[{"href":"https:\/\/www.raschvin.com\/sv\/wp-json\/wp\/v2\/product\/17165","targetHints":{"allow":["GET"]}}],"collection":[{"href":"https:\/\/www.raschvin.com\/sv\/wp-json\/wp\/v2\/product"}],"about":[{"href":"https:\/\/www.raschvin.com\/sv\/wp-json\/wp\/v2\/types\/product"}],"wp:featuredmedia":[{"embeddable":true,"href":"https:\/\/www.raschvin.com\/sv\/wp-json\/wp\/v2\/media\/12440"}],"wp:attachment":[{"href":"https:\/\/www.raschvin.com\/sv\/wp-json\/wp\/v2\/media?parent=17165"}],"wp:term":[{"taxonomy":"product_brand","embeddable":true,"href":"https:\/\/www.raschvin.com\/sv\/wp-json\/wp\/v2\/product_brand?post=17165"},{"taxonomy":"product_cat","embeddable":true,"href":"https:\/\/www.raschvin.com\/sv\/wp-json\/wp\/v2\/product_cat?post=17165"},{"taxonomy":"product_tag","embeddable":true,"href":"https:\/\/www.raschvin.com\/sv\/wp-json\/wp\/v2\/product_tag?post=17165"}],"curies":[{"name":"wp","href":"https:\/\/api.w.org\/{rel}","templated":true}]}}