{"id":17164,"date":"2025-08-11T07:43:38","date_gmt":"2025-08-11T05:43:38","guid":{"rendered":"https:\/\/www.raschvin.com\/vare\/sma-sure-cocktails-bib\/"},"modified":"2022-12-07T10:06:24","modified_gmt":"2022-12-07T09:06:24","slug":"smaa-sure-cocktails-bib","status":"publish","type":"product","link":"https:\/\/www.raschvin.com\/sv\/produkt\/smaa-sure-cocktails-bib\/","title":{"rendered":"SM\u00c5 SURE Cocktails BIB 150 cl. 10%"},"content":{"rendered":"<p>F\u00f6retaget bakom sm\u00e5 sura och bubbla l\u00e5ser sm\u00e5 bubblor har sl\u00e4ppt en annan smak!<\/p>\n<p>Sm\u00e5 s\u00e4ker cocktails sommarfrukter \u00e4r en f\u00e4rdig cocktail med en l\u00e4cker smak av jordgubbar, lime och ananas.<\/p>\n<p>Det har f\u00f6rmodligen aldrig varit s\u00e5 l\u00e4tt att servera riktigt bra cocktails. Fyll bara ett glas halvv\u00e4gs med is, h\u00e4ll sm\u00e5 sura cocktails i och dekorera med en bit citron!<\/p>\n","protected":false},"excerpt":{"rendered":"<p>Mixed &#8211; Ready 2 Drink (RTD)<\/p>\n","protected":false},"featured_media":12430,"template":"","meta":{"_acf_changed":false,"rs_blank_template":"","rs_page_bg_color":"","slide_template_v7":""},"product_brand":[],"product_cat":[2387,4670,4590,2390,2402],"product_tag":[],"class_list":{"0":"post-17164","1":"product","2":"type-product","3":"status-publish","4":"has-post-thumbnail","6":"product_cat-avec-sv","7":"product_cat-frukt","8":"product_cat-ready-to-drink-sv","9":"product_cat-sprit","10":"product_cat-sprit-sv","11":"pa_land-danmark-sv","12":"pa_procent-10-sv","13":"pa_producent-spritfabrikken-danmark-sv","14":"pa_volume-150-sv","16":"first","17":"instock","18":"taxable","19":"shipping-taxable","20":"purchasable","21":"product-type-simple"},"bundled_by":[],"bundle_stock_status":"instock","bundle_stock_quantity":null,"bundle_virtual":false,"bundle_layout":"","bundle_add_to_cart_form_location":"","bundle_editable_in_cart":false,"bundle_sold_individually_context":"","bundle_item_grouping":"","bundle_min_size":"","bundle_max_size":"","bundle_price":[],"bundled_items":[],"bundle_sell_ids":[],"acf":[],"_links":{"self":[{"href":"https:\/\/www.raschvin.com\/sv\/wp-json\/wp\/v2\/product\/17164","targetHints":{"allow":["GET"]}}],"collection":[{"href":"https:\/\/www.raschvin.com\/sv\/wp-json\/wp\/v2\/product"}],"about":[{"href":"https:\/\/www.raschvin.com\/sv\/wp-json\/wp\/v2\/types\/product"}],"wp:featuredmedia":[{"embeddable":true,"href":"https:\/\/www.raschvin.com\/sv\/wp-json\/wp\/v2\/media\/12430"}],"wp:attachment":[{"href":"https:\/\/www.raschvin.com\/sv\/wp-json\/wp\/v2\/media?parent=17164"}],"wp:term":[{"taxonomy":"product_brand","embeddable":true,"href":"https:\/\/www.raschvin.com\/sv\/wp-json\/wp\/v2\/product_brand?post=17164"},{"taxonomy":"product_cat","embeddable":true,"href":"https:\/\/www.raschvin.com\/sv\/wp-json\/wp\/v2\/product_cat?post=17164"},{"taxonomy":"product_tag","embeddable":true,"href":"https:\/\/www.raschvin.com\/sv\/wp-json\/wp\/v2\/product_tag?post=17164"}],"curies":[{"name":"wp","href":"https:\/\/api.w.org\/{rel}","templated":true}]}}