{"id":17159,"date":"2022-05-30T11:42:02","date_gmt":"2022-05-30T09:42:02","guid":{"rendered":"https:\/\/www.raschvin.com\/vare\/tullamore-dew-15-years-trilogy\/"},"modified":"2022-12-12T16:59:11","modified_gmt":"2022-12-12T15:59:11","slug":"tullamore-dew-15-years-trilogy","status":"publish","type":"product","link":"https:\/\/www.raschvin.com\/sv\/produkt\/tullamore-dew-15-years-trilogy\/","title":{"rendered":"Tullamore Dew Aged 15 Years Trilogy 70 cl. 40%"},"content":{"rendered":"<p>Internationellt vin och sprit t\u00e4vlingar\u00f8lv<br \/>\nEn bra fris\u00e4ttning fr\u00e5n Tullamore d.e.w, som kombinerar pott, malt och korn whisky. Whiskyen destilleras tre g\u00e5nger och lagras i 15 \u00e5r p\u00e5 Oloroso Sherry Oak R\u00e4tter och Bourbon Oak R\u00e4tter samt Karibiska Romr\u00e4tter.<\/p>\n<p>\u00d6ver tre generationer av Williams-familjen var de tre unika hantverksdisciplinerna destillation, blandning och lagring p\u00e5 den finaste eken f\u00e4rdig. Denna whisky \u00e4r en hyllning till det. Trilogi \u00e4r kulminationen av destilleriet hantverk &#8211; en rik, \u00f6vertygande och tillfredsst\u00e4llande whisky.<\/p>\n<p>Det \u00e4r en anm\u00e4rkningsv\u00e4rd whisky med en unik, komplex och sl\u00e4t smak. Rika kryddor och n\u00f6tter m\u00f6ter tropiska frukter s\u00e5v\u00e4l som en full smak av kr\u00e4mig fudge. Efter magan \u00e4r l\u00e5ng och rik, och anteckningar av frukter, n\u00f6tter och kryddor g\u00e5r igen.<\/p>\n<p>Vi rekommenderar att denna unika, prisbel\u00f6nta whisky njuter av ren eller med isbitar.<\/p>\n<p>70 cl. \/ 40%<\/p>\n<p>Premier<br \/>\n\u2022 Silver | International Spirits Challenge, 2019<br \/>\n\u2022 Silver | International Wine &#038; Spirits Competition, 2019<br \/>\n\u2022 Silver | International Wine &#038; Spirits Competition, 2018<br \/>\n\u2022 Silver | International Spirits Challenge, 2018<br \/>\n\u2022 guld | The Spirits Business, 2017<br \/>\n\u2022 guld | Global Spirits Masters, 2017<br \/>\n\u2022 Silver | Internationella Spirits Challenge, 2017<\/p>\n<p>Tullamore d.e.w.<br \/>\nDet ursprungliga Tullamore-destilleriet grundades 1829 av Brothers Molloy. Det vidarebefordrades till Daly-familjen som k\u00f6rde f\u00f6retaget till 1890-talet tillsammans med Daniel Edmund Williams, den d\u00e5varande VD.<\/p>\n<p>Namnet p\u00e5 whiskyen firar sitt anor och arv med staden, d\u00e4r den \u00e4r tillverkad, och initialerna p\u00e5 Daniel Edmund Williams (Dew), som blev \u00e4gare till f\u00f6retaget p\u00e5 1890-talet och inspirerade lanseringen av den v\u00e4rldsber\u00f6mda Tullamore DAGG Irl\u00e4ndsk whisky.<\/p>\n","protected":false},"excerpt":{"rendered":"<p>Triple Distilled Irish Whiskey<\/p>\n","protected":false},"featured_media":12386,"template":"","meta":{"_acf_changed":false,"rs_blank_template":"","rs_page_bg_color":"","slide_template_v7":""},"product_brand":[],"product_cat":[2387,4765,4768,2392],"product_tag":[],"class_list":{"0":"post-17159","1":"product","2":"type-product","3":"status-publish","4":"has-post-thumbnail","6":"product_cat-avec-sv","7":"product_cat-blended-sv","8":"product_cat-irish-pot-still-sv","9":"product_cat-whisky-sv","10":"pa_land-irland-sv","11":"pa_procent-40-sv-2","12":"pa_producent-tullamore-dew-sv","13":"pa_region-county-offaly-sv","14":"pa_volume-70-sv-2","16":"first","17":"instock","18":"sale","19":"taxable","20":"shipping-taxable","21":"purchasable","22":"product-type-simple"},"bundled_by":[],"bundle_stock_status":"instock","bundle_stock_quantity":null,"bundle_virtual":false,"bundle_layout":"","bundle_add_to_cart_form_location":"","bundle_editable_in_cart":false,"bundle_sold_individually_context":"","bundle_item_grouping":"","bundle_min_size":"","bundle_max_size":"","bundle_price":[],"bundled_items":[],"bundle_sell_ids":[],"acf":[],"_links":{"self":[{"href":"https:\/\/www.raschvin.com\/sv\/wp-json\/wp\/v2\/product\/17159","targetHints":{"allow":["GET"]}}],"collection":[{"href":"https:\/\/www.raschvin.com\/sv\/wp-json\/wp\/v2\/product"}],"about":[{"href":"https:\/\/www.raschvin.com\/sv\/wp-json\/wp\/v2\/types\/product"}],"wp:featuredmedia":[{"embeddable":true,"href":"https:\/\/www.raschvin.com\/sv\/wp-json\/wp\/v2\/media\/12386"}],"wp:attachment":[{"href":"https:\/\/www.raschvin.com\/sv\/wp-json\/wp\/v2\/media?parent=17159"}],"wp:term":[{"taxonomy":"product_brand","embeddable":true,"href":"https:\/\/www.raschvin.com\/sv\/wp-json\/wp\/v2\/product_brand?post=17159"},{"taxonomy":"product_cat","embeddable":true,"href":"https:\/\/www.raschvin.com\/sv\/wp-json\/wp\/v2\/product_cat?post=17159"},{"taxonomy":"product_tag","embeddable":true,"href":"https:\/\/www.raschvin.com\/sv\/wp-json\/wp\/v2\/product_tag?post=17159"}],"curies":[{"name":"wp","href":"https:\/\/api.w.org\/{rel}","templated":true}]}}