{"id":17156,"date":"2025-01-29T14:13:02","date_gmt":"2025-01-29T13:13:02","guid":{"rendered":"https:\/\/www.raschvin.com\/vare\/captain-morgan-tiki\/"},"modified":"2022-11-08T18:09:12","modified_gmt":"2022-11-08T17:09:12","slug":"captain-morgan-tiki","status":"publish","type":"product","link":"https:\/\/www.raschvin.com\/sv\/produkt\/captain-morgan-tiki\/","title":{"rendered":"Captain Morgan &#8211; Tiki 70 cl. 25%"},"content":{"rendered":"<p>Kapten Morgan Tiki Mango &#038; Pineapple \u00e4r gjord med uts\u00f6kt kapten Morgan-rom och naturlig ananas och mangomag. Dess l\u00e4gre ABV p\u00e5 25% g\u00f6r det perfekt under de l\u00e5nga sommardagarna. Smak av mogna ananas tr\u00e4ffar dig f\u00f6rst, d\u00e5 kommer den sl\u00e4ta och saftiga mangoen till en dubbel fruktig efterbehandling. L\u00e4gg bara till lemonad (och n\u00e5gra goda v\u00e4nner) till tiki timme p\u00e5 nolltid. Kapten Morgan Tiki kommer i en specialdesignad Tiki-formad flaska.<\/p>\n<p>Du kommer att uppleva tropisk tiki-tmag ledd av mogen ananas och saftig mango och ett s\u00f6tt, sl\u00e4t rum med en ren finish och en fruktig eftersmak. Servera b\u00e4st i ett glas med limonad och glass.<\/p>\n","protected":false},"excerpt":{"rendered":"<p>Mango &#038; Pineapple Spirit Drink<\/p>\n","protected":false},"featured_media":12350,"template":"","meta":{"_acf_changed":false,"rs_blank_template":"","rs_page_bg_color":"","slide_template_v7":""},"product_brand":[],"product_cat":[2387,4642,2391],"product_tag":[],"class_list":{"0":"post-17156","1":"product","2":"type-product","3":"status-publish","4":"has-post-thumbnail","6":"product_cat-avec-sv","7":"product_cat-flavoured-rom-sv","8":"product_cat-rom-sv","9":"pa_land-jamaica-sv","10":"pa_procent-25-sv","11":"pa_producent-diago-sv","12":"pa_volume-70-sv-2","14":"first","15":"outofstock","16":"sale","17":"taxable","18":"shipping-taxable","19":"purchasable","20":"product-type-simple"},"bundled_by":[],"bundle_stock_status":"outofstock","bundle_stock_quantity":null,"bundle_virtual":false,"bundle_layout":"","bundle_add_to_cart_form_location":"","bundle_editable_in_cart":false,"bundle_sold_individually_context":"","bundle_item_grouping":"","bundle_min_size":"","bundle_max_size":"","bundle_price":[],"bundled_items":[],"bundle_sell_ids":[],"acf":[],"_links":{"self":[{"href":"https:\/\/www.raschvin.com\/sv\/wp-json\/wp\/v2\/product\/17156","targetHints":{"allow":["GET"]}}],"collection":[{"href":"https:\/\/www.raschvin.com\/sv\/wp-json\/wp\/v2\/product"}],"about":[{"href":"https:\/\/www.raschvin.com\/sv\/wp-json\/wp\/v2\/types\/product"}],"wp:featuredmedia":[{"embeddable":true,"href":"https:\/\/www.raschvin.com\/sv\/wp-json\/wp\/v2\/media\/12350"}],"wp:attachment":[{"href":"https:\/\/www.raschvin.com\/sv\/wp-json\/wp\/v2\/media?parent=17156"}],"wp:term":[{"taxonomy":"product_brand","embeddable":true,"href":"https:\/\/www.raschvin.com\/sv\/wp-json\/wp\/v2\/product_brand?post=17156"},{"taxonomy":"product_cat","embeddable":true,"href":"https:\/\/www.raschvin.com\/sv\/wp-json\/wp\/v2\/product_cat?post=17156"},{"taxonomy":"product_tag","embeddable":true,"href":"https:\/\/www.raschvin.com\/sv\/wp-json\/wp\/v2\/product_tag?post=17156"}],"curies":[{"name":"wp","href":"https:\/\/api.w.org\/{rel}","templated":true}]}}