{"id":17153,"date":"2022-10-02T11:40:31","date_gmt":"2022-10-02T09:40:31","guid":{"rendered":"https:\/\/www.raschvin.com\/vare\/ron-zacapa-23-solera\/"},"modified":"2023-03-16T14:46:32","modified_gmt":"2023-03-16T13:46:32","slug":"ron-zacapa-23-solera","status":"publish","type":"product","link":"https:\/\/www.raschvin.com\/sv\/produkt\/ron-zacapa-23-solera\/","title":{"rendered":"Ron Zacapa Sistema 23 Solera 70 cl. 40%"},"content":{"rendered":"<p>Efter m\u00e5nga smak &#8211; v\u00e4rldens b\u00e4sta Rom. S\u00e5 enkelt kan det s\u00e4gas. Och det \u00e4r verkligen inte riktigt utan anledning. Denna Rom har g\u00e5tt sin seger \u00f6ver hela v\u00e4rlden och speciellt de f\u00f6rsta 4 st\u00e4llena fr\u00e5n 1998 till 2001 i den internationella Rumfestivalen gav resonation. Det \u00e4r ocks\u00e5 det f\u00f6rsta som \u00e4r till\u00e5tet till Hall of Fame f\u00f6r Rom. Rom stammar fr\u00e5n en liten stad med samma namn i Guatemala.<br \/>\nVinering<br \/>\nEfter destillation lagras ROM enligt Solera-metoden med \u00e4ldre \u00e5rg\u00e5ngar som kan vara upp till 23 \u00e5r.<\/p>\n<p>M\u00f6rk gyllene f\u00e4rg med rundad diskarom som drar tankarna i \u00e5ldern och en raffinerad smak<\/p>\n","protected":false},"excerpt":{"rendered":"<p>Guatemala Premium Aged Rum<\/p>\n","protected":false},"featured_media":34511,"template":"","meta":{"_acf_changed":false,"rs_blank_template":"","rs_page_bg_color":"","slide_template_v7":""},"product_brand":[],"product_cat":[2387,4634,2391],"product_tag":[],"class_list":{"0":"post-17153","1":"product","2":"type-product","3":"status-publish","4":"has-post-thumbnail","6":"product_cat-avec-sv","7":"product_cat-premium-aged-sv","8":"product_cat-rom-sv","9":"pa_land-guatemala-sv","10":"pa_procent-40-sv-2","11":"pa_producent-ron-zacapa-sv","12":"pa_volume-70-sv-2","14":"first","15":"outofstock","16":"sale","17":"taxable","18":"shipping-taxable","19":"purchasable","20":"product-type-simple"},"bundled_by":[],"bundle_stock_status":"outofstock","bundle_stock_quantity":null,"bundle_virtual":false,"bundle_layout":"","bundle_add_to_cart_form_location":"","bundle_editable_in_cart":false,"bundle_sold_individually_context":"","bundle_item_grouping":"","bundle_min_size":"","bundle_max_size":"","bundle_price":[],"bundled_items":[],"bundle_sell_ids":[],"acf":[],"_links":{"self":[{"href":"https:\/\/www.raschvin.com\/sv\/wp-json\/wp\/v2\/product\/17153","targetHints":{"allow":["GET"]}}],"collection":[{"href":"https:\/\/www.raschvin.com\/sv\/wp-json\/wp\/v2\/product"}],"about":[{"href":"https:\/\/www.raschvin.com\/sv\/wp-json\/wp\/v2\/types\/product"}],"wp:featuredmedia":[{"embeddable":true,"href":"https:\/\/www.raschvin.com\/sv\/wp-json\/wp\/v2\/media\/34511"}],"wp:attachment":[{"href":"https:\/\/www.raschvin.com\/sv\/wp-json\/wp\/v2\/media?parent=17153"}],"wp:term":[{"taxonomy":"product_brand","embeddable":true,"href":"https:\/\/www.raschvin.com\/sv\/wp-json\/wp\/v2\/product_brand?post=17153"},{"taxonomy":"product_cat","embeddable":true,"href":"https:\/\/www.raschvin.com\/sv\/wp-json\/wp\/v2\/product_cat?post=17153"},{"taxonomy":"product_tag","embeddable":true,"href":"https:\/\/www.raschvin.com\/sv\/wp-json\/wp\/v2\/product_tag?post=17153"}],"curies":[{"name":"wp","href":"https:\/\/api.w.org\/{rel}","templated":true}]}}