{"id":17151,"date":"2022-05-30T11:40:31","date_gmt":"2022-05-30T09:40:31","guid":{"rendered":"https:\/\/www.raschvin.com\/vare\/writers-tears-double-oak\/"},"modified":"2022-12-13T14:12:25","modified_gmt":"2022-12-13T13:12:25","slug":"writers-tears-double-oak","status":"publish","type":"product","link":"https:\/\/www.raschvin.com\/sv\/produkt\/writers-tears-double-oak\/","title":{"rendered":"Writers Tears &#8211; Double Oak 70 cl. 46%"},"content":{"rendered":"<p>Writers&#8217; Tears Double Oak \u00e4r en exklusiv irl\u00e4ndsk whisky gjord av tv\u00e5 olika fat och tv\u00e5 stilar av premium irl\u00e4ndsk whisky. En blandning av Single Pot Still och Single malt irl\u00e4ndsk whisky, lagrad p\u00e5 fd Kentucky bourbonfat och franska Cognacfat. Whiskyn \u00e4r 3 g\u00e5nger destillerad, ej kylfiltrerad och buteljerad till 46 %. Whiskyn \u00e4r en gemensam produkt fr\u00e5n familjen Walsh (Irland) och familjen Legaret (Cognac, Frankrike).<\/p>\n<p>De franska konjakfaten har tidigare inneh\u00e5llit Deau XO-konjak, en produkt \u00e4ven importerad av Mac Y.<\/p>\n<p>Lite om m\u00e4rket:<\/p>\n<p>Walsh Whisky Distillery slog upp portarna f\u00f6r f\u00f6rsta g\u00e5ngen redan 1999. Destilleriet skapades av Bernard och Rosemary Walsh, som som familjef\u00f6retag har \u00e4gnat sitt arbete \u00e5t att \u00e5teruppliva den gamla irl\u00e4ndska whiskytraditionen, och det m\u00e5ste s\u00e4gas att de lyckades med detta!<br \/>\nDe skriver sj\u00e4lva: &#8221;Vi skapar moderna innovationer och uttryck, till gl\u00e4dje f\u00f6r gommar runt om i v\u00e4rlden, med hj\u00e4lp av ur\u00e5ldriga recept fr\u00e5n Irlands gyllene era av whiskydestillation&#8230; V\u00e5r filosofi st\u00f6ds av v\u00e5rt familjemotto Never Say Die. Detta robusta motto, v\u00e5r passion, innovation och v\u00e5r uppm\u00e4rksamhet p\u00e5 detaljer driver v\u00e5r familjedr\u00f6m att skapa ett arv av fantastisk whisky.&#8221;<\/p>\n<p>Doft<\/p>\n<p>S\u00f6t vanilj, kanel, plommon och p\u00e4ron<\/p>\n<p>Smak<\/p>\n<p>Citrusskal, chokladundertoner, kvardr\u00f6jande kryddor<\/p>\n<p>Eftersmak<\/p>\n<p>Elegant, full av smak<\/p>\n","protected":false},"excerpt":{"rendered":"<p>Irish Whiskey &#8211; Aged In American And French Oak <\/p>\n","protected":false},"featured_media":12294,"template":"","meta":{"_acf_changed":false,"rs_blank_template":"","rs_page_bg_color":"","slide_template_v7":""},"product_brand":[],"product_cat":[2387,4768,2392],"product_tag":[],"class_list":{"0":"post-17151","1":"product","2":"type-product","3":"status-publish","4":"has-post-thumbnail","6":"product_cat-avec-sv","7":"product_cat-irish-pot-still-sv","8":"product_cat-whisky-sv","9":"pa_land-irland-sv","10":"pa_procent-46-sv","11":"pa_producent-walsh-whiskey-distillery-sv","12":"pa_region-dublin-sv","13":"pa_volume-70-sv-2","15":"first","16":"instock","17":"taxable","18":"shipping-taxable","19":"purchasable","20":"product-type-simple"},"bundled_by":[],"bundle_stock_status":"instock","bundle_stock_quantity":null,"bundle_virtual":false,"bundle_layout":"","bundle_add_to_cart_form_location":"","bundle_editable_in_cart":false,"bundle_sold_individually_context":"","bundle_item_grouping":"","bundle_min_size":"","bundle_max_size":"","bundle_price":[],"bundled_items":[],"bundle_sell_ids":[],"acf":[],"_links":{"self":[{"href":"https:\/\/www.raschvin.com\/sv\/wp-json\/wp\/v2\/product\/17151","targetHints":{"allow":["GET"]}}],"collection":[{"href":"https:\/\/www.raschvin.com\/sv\/wp-json\/wp\/v2\/product"}],"about":[{"href":"https:\/\/www.raschvin.com\/sv\/wp-json\/wp\/v2\/types\/product"}],"wp:featuredmedia":[{"embeddable":true,"href":"https:\/\/www.raschvin.com\/sv\/wp-json\/wp\/v2\/media\/12294"}],"wp:attachment":[{"href":"https:\/\/www.raschvin.com\/sv\/wp-json\/wp\/v2\/media?parent=17151"}],"wp:term":[{"taxonomy":"product_brand","embeddable":true,"href":"https:\/\/www.raschvin.com\/sv\/wp-json\/wp\/v2\/product_brand?post=17151"},{"taxonomy":"product_cat","embeddable":true,"href":"https:\/\/www.raschvin.com\/sv\/wp-json\/wp\/v2\/product_cat?post=17151"},{"taxonomy":"product_tag","embeddable":true,"href":"https:\/\/www.raschvin.com\/sv\/wp-json\/wp\/v2\/product_tag?post=17151"}],"curies":[{"name":"wp","href":"https:\/\/api.w.org\/{rel}","templated":true}]}}