{"id":17150,"date":"2022-05-30T11:40:31","date_gmt":"2022-05-30T09:40:31","guid":{"rendered":"https:\/\/www.raschvin.com\/vare\/writers-tears-copper-pot\/"},"modified":"2022-12-13T14:06:53","modified_gmt":"2022-12-13T13:06:53","slug":"writers-tears-copper-pot","status":"publish","type":"product","link":"https:\/\/www.raschvin.com\/sv\/produkt\/writers-tears-copper-pot\/","title":{"rendered":"Writers Tears &#8211; Copper Pot 70 cl. 40%"},"content":{"rendered":"<p>Writers&#8217; Tears Copper Pot \u00e4r ett unikt \u00e4ktenskap mellan \u00e5ldrad irl\u00e4ndsk single pot still whisky och irl\u00e4ndsk single malt whisky. 30% single malt och 70% single pot still (ingen grain whisky h\u00e4r). Detta resulterar i en mjuk, behaglig men smakrik whisky. Writers&#8217; Tears destilleras 3 g\u00e5nger, \u00e4r inte r\u00f6kt och mognad p\u00e5 flamberade ex bourbonfat.<\/p>\n<p>Single Malt Whisky \u00e4r, som vi k\u00e4nner den, gjord p\u00e5 m\u00e4ltat korn. Singel Pot still Whsikey, \u00e5 andra sidan, \u00e4r gjord av om\u00e4ltat korn. En irl\u00e4ndsk uppfinning, fr\u00e5n n\u00e4r engelsm\u00e4nnen beskattade m\u00e4ltat korn \u2013 de m\u00e5ste s\u00e4gas vara ett smart drag! Det om\u00e4ltade kornet b\u00e4r flera nyanser av smak fr\u00e5n kornet in i flaskan, vilket ger den alldeles speciella smakupplevelsen man f\u00e5r av en irl\u00e4ndsk Single Pot Still Whisky.<\/p>\n<p>Walsh Whisky startade som whiskyleverant\u00f6r redan 1999. Ett destilleri byggdes upp tillsammans med italienska investerare. men efter en kort tid tillsammans gick familjen Walsh (Bernard och Rosemary) och italienarna skilda v\u00e4gar. De kunde inte komma \u00f6verens om varf\u00f6r de gjorde whisky! Det h\u00e4nde faktiskt innan de sl\u00e4ppte sin egen whisky fr\u00e5n det egna destilleriet. Nu ska Walsh Whisky ist\u00e4llet forts\u00e4tta produktionen precis som tidigare, med ett livsl\u00e5ngt avtal med ett icke namngivet irl\u00e4ndskt destilleri.<\/p>\n<p>Som ett familjef\u00f6retag har Walsh Whisky \u00e4gnat sitt arbete \u00e5t att \u00e5teruppliva den gamla irl\u00e4ndska whiskytraditionen och anstr\u00e4ngt sig f\u00f6r att f\u00e5 tillbaka den p\u00e5 v\u00e4rldskartan.<\/p>\n<p>De skriver sj\u00e4lva: &#8221;Vi skapar moderna innovationer och uttryck med ur\u00e5ldriga recept fr\u00e5n Irlands gyllene era av whiskydestillation&#8230; V\u00e5r filosofi st\u00f6ds av familjens motto &#8211; &#8221;Never Say Die&#8221;! Det robusta mottot, v\u00e5r passion, innovation, liksom uppm\u00e4rksamhet p\u00e5 detaljer driver v\u00e5r familjedr\u00f6m &#8211; att skapa ett arv av fantastisk whisky.&#8221;<\/p>\n<p>Doft<\/p>\n<p>\u00c4pplen och vanilj<\/p>\n<p>Smak<\/p>\n<p>L\u00e4tt kryddig, ingef\u00e4ra och frukttr\u00e4dg\u00e5rd<\/p>\n<p>Eftersmak<\/p>\n<p>L\u00e5ng och elegant och m\u00f6rk choklad<\/p>\n","protected":false},"excerpt":{"rendered":"<p>Irish Whiskey &#8211; Triple Distilled <\/p>\n","protected":false},"featured_media":12281,"template":"","meta":{"_acf_changed":false,"rs_blank_template":"","rs_page_bg_color":"","slide_template_v7":""},"product_brand":[],"product_cat":[2387,4768,2392],"product_tag":[],"class_list":{"0":"post-17150","1":"product","2":"type-product","3":"status-publish","4":"has-post-thumbnail","6":"product_cat-avec-sv","7":"product_cat-irish-pot-still-sv","8":"product_cat-whisky-sv","9":"pa_land-irland-sv","10":"pa_procent-40-sv-2","11":"pa_producent-walsh-whiskey-distillery-sv","12":"pa_region-dublin-sv","13":"pa_volume-70-sv-2","15":"first","16":"instock","17":"taxable","18":"shipping-taxable","19":"purchasable","20":"product-type-simple"},"bundled_by":[],"bundle_stock_status":"instock","bundle_stock_quantity":null,"bundle_virtual":false,"bundle_layout":"","bundle_add_to_cart_form_location":"","bundle_editable_in_cart":false,"bundle_sold_individually_context":"","bundle_item_grouping":"","bundle_min_size":"","bundle_max_size":"","bundle_price":[],"bundled_items":[],"bundle_sell_ids":[],"acf":[],"_links":{"self":[{"href":"https:\/\/www.raschvin.com\/sv\/wp-json\/wp\/v2\/product\/17150","targetHints":{"allow":["GET"]}}],"collection":[{"href":"https:\/\/www.raschvin.com\/sv\/wp-json\/wp\/v2\/product"}],"about":[{"href":"https:\/\/www.raschvin.com\/sv\/wp-json\/wp\/v2\/types\/product"}],"wp:featuredmedia":[{"embeddable":true,"href":"https:\/\/www.raschvin.com\/sv\/wp-json\/wp\/v2\/media\/12281"}],"wp:attachment":[{"href":"https:\/\/www.raschvin.com\/sv\/wp-json\/wp\/v2\/media?parent=17150"}],"wp:term":[{"taxonomy":"product_brand","embeddable":true,"href":"https:\/\/www.raschvin.com\/sv\/wp-json\/wp\/v2\/product_brand?post=17150"},{"taxonomy":"product_cat","embeddable":true,"href":"https:\/\/www.raschvin.com\/sv\/wp-json\/wp\/v2\/product_cat?post=17150"},{"taxonomy":"product_tag","embeddable":true,"href":"https:\/\/www.raschvin.com\/sv\/wp-json\/wp\/v2\/product_tag?post=17150"}],"curies":[{"name":"wp","href":"https:\/\/api.w.org\/{rel}","templated":true}]}}