{"id":17139,"date":"2022-05-30T11:38:54","date_gmt":"2022-05-30T09:38:54","guid":{"rendered":"https:\/\/www.raschvin.com\/vare\/doorlys-14-years-old-rum\/"},"modified":"2022-11-15T17:09:16","modified_gmt":"2022-11-15T16:09:16","slug":"doorlys-14-years-old-rum","status":"publish","type":"product","link":"https:\/\/www.raschvin.com\/sv\/produkt\/doorlys-14-years-old-rum\/","title":{"rendered":"Doorly&#8217;s 14 Years &#8211; Fine Old Barbados Rum 70 cl. 48%"},"content":{"rendered":"<p>Martin Doorly grundade Rom m\u00e4rkt d\u00f6rrklass i b\u00f6rjan av 1920-talet. \u00c5r 1992 k\u00f6ptes Martin Doorly Space av RL Seae.<\/p>\n<p>Destilleriet d\u00e4r d\u00f6rrmen \u00e4r blandad och lagras \u00e4r Foursquare i Barbados &#8211; cirka 350 \u00e5r, och de \u00e4ldsta dokumenten tyder p\u00e5 att den speciella Rom-vinkvarnen som \u00e4r associerad med Molasse-fabriken har varit i produktion sedan 1730. Distilleriet renoverades 1995 och Idag visas som en blandning mellan historien och den nya tekniken. Samtidigt har ROM-skivan f\u00f6rklarats 100% milj\u00f6 r\u00e4tt.<\/p>\n<p>I enlighet med bra Barbados-tradition har inget socker lagts till s\u00f6ta rummet. Destillationsmetoden med b\u00e5de krukstil och kolonnkedja och f\u00f6rvaring, garanterar en naturlig s\u00f6tma och en rik smak.<\/p>\n<p>Utrymmet har producerats p\u00e5 \u00f6n Barbados i mer \u00e4n 300 \u00e5r, men det var bara fr\u00e5n 1906, d\u00e4r rymdplikten antogs att branschen utvecklades, till vad vi vet idag. F\u00f6re destillerad p\u00e5 plantagen, men den nya lagen innebar att destilleriet skulle ha en licens f\u00f6r att s\u00e4lja sin bulk-Rom. M\u00e5nga \u00e5terf\u00f6rs\u00e4ljare i Bridgetown, inklusive Martin Doorly &#038; Co blir knackning, och tillv\u00e4xten b\u00f6rjade. Martin Doorly utvecklad till D\u00f6rrens Macaw Room och blev den f\u00f6rsta flaskan-Rom som exporterades fr\u00e5n \u00f6n.<\/p>\n<p>En annan fantastisk utg\u00e5va fr\u00e5n D\u00f6rrens ROM-serie! D\u00f6rrens 14-\u00e5ringar har \u00f6verv\u00e4gande lagrats i ex bourbonr\u00e4tter, men ocks\u00e5 i ex Madeira blekna, vilket ger en sublim s\u00f6thet. D\u00f6rrens 14-\u00e5riga Barbado rum \u00e4r \u00e4lskad f\u00f6r sin vanilj, Rancios, Orange och Berry Taste Notes.<\/p>\n<p>Doft.<\/p>\n<p>P\u00e5 n\u00e4san hittar du djupa aromer av exotiska frukter och engelska toffee med en l\u00e4tt gingernote<\/p>\n<p>Smak<\/p>\n<p>Smaken \u00e4r rik och dividerad med vanilj, lite Rancio, Orange Zest och Stowed Berries<\/p>\n<p>Eftersmak<\/p>\n<p>Finalen \u00e4r fin l\u00e5ng med kanel och rostat tr\u00e4<\/p>\n<p>Kommentar<\/p>\n<p>&#8211; riktigt gott utrymme. Aromas av vanilj, karamelll, fikon och banan. Vanilj och toffee p\u00e5 gommen med en h\u00e4rlig fruktig anteckning &#8211; i kunde se varf\u00f6r Orange var i flaviarprovningsanteckningarna.<\/p>\n","protected":false},"excerpt":{"rendered":"<p>Premium Aged Rum \u2013 Foursquare Distillery<\/p>\n","protected":false},"featured_media":12186,"template":"","meta":{"_acf_changed":false,"rs_blank_template":"","rs_page_bg_color":"","slide_template_v7":""},"product_brand":[],"product_cat":[2387,4634,2391],"product_tag":[],"class_list":{"0":"post-17139","1":"product","2":"type-product","3":"status-publish","4":"has-post-thumbnail","6":"product_cat-avec-sv","7":"product_cat-premium-aged-sv","8":"product_cat-rom-sv","9":"pa_land-barbados-sv","10":"pa_procent-48-sv","11":"pa_producent-foursquare-sv","12":"pa_volume-70-sv-2","14":"first","15":"instock","16":"sale","17":"taxable","18":"shipping-taxable","19":"purchasable","20":"product-type-simple"},"bundled_by":[],"bundle_stock_status":"instock","bundle_stock_quantity":null,"bundle_virtual":false,"bundle_layout":"","bundle_add_to_cart_form_location":"","bundle_editable_in_cart":false,"bundle_sold_individually_context":"","bundle_item_grouping":"","bundle_min_size":"","bundle_max_size":"","bundle_price":[],"bundled_items":[],"bundle_sell_ids":[],"acf":[],"_links":{"self":[{"href":"https:\/\/www.raschvin.com\/sv\/wp-json\/wp\/v2\/product\/17139","targetHints":{"allow":["GET"]}}],"collection":[{"href":"https:\/\/www.raschvin.com\/sv\/wp-json\/wp\/v2\/product"}],"about":[{"href":"https:\/\/www.raschvin.com\/sv\/wp-json\/wp\/v2\/types\/product"}],"wp:featuredmedia":[{"embeddable":true,"href":"https:\/\/www.raschvin.com\/sv\/wp-json\/wp\/v2\/media\/12186"}],"wp:attachment":[{"href":"https:\/\/www.raschvin.com\/sv\/wp-json\/wp\/v2\/media?parent=17139"}],"wp:term":[{"taxonomy":"product_brand","embeddable":true,"href":"https:\/\/www.raschvin.com\/sv\/wp-json\/wp\/v2\/product_brand?post=17139"},{"taxonomy":"product_cat","embeddable":true,"href":"https:\/\/www.raschvin.com\/sv\/wp-json\/wp\/v2\/product_cat?post=17139"},{"taxonomy":"product_tag","embeddable":true,"href":"https:\/\/www.raschvin.com\/sv\/wp-json\/wp\/v2\/product_tag?post=17139"}],"curies":[{"name":"wp","href":"https:\/\/api.w.org\/{rel}","templated":true}]}}